{"id":702,"date":"2021-02-05T20:30:45","date_gmt":"2021-02-05T20:30:45","guid":{"rendered":"http:\/\/renovepro.com.ar\/?post_type=product&#038;p=702"},"modified":"2026-04-18T20:43:49","modified_gmt":"2026-04-18T20:43:49","slug":"nombre-186","status":"publish","type":"product","link":"https:\/\/renovepro.com.ar\/index.php\/product\/nombre-186\/","title":{"rendered":"COLORACION SIN AMONIACO &#8211; DOCTA &#8211; COALIX PRO"},"content":{"rendered":"<p><strong>COLORACION SIN AMONIACO &#8211; DOCTA &#8211; COLAIX PRO<\/strong><\/p>\n<p>Gracias a su tecnolog\u00eda C_ID: Complejo Inteligente Dual, la Coloraci\u00f3n Docta forma una bi-capa estructural en la superficie del Cuero Cabelludo que refuerza la barrera natural cut\u00e1nea; y optimiza su hidrataci\u00f3n.<\/p>\n<p>Formulaci\u00f3n a base de componentes naturales tales como el Aceite de Macadamia, que le aporta Brillo y Suavidad, la Boswellia, que le proporciona Nutrici\u00f3n al Cuero Cabelludo, Bisabolol que brinda protecci\u00f3n, y Tea Tree que posee agentes antioxidantes que prolongan la duraci\u00f3n del Color.<\/p>\n<p>\ud83c\udf3fProducto sin T.A.C.C<\/p>\n<p><strong>TONOS DISPONIBLES<\/strong>:<\/p>\n<p>1 &#8211; 3 &#8211; 4 &#8211; 5 &#8211; 5.1 &#8211; 5.7 &#8211; 6 &#8211; 6.1 &#8211; 6.3 &#8211; 6.7 &#8211; 7 &#8211; 7.1 &#8211; 7.12 &#8211; 7.2 &#8211; 7.3 &#8211; 7.7 &#8211; 8 &#8211; 8.1 &#8211; 8.3 &#8211; 9 &#8211; 9.1 &#8211; 9.22 &#8211; 9.3 &#8211; 10.1<\/p>\n<p><strong>MODO DE USO<\/strong>: 1 + 1 (60 gramos de Coloraci\u00f3n Docta + 60 ml de Activador Docta)<\/p>\n<p><strong>CON<\/strong><strong>T. NETO:<\/strong> 60g.<\/p>\n<p><strong>MEDIOS DE PAGO:<\/strong>\u00a0Pago por transferencia (Alias RENOVEPRO) &#8211; Mercado Pago &#8211; Tarjetas de cr\u00e9dito (Visa &#8211; MasterCard &#8211; American Express &#8211; Naranja &#8211; Banco Rioja) &#8211; Tarjetas de Debito (Cabal &#8211; Maestro &#8211; Visa &#8211; Banco Rioja) &#8211; GO Cuotas<\/p>\n<p><span class=\"text-accent\"><span class=\"x19la9d6 x1fc57z9 x6ikm8r x10wlt62 x19co3pv x1g5zs5t xfibh0p xiy17q3 x1xsqp64 x1lkfr7t xexx8yu x4uap5 x18d9i69 xkhd6sd\"><span class=\"xrtxmta x1bhl96m\">\ud83d\ude9b\u00a0<\/span><\/span><strong>ENVIO GRATIS<\/strong><\/span>\u00a0en la provincia de La Rioja,\u00a0<span class=\"js-shipping-minimum-label\">superando\u00a0<\/span><span class=\"js-shipping-minimum-label\">los $150.000,00. El envi\u00f3 para otras provincias ser\u00e1 por correo argentino o por transporte a convenir, a cargo del comprador.<\/span><\/p>\n","protected":false},"excerpt":{"rendered":"<p>COLORACION SIN AMONIACO &#8211; DOCTA &#8211; COLAIX PRO Gracias a su tecnolog\u00eda C_ID: Complejo Inteligente Dual, la Coloraci\u00f3n Docta forma una bi-capa estructural en la superficie del Cuero Cabelludo que refuerza la<a class=\"moretag\" href=\"https:\/\/renovepro.com.ar\/index.php\/product\/nombre-186\/\">Read More&#8230;<\/a><\/p>\n","protected":false},"featured_media":3702,"comment_status":"open","ping_status":"closed","template":"","meta":[],"product_brand":[],"product_cat":[62],"product_tag":[232],"class_list":{"0":"post-702","1":"product","2":"type-product","3":"status-publish","4":"has-post-thumbnail","6":"product_cat-tinturas-oxidantes","7":"product_tag-n474","9":"first","10":"instock","11":"sale","12":"shipping-taxable","13":"purchasable","14":"product-type-simple"},"jetpack_sharing_enabled":true,"_links":{"self":[{"href":"https:\/\/renovepro.com.ar\/index.php\/wp-json\/wp\/v2\/product\/702","targetHints":{"allow":["GET"]}}],"collection":[{"href":"https:\/\/renovepro.com.ar\/index.php\/wp-json\/wp\/v2\/product"}],"about":[{"href":"https:\/\/renovepro.com.ar\/index.php\/wp-json\/wp\/v2\/types\/product"}],"replies":[{"embeddable":true,"href":"https:\/\/renovepro.com.ar\/index.php\/wp-json\/wp\/v2\/comments?post=702"}],"wp:featuredmedia":[{"embeddable":true,"href":"https:\/\/renovepro.com.ar\/index.php\/wp-json\/wp\/v2\/media\/3702"}],"wp:attachment":[{"href":"https:\/\/renovepro.com.ar\/index.php\/wp-json\/wp\/v2\/media?parent=702"}],"wp:term":[{"taxonomy":"product_brand","embeddable":true,"href":"https:\/\/renovepro.com.ar\/index.php\/wp-json\/wp\/v2\/product_brand?post=702"},{"taxonomy":"product_cat","embeddable":true,"href":"https:\/\/renovepro.com.ar\/index.php\/wp-json\/wp\/v2\/product_cat?post=702"},{"taxonomy":"product_tag","embeddable":true,"href":"https:\/\/renovepro.com.ar\/index.php\/wp-json\/wp\/v2\/product_tag?post=702"}],"curies":[{"name":"wp","href":"https:\/\/api.w.org\/{rel}","templated":true}]}}