{"id":696,"date":"2021-02-05T20:26:20","date_gmt":"2021-02-05T20:26:20","guid":{"rendered":"http:\/\/renovepro.com.ar\/?post_type=product&#038;p=696"},"modified":"2026-04-18T20:44:04","modified_gmt":"2026-04-18T20:44:04","slug":"nombre-180","status":"publish","type":"product","link":"https:\/\/renovepro.com.ar\/index.php\/product\/nombre-180\/","title":{"rendered":"COLORACION COSMETICA PERMANENTE &#8211; CEFALU"},"content":{"rendered":"<p><strong>COLORACION COSMETICA PERMANENTE &#8211; CEFALU\u00a0<\/strong><\/p>\n<p>Coloraci\u00f3n Profesional Innovadora en crema formulada con plex, aceite de arg\u00e1n y aceite de macadamia. 100% efectiva sobre cabellos blancos.<\/p>\n<p><strong>MODO DE USO<\/strong>: Vierta el contenido del pomo de COLORACI\u00d3N CEFALU. Agregue 112,5 ml. de Crema Oxidante Cefalu (10, 20, 30 o 40 vol., seg\u00fan el tono deseado). Mezcle con pincel hasta obtener una crema homog\u00e9nea. La mezcla act\u00faa s\u00f3lo durante 40 minutos: aplicar inmediatamente una vez preparada.<\/p>\n<p>En cabellos v\u00edrgenes: aplicar en medios y puntas y dejar actuar 20 min. Luego, aplicar en las ra\u00edces y dejar actuar 40 minutos m\u00e1s y luego enjuagar.<\/p>\n<div>En cabellos te\u00f1idos o retoques de ra\u00edz: aplicar en las ra\u00edces y dejar actuar 20 min. Luego extender a largos y puntas d\u00e1ndoles el tiempo de exposici\u00f3n necesario para equilibrar el color. Enjuagar bien.<\/div>\n<div><\/div>\n<div><b>TONOS DISPONIBLES<\/b><\/div>\n<div><\/div>\n<div>1 &#8211; 3 &#8211; 4 &#8211;\u00a0 5 &#8211; 5.1 &#8211; 5.53 &#8211; 5.66 &#8211; 5.7 &#8211;\u00a0 6 &#8211; 6.1 &#8211; 6.3 &#8211; 6.35 &#8211; 6.4 &#8211; 6.66 &#8211; 6.7 &#8211;\u00a0 7 &#8211; 7.1 &#8211; 7.3 &#8211;\u00a0 7.31 &#8211; 7.32 &#8211; 7.5 &#8211; 7.66 &#8211; 7.7 &#8211;\u00a0 8 &#8211; 8.1 &#8211; 8.2 &#8211; 8.21 &#8211; 8.3 &#8211; 8.32 &#8211; 8.4 &#8211;\u00a0 9 &#8211; 9.1 &#8211; 9.11 &#8211; 9.2 &#8211;\u00a0 9.21 &#8211; 9.22 &#8211; 9.3 &#8211; 9.31 &#8211; 10 &#8211; 10.1 &#8211; 10.11 &#8211; 10.21 &#8211; 10.22 &#8211; 12 &#8211; 12.1 &#8211; 12.11 &#8211; 12.22<\/div>\n<div><\/div>\n<div><\/div>\n<div><b>PREPARACION<\/b>\u00a01 x 1.5<\/div>\n<p>&nbsp;<\/p>\n<p><strong>CON<\/strong><strong>T. NETO:<\/strong> 75g.<\/p>\n<p><strong>MEDIOS DE PAGO:<\/strong>\u00a0Pago por transferencia (Alias RENOVEPRO) &#8211; Mercado Pago &#8211; Tarjetas de cr\u00e9dito (Visa &#8211; MasterCard &#8211; American Express &#8211; Naranja &#8211; Banco Rioja) &#8211; Tarjetas de Debito (Cabal &#8211; Maestro &#8211; Visa &#8211; Banco Rioja) &#8211; GO Cuotas<\/p>\n<p><span class=\"text-accent\"><span class=\"x19la9d6 x1fc57z9 x6ikm8r x10wlt62 x19co3pv x1g5zs5t xfibh0p xiy17q3 x1xsqp64 x1lkfr7t xexx8yu x4uap5 x18d9i69 xkhd6sd\"><span class=\"xrtxmta x1bhl96m\">\ud83d\ude9b\u00a0<\/span><\/span><strong>ENVIO GRATIS<\/strong><\/span>\u00a0en la provincia de La Rioja,\u00a0<span class=\"js-shipping-minimum-label\">superando\u00a0<\/span><span class=\"js-shipping-minimum-label\">los $150.000,00. El envi\u00f3 para otras provincias ser\u00e1 por correo argentino o por transporte a convenir, a cargo del comprador.<\/span><\/p>\n","protected":false},"excerpt":{"rendered":"<p>COLORACION COSMETICA PERMANENTE &#8211; CEFALU\u00a0 Coloraci\u00f3n Profesional Innovadora en crema formulada con plex, aceite de arg\u00e1n y aceite de macadamia. 100% efectiva sobre cabellos blancos. MODO DE USO: Vierta el contenido del<a class=\"moretag\" href=\"https:\/\/renovepro.com.ar\/index.php\/product\/nombre-180\/\">Read More&#8230;<\/a><\/p>\n","protected":false},"featured_media":3703,"comment_status":"open","ping_status":"closed","template":"","meta":[],"product_brand":[],"product_cat":[62],"product_tag":[226],"class_list":{"0":"post-696","1":"product","2":"type-product","3":"status-publish","4":"has-post-thumbnail","6":"product_cat-tinturas-oxidantes","7":"product_tag-n454","9":"first","10":"instock","11":"sale","12":"shipping-taxable","13":"purchasable","14":"product-type-simple"},"jetpack_sharing_enabled":true,"_links":{"self":[{"href":"https:\/\/renovepro.com.ar\/index.php\/wp-json\/wp\/v2\/product\/696","targetHints":{"allow":["GET"]}}],"collection":[{"href":"https:\/\/renovepro.com.ar\/index.php\/wp-json\/wp\/v2\/product"}],"about":[{"href":"https:\/\/renovepro.com.ar\/index.php\/wp-json\/wp\/v2\/types\/product"}],"replies":[{"embeddable":true,"href":"https:\/\/renovepro.com.ar\/index.php\/wp-json\/wp\/v2\/comments?post=696"}],"wp:featuredmedia":[{"embeddable":true,"href":"https:\/\/renovepro.com.ar\/index.php\/wp-json\/wp\/v2\/media\/3703"}],"wp:attachment":[{"href":"https:\/\/renovepro.com.ar\/index.php\/wp-json\/wp\/v2\/media?parent=696"}],"wp:term":[{"taxonomy":"product_brand","embeddable":true,"href":"https:\/\/renovepro.com.ar\/index.php\/wp-json\/wp\/v2\/product_brand?post=696"},{"taxonomy":"product_cat","embeddable":true,"href":"https:\/\/renovepro.com.ar\/index.php\/wp-json\/wp\/v2\/product_cat?post=696"},{"taxonomy":"product_tag","embeddable":true,"href":"https:\/\/renovepro.com.ar\/index.php\/wp-json\/wp\/v2\/product_tag?post=696"}],"curies":[{"name":"wp","href":"https:\/\/api.w.org\/{rel}","templated":true}]}}