{"id":694,"date":"2021-02-05T20:24:55","date_gmt":"2021-02-05T20:24:55","guid":{"rendered":"http:\/\/renovepro.com.ar\/?post_type=product&#038;p=694"},"modified":"2026-04-18T20:44:48","modified_gmt":"2026-04-18T20:44:48","slug":"nombre-178","status":"publish","type":"product","link":"https:\/\/renovepro.com.ar\/index.php\/product\/nombre-178\/","title":{"rendered":"COLORACION &#8211; COLOR MASTER PREMIUM &#8211; FIDELITE"},"content":{"rendered":"<p><strong>COLORACION &#8211; COLOR MASTER PREMIUM &#8211; FIDELITE<\/strong><\/p>\n<p>Coloraci\u00f3n Profesional Innovadora en crema. F\u00f3rmula 4 by 4: color tratante &#8211; color duradero &#8211; color intenso &#8211; color brillante. Cuida el cabello mientras lo ti\u00f1e. 100% efectiva sobre cabellos blancos.<\/p>\n<p><strong>MODO DE USO<\/strong>: Vierta el contenido del pomo de COLORACI\u00d3N COLORMASTER en un bol no met\u00e1lico. Agregue 90 ml. de REVELADOR EN CREMA COLORMASTER (20 o 30 vol., seg\u00fan el tono deseado). Mezcle con pincel hasta obtener una crema homog\u00e9nea. La mezcla act\u00faa s\u00f3lo durante 40 minutos: aplicar inmediatamente una vez preparada.<\/p>\n<p>En cabellos v\u00edrgenes: aplicar en medios y puntas y dejar actuar 20 min. Luego, aplicar en las ra\u00edces y dejar actuar 40 min. m\u00e1s. Enjuagar.<\/p>\n<div>En cabellos te\u00f1idos o retoques de ra\u00edz: aplicar en las ra\u00edces y dejar actuar 20 min. Luego extender a largos y puntas d\u00e1ndoles el tiempo de exposici\u00f3n necesario para equilibrar el color. Enjuagar bien.<\/div>\n<div><\/div>\n<div>Los Aclarantes: aclaran hasta 3 tonos. Se mezclan con REVELADOR EN CREMA COLORMASTER de 30 vol., proporci\u00f3n 1+1,5. S\u00f3lo deben aplicarse en los cabellos sin coloraci\u00f3n a partir de un casta\u00f1o claro.<\/div>\n<div><\/div>\n<div><b>TONOS DISPONIBLES<\/b><\/div>\n<div><\/div>\n<div>1 &#8211; 3 &#8211; 4 &#8211; 4.5 &#8211; 5 &#8211; 5.0 &#8211; 5.1 &#8211; 5.11 &#8211; 5.2 &#8211; 5.22 &#8211; 5.3 &#8211; 5.33 &#8211; 5.5 &#8211; 5.62 &#8211; 5.64 &#8211; 5.66R &#8211; 5.8C &#8211; 5.8 F &#8211; 6 &#8211; 6.0 &#8211; 6.1 &#8211; 6.11 &#8211; 6.2 &#8211; 6.22 &#8211; 6.3 &#8211; 6.31 &#8211; 6.33 &#8211; 6.34 &#8211; 6.4 &#8211; 6.45 &#8211; 6.46 &#8211; 6.5 &#8211; 6.6 &#8211; 6.62 &#8211; 6.66R &#8211; 6.7 &#8211; 6.8 C &#8211; 6.8 F &#8211; 7 &#8211; 7.0 &#8211; 7.1 &#8211; 7.11 &#8211; 7.2 &#8211; 7.3 &#8211; 7.31 &#8211; 7.33 &#8211; 7.34 &#8211; 7.4 &#8211; 7.45 &#8211; 7.46 &#8211; 7.62 &#8211; 7.66R &#8211; 7.7 &#8211; 7.8 C &#8211; 7.8F &#8211; 8 &#8211; 8.0 &#8211; 8.1 &#8211; 8.11 &#8211; 8.12 &#8211; 8.2 &#8211; 8.3 &#8211; 8.31 &#8211; 8.33 &#8211; 8.34 &#8211; 8.4 &#8211; 8.7 &#8211; 8.8 C &#8211; 8.8 F &#8211; 9 &#8211; 9.0 &#8211; 9.1 &#8211; 9.11 &#8211; 9.12 &#8211; 9.3 &#8211; 9.33 &#8211; 9.31 &#8211; 9.7 &#8211; 10 &#8211; 10.1 &#8211; 10.11 &#8211; 10.2 &#8211; 10.3 &#8211; 10.4 &#8211; 100.0 &#8211; 100.1 &#8211; 100.2 &#8211; 100.3<\/div>\n<div><\/div>\n<div><strong>INTENSIFICADORES<\/strong><\/div>\n<div><\/div>\n<div>0.11 &#8211; 0.22 &#8211; 0.33 &#8211; 0.44 &#8211; 0.66 &#8211; 0.77 &#8211; 0.12 &#8211; 0.631<\/div>\n<div><\/div>\n<div><strong>TONALIDADES FANTASIAS<\/strong><\/div>\n<div><\/div>\n<div>Gris Oscuro &#8211; Gris Claro &#8211; Gris Extra Claro &#8211; Violeta &#8211; Rojo &#8211; Fucsia &#8211; Rosa &#8211; Verde &#8211; Naranja &#8211; Azul &#8211; Celeste &#8211; Amarillo<\/div>\n<div><\/div>\n<div><b>PREPARACION<\/b>\u00a01 x 1.5<\/div>\n<div><\/div>\n<p><strong>CON<\/strong><strong>T. NETO:<\/strong> 60g.<\/p>\n<p><strong>MEDIOS DE PAGO:<\/strong>\u00a0Pago por transferencia (Alias RENOVEPRO) &#8211; Mercado Pago &#8211; Tarjetas de cr\u00e9dito (Visa &#8211; MasterCard &#8211; American Express &#8211; Naranja &#8211; Banco Rioja) &#8211; Tarjetas de Debito (Cabal &#8211; Maestro &#8211; Visa &#8211; Banco Rioja) &#8211; GO Cuotas<\/p>\n<p><span class=\"text-accent\"><span class=\"x19la9d6 x1fc57z9 x6ikm8r x10wlt62 x19co3pv x1g5zs5t xfibh0p xiy17q3 x1xsqp64 x1lkfr7t xexx8yu x4uap5 x18d9i69 xkhd6sd\"><span class=\"xrtxmta x1bhl96m\">\ud83d\ude9b\u00a0<\/span><\/span><strong>ENVIO GRATIS<\/strong><\/span>\u00a0en la provincia de La Rioja,\u00a0<span class=\"js-shipping-minimum-label\">superando\u00a0<\/span><span class=\"js-shipping-minimum-label\">los $150.000,00. El envi\u00f3 para otras provincias ser\u00e1 por correo argentino o por transporte a convenir, a cargo del comprador.<\/span><\/p>\n","protected":false},"excerpt":{"rendered":"<p>COLORACION &#8211; COLOR MASTER PREMIUM &#8211; FIDELITE Coloraci\u00f3n Profesional Innovadora en crema. F\u00f3rmula 4 by 4: color tratante &#8211; color duradero &#8211; color intenso &#8211; color brillante. Cuida el cabello mientras lo<a class=\"moretag\" href=\"https:\/\/renovepro.com.ar\/index.php\/product\/nombre-178\/\">Read More&#8230;<\/a><\/p>\n","protected":false},"featured_media":3705,"comment_status":"open","ping_status":"closed","template":"","meta":[],"product_brand":[],"product_cat":[62],"product_tag":[224],"class_list":{"0":"post-694","1":"product","2":"type-product","3":"status-publish","4":"has-post-thumbnail","6":"product_cat-tinturas-oxidantes","7":"product_tag-n450","9":"first","10":"instock","11":"sale","12":"shipping-taxable","13":"purchasable","14":"product-type-simple"},"jetpack_sharing_enabled":true,"_links":{"self":[{"href":"https:\/\/renovepro.com.ar\/index.php\/wp-json\/wp\/v2\/product\/694","targetHints":{"allow":["GET"]}}],"collection":[{"href":"https:\/\/renovepro.com.ar\/index.php\/wp-json\/wp\/v2\/product"}],"about":[{"href":"https:\/\/renovepro.com.ar\/index.php\/wp-json\/wp\/v2\/types\/product"}],"replies":[{"embeddable":true,"href":"https:\/\/renovepro.com.ar\/index.php\/wp-json\/wp\/v2\/comments?post=694"}],"wp:featuredmedia":[{"embeddable":true,"href":"https:\/\/renovepro.com.ar\/index.php\/wp-json\/wp\/v2\/media\/3705"}],"wp:attachment":[{"href":"https:\/\/renovepro.com.ar\/index.php\/wp-json\/wp\/v2\/media?parent=694"}],"wp:term":[{"taxonomy":"product_brand","embeddable":true,"href":"https:\/\/renovepro.com.ar\/index.php\/wp-json\/wp\/v2\/product_brand?post=694"},{"taxonomy":"product_cat","embeddable":true,"href":"https:\/\/renovepro.com.ar\/index.php\/wp-json\/wp\/v2\/product_cat?post=694"},{"taxonomy":"product_tag","embeddable":true,"href":"https:\/\/renovepro.com.ar\/index.php\/wp-json\/wp\/v2\/product_tag?post=694"}],"curies":[{"name":"wp","href":"https:\/\/api.w.org\/{rel}","templated":true}]}}