{"id":693,"date":"2021-02-05T20:24:02","date_gmt":"2021-02-05T20:24:02","guid":{"rendered":"http:\/\/renovepro.com.ar\/?post_type=product&#038;p=693"},"modified":"2026-04-18T20:45:10","modified_gmt":"2026-04-18T20:45:10","slug":"nombre-177","status":"publish","type":"product","link":"https:\/\/renovepro.com.ar\/index.php\/product\/nombre-177\/","title":{"rendered":"COLORACION &#8211; COALIX PRO"},"content":{"rendered":"<p><strong>COLORACION &#8211; COALIX PRO<\/strong><\/p>\n<p>La Coloraci\u00f3n Profesional en Crema esta especialmente formulada para lograr un cubrimiento exacto de Cabellos Blancos, con una importante durabilidad, excelente cosmeticidad y brillo.<\/p>\n<p>Con vitaminas antioxidantes y filtro solar, presentes en su formulaci\u00f3n permiten el cuidado integral del Cabello, reparando parte del da\u00f1o causado por los radicales libres, aportando desde su formulaci\u00f3n soluciones que mejoran el estado final de la Fibra Capilar dej\u00e1ndola sedosa, sana y con brillo.<\/p>\n<p>Producto sin T.A.C.C<\/p>\n<p><strong>TONOS DISPONIBLES<\/strong>:<\/p>\n<p>1 &#8211; 3 &#8211; 4 &#8211; 5 &#8211; 6 &#8211; 7 &#8211; 8 &#8211; 9 &#8211; 10 &#8211; 12 &#8211; 1.1 &#8211; 3.52 &#8211; 4.1 &#8211; 4.66i &#8211; 5.1 &#8211; 5.11 &#8211; 5.14 &#8211; 5.3 &#8211; 5.4 &#8211; 5.41 &#8211; 5.52 &#8211; 5.66 &#8211; 5.66i &#8211; 5.7A &#8211; 6.1 &#8211; 6.12 &#8211; 6.14 &#8211; 6.2 &#8211; 6.23 &#8211; 6.3 &#8211; 6.31 &#8211; 6.35 &#8211; 6.64 &#8211; 6.66 &#8211; 6.66i &#8211; 6.7A &#8211; 7.0 &#8211; 7.1 &#8211; 7.11 &#8211; 7.12 &#8211; 7.13 &#8211; 7.14 &#8211; 7.23 &#8211; 7.26 &#8211; 7.3 &#8211; 7.32 &#8211; 7.4 &#8211; 7.62 &#8211; 8.0 &#8211; 8.01 &#8211; 8.1 &#8211; 8.11 &#8211; 8.13 &#8211; 8.14 &#8211; 8.2 &#8211; 8.21 &#8211; 8.3 &#8211; 8.32 &#8211; 8.40 &#8211; 8.7 A &#8211; 9.0 &#8211; 9.01 &#8211; 9.1 &#8211; 9.11 &#8211; 9.21 &#8211; 9.22 &#8211; 9.3 &#8211; 9.31 &#8211; 9.33 &#8211; 10.1 &#8211; 10.12 &#8211; 10.13 &#8211; 10.2 &#8211; 100.0 &#8211; 100.01 &#8211; 100.1 &#8211; Az Pl &#8211; C.Acl<\/p>\n<p><strong>MODO DE USO<\/strong>: 1 + 1 1\/2.<\/p>\n<p><strong>CON<\/strong><strong>T. NETO:<\/strong> 60g.<\/p>\n<p><strong>MEDIOS DE PAGO:<\/strong>\u00a0Pago por transferencia (Alias RENOVEPRO) &#8211; Mercado Pago &#8211; Tarjetas de cr\u00e9dito (Visa &#8211; MasterCard &#8211; American Express &#8211; Naranja &#8211; Banco Rioja) &#8211; Tarjetas de Debito (Cabal &#8211; Maestro &#8211; Visa &#8211; Banco Rioja) &#8211; GO Cuotas<\/p>\n<p><span class=\"text-accent\"><span class=\"x19la9d6 x1fc57z9 x6ikm8r x10wlt62 x19co3pv x1g5zs5t xfibh0p xiy17q3 x1xsqp64 x1lkfr7t xexx8yu x4uap5 x18d9i69 xkhd6sd\"><span class=\"xrtxmta x1bhl96m\">\ud83d\ude9b\u00a0<\/span><\/span><strong>ENVIO GRATIS<\/strong><\/span>\u00a0en la provincia de La Rioja,\u00a0<span class=\"js-shipping-minimum-label\">superando\u00a0<\/span><span class=\"js-shipping-minimum-label\">los $150.000,00. El envi\u00f3 para otras provincias ser\u00e1 por correo argentino o por transporte a convenir, a cargo del comprador.<\/span><\/p>\n<p>&nbsp;<\/p>\n","protected":false},"excerpt":{"rendered":"<p>COLORACION &#8211; COALIX PRO La Coloraci\u00f3n Profesional en Crema esta especialmente formulada para lograr un cubrimiento exacto de Cabellos Blancos, con una importante durabilidad, excelente cosmeticidad y brillo. Con vitaminas antioxidantes y<a class=\"moretag\" href=\"https:\/\/renovepro.com.ar\/index.php\/product\/nombre-177\/\">Read More&#8230;<\/a><\/p>\n","protected":false},"featured_media":3704,"comment_status":"open","ping_status":"closed","template":"","meta":[],"product_brand":[],"product_cat":[62],"product_tag":[223],"class_list":{"0":"post-693","1":"product","2":"type-product","3":"status-publish","4":"has-post-thumbnail","6":"product_cat-tinturas-oxidantes","7":"product_tag-n442","9":"first","10":"instock","11":"sale","12":"shipping-taxable","13":"purchasable","14":"product-type-simple"},"jetpack_sharing_enabled":true,"_links":{"self":[{"href":"https:\/\/renovepro.com.ar\/index.php\/wp-json\/wp\/v2\/product\/693","targetHints":{"allow":["GET"]}}],"collection":[{"href":"https:\/\/renovepro.com.ar\/index.php\/wp-json\/wp\/v2\/product"}],"about":[{"href":"https:\/\/renovepro.com.ar\/index.php\/wp-json\/wp\/v2\/types\/product"}],"replies":[{"embeddable":true,"href":"https:\/\/renovepro.com.ar\/index.php\/wp-json\/wp\/v2\/comments?post=693"}],"wp:featuredmedia":[{"embeddable":true,"href":"https:\/\/renovepro.com.ar\/index.php\/wp-json\/wp\/v2\/media\/3704"}],"wp:attachment":[{"href":"https:\/\/renovepro.com.ar\/index.php\/wp-json\/wp\/v2\/media?parent=693"}],"wp:term":[{"taxonomy":"product_brand","embeddable":true,"href":"https:\/\/renovepro.com.ar\/index.php\/wp-json\/wp\/v2\/product_brand?post=693"},{"taxonomy":"product_cat","embeddable":true,"href":"https:\/\/renovepro.com.ar\/index.php\/wp-json\/wp\/v2\/product_cat?post=693"},{"taxonomy":"product_tag","embeddable":true,"href":"https:\/\/renovepro.com.ar\/index.php\/wp-json\/wp\/v2\/product_tag?post=693"}],"curies":[{"name":"wp","href":"https:\/\/api.w.org\/{rel}","templated":true}]}}