{"id":686,"date":"2021-02-05T20:19:06","date_gmt":"2021-02-05T20:19:06","guid":{"rendered":"http:\/\/renovepro.com.ar\/?post_type=product&#038;p=686"},"modified":"2025-10-28T17:58:45","modified_gmt":"2025-10-28T17:58:45","slug":"nombre-170","status":"publish","type":"product","link":"https:\/\/renovepro.com.ar\/index.php\/product\/nombre-170\/","title":{"rendered":"POLVO DECOLORANTE PROFESIONAL &#8211; CELESTE &#8211; KERATOTEK"},"content":{"rendered":"<p><strong>POLVO DECOLORANTE PROFESIONAL &#8211; CELESTE &#8211; KERATOTEK<br \/>\n<\/strong><\/p>\n<p>Producto de alta performance que deja la Fibra Capilar con suavidad y brillo sin alterar su Textura.<\/p>\n<ul>\n<li>Poder de aclaraci\u00f3n hasta 7 tonos.<\/li>\n<li>Tiempo de exposici\u00f3n hasta 60\u2019.<\/li>\n<li>Ultra r\u00e1pido.<\/li>\n<\/ul>\n<p>T\u00e9cnicas de aplicaci\u00f3n:<\/p>\n<ul>\n<li>\u00a0Decoloraci\u00f3n<\/li>\n<li>Planos de Decapage<\/li>\n<li>Cr\u00e9ative Coloraci\u00f3n<\/li>\n<\/ul>\n<p><strong>MODO DE USO: <\/strong>Verter el Polvo Decolorante Celeste Keratotek en un recipiente y agregar Crema Oxidante, los vol\u00famenes y la cantidad de acuerdo a la t\u00e9cnica a utilizar. Mezclar batiendo suavemente (con esp\u00e1tula) hasta llegar a la consistencia deseada. Aplicar sobre Cabellos secos y no lavados.<\/p>\n<p><strong>CON<\/strong><strong>T. NETO:<\/strong> 700g.<\/p>\n<p><strong>MEDIOS DE PAGO:<\/strong>\u00a0Pago por transferencia (Alias RENOVEPRO) &#8211; Mercado Pago &#8211; Tarjetas de cr\u00e9dito (Visa &#8211; MasterCard &#8211; American Express &#8211; Naranja &#8211; Banco Rioja) &#8211; Tarjetas de Debito (Cabal &#8211; Maestro &#8211; Visa &#8211; Banco Rioja) &#8211; GO Cuotas<\/p>\n<p><span class=\"text-accent\"><span class=\"x19la9d6 x1fc57z9 x6ikm8r x10wlt62 x19co3pv x1g5zs5t xfibh0p xiy17q3 x1xsqp64 x1lkfr7t xexx8yu x4uap5 x18d9i69 xkhd6sd\"><span class=\"xrtxmta x1bhl96m\">\ud83d\ude9b\u00a0<\/span><\/span><strong>ENVIO GRATIS<\/strong><\/span>\u00a0en la provincia de La Rioja,\u00a0<span class=\"js-shipping-minimum-label\">superando\u00a0<\/span><span class=\"js-shipping-minimum-label\">los $150.000,00. El envi\u00f3 para otras provincias ser\u00e1 por correo argentino o por transporte a convenir, a cargo del comprador.<\/span><\/p>\n","protected":false},"excerpt":{"rendered":"<p>POLVO DECOLORANTE PROFESIONAL &#8211; CELESTE &#8211; KERATOTEK Producto de alta performance que deja la Fibra Capilar con suavidad y brillo sin alterar su Textura. Poder de aclaraci\u00f3n hasta 7 tonos. Tiempo de<a class=\"moretag\" href=\"https:\/\/renovepro.com.ar\/index.php\/product\/nombre-170\/\">Read More&#8230;<\/a><\/p>\n","protected":false},"featured_media":2033,"comment_status":"open","ping_status":"closed","template":"","meta":[],"product_brand":[],"product_cat":[64],"product_tag":[216],"class_list":{"0":"post-686","1":"product","2":"type-product","3":"status-publish","4":"has-post-thumbnail","6":"product_cat-polvos-decolorantes","7":"product_tag-n426","9":"first","10":"instock","11":"sale","12":"shipping-taxable","13":"purchasable","14":"product-type-simple"},"jetpack_sharing_enabled":true,"_links":{"self":[{"href":"https:\/\/renovepro.com.ar\/index.php\/wp-json\/wp\/v2\/product\/686","targetHints":{"allow":["GET"]}}],"collection":[{"href":"https:\/\/renovepro.com.ar\/index.php\/wp-json\/wp\/v2\/product"}],"about":[{"href":"https:\/\/renovepro.com.ar\/index.php\/wp-json\/wp\/v2\/types\/product"}],"replies":[{"embeddable":true,"href":"https:\/\/renovepro.com.ar\/index.php\/wp-json\/wp\/v2\/comments?post=686"}],"wp:featuredmedia":[{"embeddable":true,"href":"https:\/\/renovepro.com.ar\/index.php\/wp-json\/wp\/v2\/media\/2033"}],"wp:attachment":[{"href":"https:\/\/renovepro.com.ar\/index.php\/wp-json\/wp\/v2\/media?parent=686"}],"wp:term":[{"taxonomy":"product_brand","embeddable":true,"href":"https:\/\/renovepro.com.ar\/index.php\/wp-json\/wp\/v2\/product_brand?post=686"},{"taxonomy":"product_cat","embeddable":true,"href":"https:\/\/renovepro.com.ar\/index.php\/wp-json\/wp\/v2\/product_cat?post=686"},{"taxonomy":"product_tag","embeddable":true,"href":"https:\/\/renovepro.com.ar\/index.php\/wp-json\/wp\/v2\/product_tag?post=686"}],"curies":[{"name":"wp","href":"https:\/\/api.w.org\/{rel}","templated":true}]}}