{"id":591,"date":"2021-02-05T12:51:22","date_gmt":"2021-02-05T12:51:22","guid":{"rendered":"http:\/\/renovepro.com.ar\/?post_type=product&#038;p=591"},"modified":"2025-12-12T18:43:57","modified_gmt":"2025-12-12T18:43:57","slug":"nombre-92","status":"publish","type":"product","link":"https:\/\/renovepro.com.ar\/index.php\/product\/nombre-92\/","title":{"rendered":"POLVO DECOLORANTE DESAMARILLADOR VIOLET &#8211; KERATOTEK"},"content":{"rendered":"<p><strong>POLVO DECOLORANTE DESAMARILLADOR VIOLET &#8211; KERATOTEK<\/strong><\/p>\n<p>Producto de alta performance que deja la Fibra Capilar con suavidad y brillo sin alterar su Textura.<\/p>\n<ul>\n<li>Poder de aclaraci\u00f3n hasta 7 tonos.<\/li>\n<li>Tiempo de exposici\u00f3n hasta 60\u2019.<\/li>\n<li>Efecto desamarillador.<\/li>\n<\/ul>\n<p>T\u00e9cnicas de aplicaci\u00f3n:<\/p>\n<ul>\n<li>\u00a0Decoloraci\u00f3n<\/li>\n<li>Planos de Decapage<\/li>\n<li>Cr\u00e9ative Coloraci\u00f3n<\/li>\n<\/ul>\n<p><strong>Modo de Uso: <\/strong>Verter el Polvo Decolorante Violeta Keratotek en un recipiente y agregar Crema Oxidante, los vol\u00famenes y la cantidad de acuerdo a la t\u00e9cnica a utilizar. Mezclar batiendo suavemente (con esp\u00e1tula) hasta llegar a la consistencia deseada. Aplicar sobre Cabellos secos y no lavados.<\/p>\n<p><strong>Cont. Neto<\/strong> 700 g.<\/p>\n<p><span class=\"text-accent\"><span class=\"x19la9d6 x1fc57z9 x6ikm8r x10wlt62 x19co3pv x1g5zs5t xfibh0p xiy17q3 x1xsqp64 x1lkfr7t xexx8yu x4uap5 x18d9i69 xkhd6sd\"><span class=\"xrtxmta x1bhl96m\">\ud83d\ude9b <\/span><\/span><strong>Env\u00edo gratis<\/strong><\/span> en la provincia de La Rioja, <span class=\"js-shipping-minimum-label\">superando <\/span><span class=\"js-shipping-minimum-label\">los $150.000,00. El envi\u00f3 para otras provincias ser\u00e1 por correo argentino o por transporte a convenir.<\/span><\/p>\n<p>&nbsp;<\/p>\n","protected":false},"excerpt":{"rendered":"<p>POLVO DECOLORANTE DESAMARILLADOR VIOLET &#8211; KERATOTEK Producto de alta performance que deja la Fibra Capilar con suavidad y brillo sin alterar su Textura. Poder de aclaraci\u00f3n hasta 7 tonos. Tiempo de exposici\u00f3n<a class=\"moretag\" href=\"https:\/\/renovepro.com.ar\/index.php\/product\/nombre-92\/\">Read More&#8230;<\/a><\/p>\n","protected":false},"featured_media":3794,"comment_status":"open","ping_status":"closed","template":"","meta":[],"product_brand":[],"product_cat":[64],"product_tag":[138],"class_list":{"0":"post-591","1":"product","2":"type-product","3":"status-publish","4":"has-post-thumbnail","6":"product_cat-polvos-decolorantes","7":"product_tag-n265","9":"first","10":"instock","11":"sale","12":"shipping-taxable","13":"purchasable","14":"product-type-simple"},"jetpack_sharing_enabled":true,"_links":{"self":[{"href":"https:\/\/renovepro.com.ar\/index.php\/wp-json\/wp\/v2\/product\/591","targetHints":{"allow":["GET"]}}],"collection":[{"href":"https:\/\/renovepro.com.ar\/index.php\/wp-json\/wp\/v2\/product"}],"about":[{"href":"https:\/\/renovepro.com.ar\/index.php\/wp-json\/wp\/v2\/types\/product"}],"replies":[{"embeddable":true,"href":"https:\/\/renovepro.com.ar\/index.php\/wp-json\/wp\/v2\/comments?post=591"}],"wp:featuredmedia":[{"embeddable":true,"href":"https:\/\/renovepro.com.ar\/index.php\/wp-json\/wp\/v2\/media\/3794"}],"wp:attachment":[{"href":"https:\/\/renovepro.com.ar\/index.php\/wp-json\/wp\/v2\/media?parent=591"}],"wp:term":[{"taxonomy":"product_brand","embeddable":true,"href":"https:\/\/renovepro.com.ar\/index.php\/wp-json\/wp\/v2\/product_brand?post=591"},{"taxonomy":"product_cat","embeddable":true,"href":"https:\/\/renovepro.com.ar\/index.php\/wp-json\/wp\/v2\/product_cat?post=591"},{"taxonomy":"product_tag","embeddable":true,"href":"https:\/\/renovepro.com.ar\/index.php\/wp-json\/wp\/v2\/product_tag?post=591"}],"curies":[{"name":"wp","href":"https:\/\/api.w.org\/{rel}","templated":true}]}}