{"id":588,"date":"2021-02-05T12:49:08","date_gmt":"2021-02-05T12:49:08","guid":{"rendered":"http:\/\/renovepro.com.ar\/?post_type=product&#038;p=588"},"modified":"2025-12-10T19:42:11","modified_gmt":"2025-12-10T19:42:11","slug":"nombre-89","status":"publish","type":"product","link":"https:\/\/renovepro.com.ar\/index.php\/product\/nombre-89\/","title":{"rendered":"CREMA OXIGENADA ESTABILIZADA &#8211; 20 VOL &#8211; HAIR PRO"},"content":{"rendered":"<p><strong>CREMA OXIGENADA ESTABILIZADA &#8211; 20 VOL &#8211; HAIR PRO<\/strong><\/p>\n<p>La Crema Oxidante Estabilizada Hair Pro fue desarrollada para optimizar el uso y maximizar el resultado, su f\u00f3rmula estabilizada es apta para mantener su efecto a lo largo del trabajo de coloraci\u00f3n, permitiendo una mejor fijaci\u00f3n y una mayor protecci\u00f3n para el Cabello. Estabilizada en 20\u00a0 Vol\u00famenes.<\/p>\n<p><strong>MODO DE USO<\/strong> : Mezcle en un bols la Crema Oxidante Hair Pro con su coloraci\u00f3n en la dosificaci\u00f3n 1 + 1 1\/2. Proceda a homogeneizar la mezcla y aplique sobre el Cabello seg\u00fan el diagn\u00f3stico realizado.<\/p>\n<p><strong>CON<\/strong><strong>T. NETO:<\/strong> 1000ml.<\/p>\n<p><strong>MEDIOS DE PAGO:<\/strong>\u00a0Pago por transferencia (Alias RENOVEPRO) &#8211; Mercado Pago &#8211; Tarjetas de cr\u00e9dito (Visa &#8211; MasterCard &#8211; American Express &#8211; Naranja &#8211; Banco Rioja) &#8211; Tarjetas de Debito (Cabal &#8211; Maestro &#8211; Visa &#8211; Banco Rioja) &#8211; GO Cuotas<\/p>\n<p><span class=\"text-accent\"><span class=\"x19la9d6 x1fc57z9 x6ikm8r x10wlt62 x19co3pv x1g5zs5t xfibh0p xiy17q3 x1xsqp64 x1lkfr7t xexx8yu x4uap5 x18d9i69 xkhd6sd\"><span class=\"xrtxmta x1bhl96m\">\ud83d\ude9b\u00a0<\/span><\/span><strong>ENVIO GRATIS<\/strong><\/span>\u00a0en la provincia de La Rioja,\u00a0<span class=\"js-shipping-minimum-label\">superando\u00a0<\/span><span class=\"js-shipping-minimum-label\">los $150.000,00. El envi\u00f3 para otras provincias ser\u00e1 por correo argentino o por transporte a convenir, a cargo del comprador.<\/span><\/p>\n","protected":false},"excerpt":{"rendered":"<p>CREMA OXIGENADA ESTABILIZADA &#8211; 20 VOL &#8211; HAIR PRO La Crema Oxidante Estabilizada Hair Pro fue desarrollada para optimizar el uso y maximizar el resultado, su f\u00f3rmula estabilizada es apta para mantener<a class=\"moretag\" href=\"https:\/\/renovepro.com.ar\/index.php\/product\/nombre-89\/\">Read More&#8230;<\/a><\/p>\n","protected":false},"featured_media":3716,"comment_status":"open","ping_status":"closed","template":"","meta":[],"product_brand":[],"product_cat":[62],"product_tag":[135],"class_list":{"0":"post-588","1":"product","2":"type-product","3":"status-publish","4":"has-post-thumbnail","6":"product_cat-tinturas-oxidantes","7":"product_tag-n256","9":"first","10":"instock","11":"sale","12":"shipping-taxable","13":"purchasable","14":"product-type-simple"},"jetpack_sharing_enabled":true,"_links":{"self":[{"href":"https:\/\/renovepro.com.ar\/index.php\/wp-json\/wp\/v2\/product\/588","targetHints":{"allow":["GET"]}}],"collection":[{"href":"https:\/\/renovepro.com.ar\/index.php\/wp-json\/wp\/v2\/product"}],"about":[{"href":"https:\/\/renovepro.com.ar\/index.php\/wp-json\/wp\/v2\/types\/product"}],"replies":[{"embeddable":true,"href":"https:\/\/renovepro.com.ar\/index.php\/wp-json\/wp\/v2\/comments?post=588"}],"wp:featuredmedia":[{"embeddable":true,"href":"https:\/\/renovepro.com.ar\/index.php\/wp-json\/wp\/v2\/media\/3716"}],"wp:attachment":[{"href":"https:\/\/renovepro.com.ar\/index.php\/wp-json\/wp\/v2\/media?parent=588"}],"wp:term":[{"taxonomy":"product_brand","embeddable":true,"href":"https:\/\/renovepro.com.ar\/index.php\/wp-json\/wp\/v2\/product_brand?post=588"},{"taxonomy":"product_cat","embeddable":true,"href":"https:\/\/renovepro.com.ar\/index.php\/wp-json\/wp\/v2\/product_cat?post=588"},{"taxonomy":"product_tag","embeddable":true,"href":"https:\/\/renovepro.com.ar\/index.php\/wp-json\/wp\/v2\/product_tag?post=588"}],"curies":[{"name":"wp","href":"https:\/\/api.w.org\/{rel}","templated":true}]}}