{"id":577,"date":"2021-02-05T12:38:15","date_gmt":"2021-02-05T12:38:15","guid":{"rendered":"http:\/\/renovepro.com.ar\/?post_type=product&#038;p=577"},"modified":"2026-02-24T16:29:35","modified_gmt":"2026-02-24T16:29:35","slug":"nombre-78","status":"publish","type":"product","link":"https:\/\/renovepro.com.ar\/index.php\/product\/nombre-78\/","title":{"rendered":"PLEX &#8211; IMPRONTA PROFESIONAL"},"content":{"rendered":"<p><strong>PLEX\u00a0 &#8211; IMPRONTA PROFESIONAL<br \/>\n<\/strong><\/p>\n<p>El Plex Impronta Profesional es un aditivo capilar a base de componentes revolucionarios como el plex y la biotina que permiten proteger al cabello de los da\u00f1os de la decoloraci\u00f3n o trabajos t\u00e9cnicos.\u00a0 Este producto repara y protege la fibra capilar, aport\u00e1ndole suavidad .<\/p>\n<p><strong>PROPORCIONES:<\/strong><\/p>\n<ul>\n<li>Colocar 10ml de Plex en 100g de Polvo Decolorante.<\/li>\n<li>Colocar 5ml de Plex en 60g de tintura.<\/li>\n<li>Color 20ml de Plex en nutriciones o alisados con formol.<\/li>\n<\/ul>\n<p><strong>CON<\/strong><strong>T. NETO:<\/strong> 500ml.<\/p>\n<p><strong>MEDIOS DE PAGO:<\/strong>\u00a0Pago por transferencia (Alias RENOVEPRO) &#8211; Mercado Pago &#8211; Tarjetas de cr\u00e9dito (Visa &#8211; MasterCard &#8211; American Express &#8211; Naranja &#8211; Banco Rioja) &#8211; Tarjetas de Debito (Cabal &#8211; Maestro &#8211; Visa &#8211; Banco Rioja) &#8211; GO Cuotas<\/p>\n<p><span class=\"text-accent\"><span class=\"x19la9d6 x1fc57z9 x6ikm8r x10wlt62 x19co3pv x1g5zs5t xfibh0p xiy17q3 x1xsqp64 x1lkfr7t xexx8yu x4uap5 x18d9i69 xkhd6sd\"><span class=\"xrtxmta x1bhl96m\">\ud83d\ude9b\u00a0<\/span><\/span><strong>ENVIO GRATIS<\/strong><\/span>\u00a0en la provincia de La Rioja,\u00a0<span class=\"js-shipping-minimum-label\">superando\u00a0<\/span><span class=\"js-shipping-minimum-label\">los $150.000,00. El envi\u00f3 para otras provincias ser\u00e1 por correo argentino o por transporte a convenir, a cargo del comprador.<\/span><\/p>\n","protected":false},"excerpt":{"rendered":"<p>PLEX\u00a0 &#8211; IMPRONTA PROFESIONAL El Plex Impronta Profesional es un aditivo capilar a base de componentes revolucionarios como el plex y la biotina que permiten proteger al cabello de los da\u00f1os de<a class=\"moretag\" href=\"https:\/\/renovepro.com.ar\/index.php\/product\/nombre-78\/\">Read More&#8230;<\/a><\/p>\n","protected":false},"featured_media":3791,"comment_status":"open","ping_status":"closed","template":"","meta":[],"product_brand":[],"product_cat":[63],"product_tag":[124],"class_list":{"0":"post-577","1":"product","2":"type-product","3":"status-publish","4":"has-post-thumbnail","6":"product_cat-protectores-capilares","7":"product_tag-n233","9":"first","10":"instock","11":"sale","12":"shipping-taxable","13":"purchasable","14":"product-type-simple"},"jetpack_sharing_enabled":true,"_links":{"self":[{"href":"https:\/\/renovepro.com.ar\/index.php\/wp-json\/wp\/v2\/product\/577","targetHints":{"allow":["GET"]}}],"collection":[{"href":"https:\/\/renovepro.com.ar\/index.php\/wp-json\/wp\/v2\/product"}],"about":[{"href":"https:\/\/renovepro.com.ar\/index.php\/wp-json\/wp\/v2\/types\/product"}],"replies":[{"embeddable":true,"href":"https:\/\/renovepro.com.ar\/index.php\/wp-json\/wp\/v2\/comments?post=577"}],"wp:featuredmedia":[{"embeddable":true,"href":"https:\/\/renovepro.com.ar\/index.php\/wp-json\/wp\/v2\/media\/3791"}],"wp:attachment":[{"href":"https:\/\/renovepro.com.ar\/index.php\/wp-json\/wp\/v2\/media?parent=577"}],"wp:term":[{"taxonomy":"product_brand","embeddable":true,"href":"https:\/\/renovepro.com.ar\/index.php\/wp-json\/wp\/v2\/product_brand?post=577"},{"taxonomy":"product_cat","embeddable":true,"href":"https:\/\/renovepro.com.ar\/index.php\/wp-json\/wp\/v2\/product_cat?post=577"},{"taxonomy":"product_tag","embeddable":true,"href":"https:\/\/renovepro.com.ar\/index.php\/wp-json\/wp\/v2\/product_tag?post=577"}],"curies":[{"name":"wp","href":"https:\/\/api.w.org\/{rel}","templated":true}]}}