{"id":568,"date":"2021-02-05T12:27:03","date_gmt":"2021-02-05T12:27:03","guid":{"rendered":"http:\/\/renovepro.com.ar\/?post_type=product&#038;p=568"},"modified":"2026-03-02T14:56:24","modified_gmt":"2026-03-02T14:56:24","slug":"nombre-69","status":"publish","type":"product","link":"https:\/\/renovepro.com.ar\/index.php\/product\/nombre-69\/","title":{"rendered":"PROTECTOR TERMICO &#8211; SUETER"},"content":{"rendered":"<p><strong>PROTECTOR TERMICO &#8211; SUETER<br \/>\n<\/strong><\/p>\n<p>El Protector T\u00e9rmico Sueter es un producto natural, sin reactivos qu\u00edmicos ni siliconas. Protege al cabello de las altas temperaturas provocadas por las planchas, buclera y secador. Gracias a la formulaci\u00f3n de Protector T\u00e9rmico Sueter hace que el cabello recupere su hidrataci\u00f3n y su brillo quedando mas d\u00f3cil, suave y protegido.<\/p>\n<p><strong>MODO DE USO:<\/strong> Aplicar una dosis generosa del Protector T\u00e9rmico Sueter sobre el cabello h\u00famedo previamente lavado. Luego proceder con brushing y\/o planchado.<\/p>\n<p><strong>CON<\/strong><strong>T. NETO:<\/strong> 300cc.<\/p>\n<p><strong>MEDIOS DE PAGO:<\/strong>\u00a0Pago por transferencia (Alias RENOVEPRO) &#8211; Mercado Pago &#8211; Tarjetas de cr\u00e9dito (Visa &#8211; MasterCard &#8211; American Express &#8211; Naranja &#8211; Banco Rioja) &#8211; Tarjetas de Debito (Cabal &#8211; Maestro &#8211; Visa &#8211; Banco Rioja) &#8211; GO Cuotas<\/p>\n<p><span class=\"text-accent\"><span class=\"x19la9d6 x1fc57z9 x6ikm8r x10wlt62 x19co3pv x1g5zs5t xfibh0p xiy17q3 x1xsqp64 x1lkfr7t xexx8yu x4uap5 x18d9i69 xkhd6sd\"><span class=\"xrtxmta x1bhl96m\">\ud83d\ude9b\u00a0<\/span><\/span><strong>ENVIO GRATIS<\/strong><\/span>\u00a0en la provincia de La Rioja,\u00a0<span class=\"js-shipping-minimum-label\">superando\u00a0<\/span><span class=\"js-shipping-minimum-label\">los $150.000,00. El envi\u00f3 para otras provincias ser\u00e1 por correo argentino o por transporte a convenir, a cargo del comprador.<\/span><\/p>\n","protected":false},"excerpt":{"rendered":"<p>PROTECTOR TERMICO &#8211; SUETER El Protector T\u00e9rmico Sueter es un producto natural, sin reactivos qu\u00edmicos ni siliconas. Protege al cabello de las altas temperaturas provocadas por las planchas, buclera y secador. Gracias<a class=\"moretag\" href=\"https:\/\/renovepro.com.ar\/index.php\/product\/nombre-69\/\">Read More&#8230;<\/a><\/p>\n","protected":false},"featured_media":3797,"comment_status":"open","ping_status":"closed","template":"","meta":[],"product_brand":[],"product_cat":[69,61,63],"product_tag":[115],"class_list":{"0":"post-568","1":"product","2":"type-product","3":"status-publish","4":"has-post-thumbnail","6":"product_cat-modelado-peinado","7":"product_cat-oleos-reparadores","8":"product_cat-protectores-capilares","9":"product_tag-n213","11":"first","12":"instock","13":"sale","14":"shipping-taxable","15":"purchasable","16":"product-type-simple"},"jetpack_sharing_enabled":true,"_links":{"self":[{"href":"https:\/\/renovepro.com.ar\/index.php\/wp-json\/wp\/v2\/product\/568","targetHints":{"allow":["GET"]}}],"collection":[{"href":"https:\/\/renovepro.com.ar\/index.php\/wp-json\/wp\/v2\/product"}],"about":[{"href":"https:\/\/renovepro.com.ar\/index.php\/wp-json\/wp\/v2\/types\/product"}],"replies":[{"embeddable":true,"href":"https:\/\/renovepro.com.ar\/index.php\/wp-json\/wp\/v2\/comments?post=568"}],"wp:featuredmedia":[{"embeddable":true,"href":"https:\/\/renovepro.com.ar\/index.php\/wp-json\/wp\/v2\/media\/3797"}],"wp:attachment":[{"href":"https:\/\/renovepro.com.ar\/index.php\/wp-json\/wp\/v2\/media?parent=568"}],"wp:term":[{"taxonomy":"product_brand","embeddable":true,"href":"https:\/\/renovepro.com.ar\/index.php\/wp-json\/wp\/v2\/product_brand?post=568"},{"taxonomy":"product_cat","embeddable":true,"href":"https:\/\/renovepro.com.ar\/index.php\/wp-json\/wp\/v2\/product_cat?post=568"},{"taxonomy":"product_tag","embeddable":true,"href":"https:\/\/renovepro.com.ar\/index.php\/wp-json\/wp\/v2\/product_tag?post=568"}],"curies":[{"name":"wp","href":"https:\/\/api.w.org\/{rel}","templated":true}]}}