{"id":4937,"date":"2026-04-01T17:21:39","date_gmt":"2026-04-01T17:21:39","guid":{"rendered":"https:\/\/renovepro.com.ar\/?post_type=product&#038;p=4937"},"modified":"2026-04-01T17:21:39","modified_gmt":"2026-04-01T17:21:39","slug":"acondicionador-biotina-colageno-frilayp","status":"publish","type":"product","link":"https:\/\/renovepro.com.ar\/index.php\/product\/acondicionador-biotina-colageno-frilayp\/","title":{"rendered":"ACONDICIONADOR BIOTINA &#038; COLAGENO &#8211; FRILAYP"},"content":{"rendered":"<p><strong>ACONDICIONADOR BIOTINA &amp; COLAGENO &#8211; FRILAYP<br \/>\n<\/strong><\/p>\n<p>El Acondicionador enriquecido con Biotina y Col\u00e1geno es un aliado esencial para devolver la fortaleza y vitalidad que tu cabello necesita d\u00eda a d\u00eda.<\/p>\n<p>Ideal para cabellos finos, debilitados, con tendencia a la ruptura o perdida de densidad.<\/p>\n<p><strong>MODO DE USO:<\/strong> Aplicar el Acondicionador Frilayp sobre el cabello h\u00famedo, reci\u00e9n lavado,\u00a0 masajear suavemente durante 3 minutos y luego enjuagar.<\/p>\n<p><strong>CONT. NETO:<\/strong> 370ml.<\/p>\n<p><strong>MEDIOS DE PAGO:<\/strong> Pago por transferencia (Alias RENOVEPRO) &#8211; Mercado Pago &#8211; Tarjetas de cr\u00e9dito (Visa &#8211; MasterCard &#8211; American Express &#8211; Naranja &#8211; Banco Rioja) &#8211; Tarjetas de Debito (Cabal &#8211; Maestro &#8211; Visa &#8211; Banco Rioja) &#8211; GO Cuotas<\/p>\n<p><span class=\"text-accent\"><span class=\"x19la9d6 x1fc57z9 x6ikm8r x10wlt62 x19co3pv x1g5zs5t xfibh0p xiy17q3 x1xsqp64 x1lkfr7t xexx8yu x4uap5 x18d9i69 xkhd6sd\"><span class=\"xrtxmta x1bhl96m\">\ud83d\ude9b <\/span><\/span><strong>ENVIO GRATIS<\/strong><\/span>\u00a0en la provincia de La Rioja, <span class=\"js-shipping-minimum-label\">superando <\/span><span class=\"js-shipping-minimum-label\">los $15<\/span><span class=\"js-shipping-minimum-label\">0.000,00. El envi\u00f3 para otras provincias ser\u00e1 por correo argentino o por transporte a convenir, a cargo del comprador.<\/span><\/p>\n","protected":false},"excerpt":{"rendered":"<p>ACONDICIONADOR BIOTINA &amp; COLAGENO &#8211; FRILAYP El Acondicionador enriquecido con Biotina y Col\u00e1geno es un aliado esencial para devolver la fortaleza y vitalidad que tu cabello necesita d\u00eda a d\u00eda. Ideal para<a class=\"moretag\" href=\"https:\/\/renovepro.com.ar\/index.php\/product\/acondicionador-biotina-colageno-frilayp\/\">Read More&#8230;<\/a><\/p>\n","protected":false},"featured_media":4938,"comment_status":"closed","ping_status":"closed","template":"","meta":[],"product_brand":[],"product_cat":[60],"product_tag":[],"class_list":{"0":"post-4937","1":"product","2":"type-product","3":"status-publish","4":"has-post-thumbnail","6":"product_cat-shampoo-acondicionador","8":"first","9":"instock","10":"sale","11":"shipping-taxable","12":"purchasable","13":"product-type-simple"},"jetpack_sharing_enabled":true,"_links":{"self":[{"href":"https:\/\/renovepro.com.ar\/index.php\/wp-json\/wp\/v2\/product\/4937","targetHints":{"allow":["GET"]}}],"collection":[{"href":"https:\/\/renovepro.com.ar\/index.php\/wp-json\/wp\/v2\/product"}],"about":[{"href":"https:\/\/renovepro.com.ar\/index.php\/wp-json\/wp\/v2\/types\/product"}],"replies":[{"embeddable":true,"href":"https:\/\/renovepro.com.ar\/index.php\/wp-json\/wp\/v2\/comments?post=4937"}],"wp:featuredmedia":[{"embeddable":true,"href":"https:\/\/renovepro.com.ar\/index.php\/wp-json\/wp\/v2\/media\/4938"}],"wp:attachment":[{"href":"https:\/\/renovepro.com.ar\/index.php\/wp-json\/wp\/v2\/media?parent=4937"}],"wp:term":[{"taxonomy":"product_brand","embeddable":true,"href":"https:\/\/renovepro.com.ar\/index.php\/wp-json\/wp\/v2\/product_brand?post=4937"},{"taxonomy":"product_cat","embeddable":true,"href":"https:\/\/renovepro.com.ar\/index.php\/wp-json\/wp\/v2\/product_cat?post=4937"},{"taxonomy":"product_tag","embeddable":true,"href":"https:\/\/renovepro.com.ar\/index.php\/wp-json\/wp\/v2\/product_tag?post=4937"}],"curies":[{"name":"wp","href":"https:\/\/api.w.org\/{rel}","templated":true}]}}