{"id":4930,"date":"2026-03-09T22:45:45","date_gmt":"2026-03-09T22:45:45","guid":{"rendered":"https:\/\/renovepro.com.ar\/?post_type=product&#038;p=4930"},"modified":"2026-03-28T22:03:31","modified_gmt":"2026-03-28T22:03:31","slug":"terminacion-capilar-so-sexy-victa-professional-hair","status":"publish","type":"product","link":"https:\/\/renovepro.com.ar\/index.php\/product\/terminacion-capilar-so-sexy-victa-professional-hair\/","title":{"rendered":"TERMINACION CAPILAR SO SEXY &#8211; VICTA PROFESSIONAL HAIR"},"content":{"rendered":"<p><strong>TERMINACION CAPILAR SO SEXY &#8211; VICTA PROFESSIONAL HAIR<\/strong><\/p>\n<p style=\"font-weight: 400;\">El TRATAMIENTO TERMINACION CAPILAR SO SEXY fue desarrollado con TECNOLOGIA CAPILACID para cabellos muy maltratados por agentes qu\u00edmicos, ya sea permanentados, te\u00f1idos o decolorados, como tambi\u00e9n en aquellos que han sufrido con el uso de plancha y buclera. Aporta brillo y sedosidad al cabello. Con ingredientes de origen natural, sin sal, sin sulfatos ni colorantes.<\/p>\n<p style=\"font-weight: 400;\"><strong>MODO DE USO:\u00a0 <\/strong>Aplicar una peque\u00f1a cantidad sobre la palma de las manos, frotarlas y aplicar sobre el cabello h\u00famedo masajeando ligeramente de raiz a puntas. No enjuagar y proceder al peinado. Puede usarlo despu\u00e9s del shampoo, o para modelar o acondicionar el cabello en cualquier momento del d\u00eda ya que no necesita enjuagarse.<\/p>\n<p><strong>CONT. NETO:<\/strong> 200ml.<\/p>\n<div class=\"modo_empleo\">\n<div><strong>MEDIOS DE PAGO:<\/strong>\u00a0Pago por transferencia (Alias RENOVEPRO) &#8211; Mercado Pago &#8211; Tarjetas de cr\u00e9dito (Visa &#8211; MasterCard &#8211; American Express &#8211; Naranja &#8211; Banco Rioja) &#8211; Tarjetas de Debito (Cabal &#8211; Maestro &#8211; Visa &#8211; Banco Rioja) &#8211; GO Cuotas<\/div>\n<div><\/div>\n<\/div>\n<p><span class=\"text-accent\"><span class=\"x19la9d6 x1fc57z9 x6ikm8r x10wlt62 x19co3pv x1g5zs5t xfibh0p xiy17q3 x1xsqp64 x1lkfr7t xexx8yu x4uap5 x18d9i69 xkhd6sd\"><span class=\"xrtxmta x1bhl96m\">\ud83d\ude9b\u00a0<\/span><\/span><strong>ENVIO GRATIS<\/strong><\/span>\u00a0en la provincia de La Rioja,\u00a0<span class=\"js-shipping-minimum-label\">superando\u00a0<\/span><span class=\"js-shipping-minimum-label\">los $150.000,00. El envi\u00f3 para otras provincias ser\u00e1 por correo argentino o por transporte a convenir, a cargo del comprador.\u00a0<\/span><\/p>\n<p>&nbsp;<\/p>\n","protected":false},"excerpt":{"rendered":"<p>TERMINACION CAPILAR SO SEXY &#8211; VICTA PROFESSIONAL HAIR El TRATAMIENTO TERMINACION CAPILAR SO SEXY fue desarrollado con TECNOLOGIA CAPILACID para cabellos muy maltratados por agentes qu\u00edmicos, ya sea permanentados, te\u00f1idos o decolorados,<a class=\"moretag\" href=\"https:\/\/renovepro.com.ar\/index.php\/product\/terminacion-capilar-so-sexy-victa-professional-hair\/\">Read More&#8230;<\/a><\/p>\n","protected":false},"featured_media":4931,"comment_status":"closed","ping_status":"closed","template":"","meta":[],"product_brand":[],"product_cat":[69],"product_tag":[],"class_list":{"0":"post-4930","1":"product","2":"type-product","3":"status-publish","4":"has-post-thumbnail","6":"product_cat-modelado-peinado","8":"first","9":"instock","10":"sale","11":"shipping-taxable","12":"purchasable","13":"product-type-simple"},"jetpack_sharing_enabled":true,"_links":{"self":[{"href":"https:\/\/renovepro.com.ar\/index.php\/wp-json\/wp\/v2\/product\/4930","targetHints":{"allow":["GET"]}}],"collection":[{"href":"https:\/\/renovepro.com.ar\/index.php\/wp-json\/wp\/v2\/product"}],"about":[{"href":"https:\/\/renovepro.com.ar\/index.php\/wp-json\/wp\/v2\/types\/product"}],"replies":[{"embeddable":true,"href":"https:\/\/renovepro.com.ar\/index.php\/wp-json\/wp\/v2\/comments?post=4930"}],"wp:featuredmedia":[{"embeddable":true,"href":"https:\/\/renovepro.com.ar\/index.php\/wp-json\/wp\/v2\/media\/4931"}],"wp:attachment":[{"href":"https:\/\/renovepro.com.ar\/index.php\/wp-json\/wp\/v2\/media?parent=4930"}],"wp:term":[{"taxonomy":"product_brand","embeddable":true,"href":"https:\/\/renovepro.com.ar\/index.php\/wp-json\/wp\/v2\/product_brand?post=4930"},{"taxonomy":"product_cat","embeddable":true,"href":"https:\/\/renovepro.com.ar\/index.php\/wp-json\/wp\/v2\/product_cat?post=4930"},{"taxonomy":"product_tag","embeddable":true,"href":"https:\/\/renovepro.com.ar\/index.php\/wp-json\/wp\/v2\/product_tag?post=4930"}],"curies":[{"name":"wp","href":"https:\/\/api.w.org\/{rel}","templated":true}]}}