{"id":4915,"date":"2026-03-09T22:01:36","date_gmt":"2026-03-09T22:01:36","guid":{"rendered":"https:\/\/renovepro.com.ar\/?post_type=product&#038;p=4915"},"modified":"2026-03-09T22:23:15","modified_gmt":"2026-03-09T22:23:15","slug":"serum-capilar-so-sexy-victa-professional-hair","status":"publish","type":"product","link":"https:\/\/renovepro.com.ar\/index.php\/product\/serum-capilar-so-sexy-victa-professional-hair\/","title":{"rendered":"SERUM CAPILAR SO SEXY &#8211; VICTA PROFESSIONAL HAIR\u00a0"},"content":{"rendered":"<p><strong>SERUM CAPILAR SO SEXY &#8211; VICTA PROFESSIONAL HAIR\u00a0<\/strong><\/p>\n<p style=\"text-align: left;\">El SERUM CAPILAR SO SEXY, con TECNOLOGIA CAPILACID, hidrata y restaura las puntas da\u00f1adas, aportando sedosidad y brillo al cabello. De r\u00e1pida absorci\u00f3n, promueve una hidrataci\u00f3n profunda dejando el cabello liviano, reduciendo el efecto del frizz y actuando sin dejar residuos. Es indicado para tratamientos intensivos en cabellos muy da\u00f1ados y secos. Contiene filtros solares que alargan la vida del color.<\/p>\n<p><strong>MODO DE USO:<\/strong> Aplicar una peque\u00f1a cantidad y distribuir a lo largo del cabello h\u00famedo o seco, luego secar.<\/p>\n<p><strong>CONT. NETO:<\/strong>\u00a030ml.<\/p>\n<p><strong>MEDIOS DE PAGO:<\/strong> Pago por transferencia (Alias RENOVEPRO) &#8211; Mercado Pago &#8211; Tarjetas de cr\u00e9dito (Visa &#8211; MasterCard &#8211; American Express &#8211; Naranja &#8211; Banco Rioja) &#8211; Tarjetas de Debito (Cabal &#8211; Maestro &#8211; Visa &#8211; Banco Rioja) &#8211; GO Cuotas<\/p>\n<p><span class=\"text-accent\"><span class=\"x19la9d6 x1fc57z9 x6ikm8r x10wlt62 x19co3pv x1g5zs5t xfibh0p xiy17q3 x1xsqp64 x1lkfr7t xexx8yu x4uap5 x18d9i69 xkhd6sd\"><span class=\"xrtxmta x1bhl96m\">\ud83d\ude9b <\/span><\/span><strong>ENVIO GRATIS<\/strong><\/span>\u00a0en la provincia de La Rioja, <span class=\"js-shipping-minimum-label\">superando <\/span><span class=\"js-shipping-minimum-label\">los $150.000,00. El envi\u00f3 para otras provincias ser\u00e1 por correo argentino o por transporte a convenir, a cargo del comprador.<\/span><\/p>\n","protected":false},"excerpt":{"rendered":"<p>SERUM CAPILAR SO SEXY &#8211; VICTA PROFESSIONAL HAIR\u00a0 El SERUM CAPILAR SO SEXY, con TECNOLOGIA CAPILACID, hidrata y restaura las puntas da\u00f1adas, aportando sedosidad y brillo al cabello. De r\u00e1pida absorci\u00f3n, promueve<a class=\"moretag\" href=\"https:\/\/renovepro.com.ar\/index.php\/product\/serum-capilar-so-sexy-victa-professional-hair\/\">Read More&#8230;<\/a><\/p>\n","protected":false},"featured_media":4916,"comment_status":"closed","ping_status":"closed","template":"","meta":[],"product_brand":[],"product_cat":[61],"product_tag":[],"class_list":{"0":"post-4915","1":"product","2":"type-product","3":"status-publish","4":"has-post-thumbnail","6":"product_cat-oleos-reparadores","8":"first","9":"instock","10":"sale","11":"shipping-taxable","12":"purchasable","13":"product-type-simple"},"jetpack_sharing_enabled":true,"_links":{"self":[{"href":"https:\/\/renovepro.com.ar\/index.php\/wp-json\/wp\/v2\/product\/4915","targetHints":{"allow":["GET"]}}],"collection":[{"href":"https:\/\/renovepro.com.ar\/index.php\/wp-json\/wp\/v2\/product"}],"about":[{"href":"https:\/\/renovepro.com.ar\/index.php\/wp-json\/wp\/v2\/types\/product"}],"replies":[{"embeddable":true,"href":"https:\/\/renovepro.com.ar\/index.php\/wp-json\/wp\/v2\/comments?post=4915"}],"wp:featuredmedia":[{"embeddable":true,"href":"https:\/\/renovepro.com.ar\/index.php\/wp-json\/wp\/v2\/media\/4916"}],"wp:attachment":[{"href":"https:\/\/renovepro.com.ar\/index.php\/wp-json\/wp\/v2\/media?parent=4915"}],"wp:term":[{"taxonomy":"product_brand","embeddable":true,"href":"https:\/\/renovepro.com.ar\/index.php\/wp-json\/wp\/v2\/product_brand?post=4915"},{"taxonomy":"product_cat","embeddable":true,"href":"https:\/\/renovepro.com.ar\/index.php\/wp-json\/wp\/v2\/product_cat?post=4915"},{"taxonomy":"product_tag","embeddable":true,"href":"https:\/\/renovepro.com.ar\/index.php\/wp-json\/wp\/v2\/product_tag?post=4915"}],"curies":[{"name":"wp","href":"https:\/\/api.w.org\/{rel}","templated":true}]}}