{"id":4896,"date":"2026-02-28T17:12:19","date_gmt":"2026-02-28T17:12:19","guid":{"rendered":"https:\/\/renovepro.com.ar\/?post_type=product&#038;p=4896"},"modified":"2026-02-28T17:12:19","modified_gmt":"2026-02-28T17:12:19","slug":"pomada-texturizante-mate-impronta-profesional","status":"publish","type":"product","link":"https:\/\/renovepro.com.ar\/index.php\/product\/pomada-texturizante-mate-impronta-profesional\/","title":{"rendered":"POMADA TEXTURIZANTE MATE &#8211; IMPRONTA PROFESIONAL"},"content":{"rendered":"<p><strong>POMADA TEXTURIZANTE MATE &#8211; IMPRONTA PROFESIONAL<\/strong><\/p>\n<p>Genera efectos definidos y separaciones. Permite un control m\u00e1ximo del peinado, dejando los cabellos flexibles y f\u00e1ciles de modelar. Es una pomada capilar mate perfecta para dar forma, separar, esculpir y definir. Utilizar en la zona de la ra\u00edz para dar cuerpo, textura y crear sost\u00e9n. Aplicar sobre las puntas para un efecto despeinado y desenfadado. Es ideal para remarcar cortes con textura de m\u00e1xima duraci\u00f3n y para cabellos con poca densidad. Brinda un acabado con fuerza y resistencia extrema. Posee una delicada y exquisita fragancia<\/p>\n<p><strong>MODO DE USO<\/strong>: Colocar una peque\u00f1a cantidad en la palma de la mano.\u00a0 Luego, aplicar sobre el cabello h\u00famedo o seco. Modelar con los dedos para dar forma, separar el cabello y lograr los efectos deseados.<\/p>\n<p><strong>CONT. NETO:<\/strong> 100g.<\/p>\n<div class=\"modo_empleo\">\n<div><strong>MEDIOS DE PAGO:<\/strong> Pago por transferencia (Alias RENOVEPRO) &#8211; Mercado Pago &#8211; Tarjetas de cr\u00e9dito (Visa &#8211; MasterCard &#8211; American Express &#8211; Naranja &#8211; Banco Rioja) &#8211; Tarjetas de Debito (Cabal &#8211; Maestro &#8211; Visa &#8211; Banco Rioja) &#8211; GO Cuotas<\/div>\n<div><\/div>\n<\/div>\n<p><span class=\"text-accent\"><span class=\"x19la9d6 x1fc57z9 x6ikm8r x10wlt62 x19co3pv x1g5zs5t xfibh0p xiy17q3 x1xsqp64 x1lkfr7t xexx8yu x4uap5 x18d9i69 xkhd6sd\"><span class=\"xrtxmta x1bhl96m\">\ud83d\ude9b <\/span><\/span><strong>ENVIO GRATIS<\/strong><\/span>\u00a0en la provincia de La Rioja, <span class=\"js-shipping-minimum-label\">superando <\/span><span class=\"js-shipping-minimum-label\">los $150.000,00. El envi\u00f3 para otras provincias ser\u00e1 por correo argentino o por transporte a convenir, a cargo del comprador.<\/span><\/p>\n<p>&nbsp;<\/p>\n","protected":false},"excerpt":{"rendered":"<p>POMADA TEXTURIZANTE MATE &#8211; IMPRONTA PROFESIONAL Genera efectos definidos y separaciones. Permite un control m\u00e1ximo del peinado, dejando los cabellos flexibles y f\u00e1ciles de modelar. Es una pomada capilar mate perfecta para<a class=\"moretag\" href=\"https:\/\/renovepro.com.ar\/index.php\/product\/pomada-texturizante-mate-impronta-profesional\/\">Read More&#8230;<\/a><\/p>\n","protected":false},"featured_media":4897,"comment_status":"closed","ping_status":"closed","template":"","meta":[],"product_brand":[],"product_cat":[69],"product_tag":[],"class_list":{"0":"post-4896","1":"product","2":"type-product","3":"status-publish","4":"has-post-thumbnail","6":"product_cat-modelado-peinado","8":"first","9":"instock","10":"sale","11":"shipping-taxable","12":"purchasable","13":"product-type-simple"},"jetpack_sharing_enabled":true,"_links":{"self":[{"href":"https:\/\/renovepro.com.ar\/index.php\/wp-json\/wp\/v2\/product\/4896","targetHints":{"allow":["GET"]}}],"collection":[{"href":"https:\/\/renovepro.com.ar\/index.php\/wp-json\/wp\/v2\/product"}],"about":[{"href":"https:\/\/renovepro.com.ar\/index.php\/wp-json\/wp\/v2\/types\/product"}],"replies":[{"embeddable":true,"href":"https:\/\/renovepro.com.ar\/index.php\/wp-json\/wp\/v2\/comments?post=4896"}],"wp:featuredmedia":[{"embeddable":true,"href":"https:\/\/renovepro.com.ar\/index.php\/wp-json\/wp\/v2\/media\/4897"}],"wp:attachment":[{"href":"https:\/\/renovepro.com.ar\/index.php\/wp-json\/wp\/v2\/media?parent=4896"}],"wp:term":[{"taxonomy":"product_brand","embeddable":true,"href":"https:\/\/renovepro.com.ar\/index.php\/wp-json\/wp\/v2\/product_brand?post=4896"},{"taxonomy":"product_cat","embeddable":true,"href":"https:\/\/renovepro.com.ar\/index.php\/wp-json\/wp\/v2\/product_cat?post=4896"},{"taxonomy":"product_tag","embeddable":true,"href":"https:\/\/renovepro.com.ar\/index.php\/wp-json\/wp\/v2\/product_tag?post=4896"}],"curies":[{"name":"wp","href":"https:\/\/api.w.org\/{rel}","templated":true}]}}