{"id":4814,"date":"2025-10-31T00:27:27","date_gmt":"2025-10-31T00:27:27","guid":{"rendered":"https:\/\/renovepro.com.ar\/?post_type=product&#038;p=4814"},"modified":"2026-01-12T23:51:55","modified_gmt":"2026-01-12T23:51:55","slug":"ampolla-capilar-nutricion-instantanea-pomelo-sueter","status":"publish","type":"product","link":"https:\/\/renovepro.com.ar\/index.php\/product\/ampolla-capilar-nutricion-instantanea-pomelo-sueter\/","title":{"rendered":"AMPOLLA CAPILAR NUTRICION INSTANTANEA POMELO &#8211; SUETER"},"content":{"rendered":"<p><strong>AMPOLLA CAPILAR NUTRICION INSTANTANEA POMELO &#8211; SUETER<\/strong><\/p>\n<p>Ampolla Capilar NUTRICION INSTANTANEA POMELO formulada con hidrohumectantes, extracto de pomelo y keratina. Repara y reconstituye el cabello desde su parte mas interna. Aporta brillo y suavidad.<\/p>\n<p><strong>MODO DE USO:<\/strong> Con cabello limpio, aplicar mecha por mecha de ra\u00edz a puntas con el dosificador para asegurar su correcta absorci\u00f3n y dejar actuar 15 minutos. Luego enjuagar.<\/p>\n<p><strong>ADVERTENCIAS:<\/strong> Evite el contacto con los ojos, si esto ocurre enjuagar con abundante agua fr\u00eda. Producto de uso externo. No ingerir. Mantener fuera del alcance de los ni\u00f1os. Ante signos de irritaci\u00f3n suspenda su uso y visite a su m\u00e9dico.<\/p>\n<p><strong>CONT. NETO:<\/strong> 250ml.<\/p>\n<p><strong>MEDIOS DE PAGO:<\/strong> Pago por transferencia (Alias RENOVEPRO) &#8211; Mercado Pago &#8211; Tarjetas de cr\u00e9dito (Visa &#8211; MasterCard &#8211; American Express &#8211; Naranja &#8211; Banco Rioja) &#8211; Tarjetas de Debito (Cabal &#8211; Maestro &#8211; Visa &#8211; Banco Rioja) &#8211; GO Cuotas<\/p>\n<p><span class=\"text-accent\"><span class=\"x19la9d6 x1fc57z9 x6ikm8r x10wlt62 x19co3pv x1g5zs5t xfibh0p xiy17q3 x1xsqp64 x1lkfr7t xexx8yu x4uap5 x18d9i69 xkhd6sd\"><span class=\"xrtxmta x1bhl96m\">\ud83d\ude9b <\/span><\/span><strong>ENVIO GRATIS<\/strong><\/span>\u00a0en la provincia de La Rioja, <span class=\"js-shipping-minimum-label\">superando <\/span><span class=\"js-shipping-minimum-label\">los $150.000,00. El envi\u00f3 para otras provincias ser\u00e1 por correo argentino o por transporte a convenir, a cargo del comprador.<\/span><\/p>\n","protected":false},"excerpt":{"rendered":"<p>AMPOLLA CAPILAR NUTRICION INSTANTANEA POMELO &#8211; SUETER Ampolla Capilar NUTRICION INSTANTANEA POMELO formulada con hidrohumectantes, extracto de pomelo y keratina. Repara y reconstituye el cabello desde su parte mas interna. Aporta brillo<a class=\"moretag\" href=\"https:\/\/renovepro.com.ar\/index.php\/product\/ampolla-capilar-nutricion-instantanea-pomelo-sueter\/\">Read More&#8230;<\/a><\/p>\n","protected":false},"featured_media":4815,"comment_status":"closed","ping_status":"closed","template":"","meta":[],"product_brand":[],"product_cat":[68],"product_tag":[],"class_list":{"0":"post-4814","1":"product","2":"type-product","3":"status-publish","4":"has-post-thumbnail","6":"product_cat-ampollas-capilares","8":"first","9":"instock","10":"sale","11":"shipping-taxable","12":"purchasable","13":"product-type-simple"},"jetpack_sharing_enabled":true,"_links":{"self":[{"href":"https:\/\/renovepro.com.ar\/index.php\/wp-json\/wp\/v2\/product\/4814","targetHints":{"allow":["GET"]}}],"collection":[{"href":"https:\/\/renovepro.com.ar\/index.php\/wp-json\/wp\/v2\/product"}],"about":[{"href":"https:\/\/renovepro.com.ar\/index.php\/wp-json\/wp\/v2\/types\/product"}],"replies":[{"embeddable":true,"href":"https:\/\/renovepro.com.ar\/index.php\/wp-json\/wp\/v2\/comments?post=4814"}],"wp:featuredmedia":[{"embeddable":true,"href":"https:\/\/renovepro.com.ar\/index.php\/wp-json\/wp\/v2\/media\/4815"}],"wp:attachment":[{"href":"https:\/\/renovepro.com.ar\/index.php\/wp-json\/wp\/v2\/media?parent=4814"}],"wp:term":[{"taxonomy":"product_brand","embeddable":true,"href":"https:\/\/renovepro.com.ar\/index.php\/wp-json\/wp\/v2\/product_brand?post=4814"},{"taxonomy":"product_cat","embeddable":true,"href":"https:\/\/renovepro.com.ar\/index.php\/wp-json\/wp\/v2\/product_cat?post=4814"},{"taxonomy":"product_tag","embeddable":true,"href":"https:\/\/renovepro.com.ar\/index.php\/wp-json\/wp\/v2\/product_tag?post=4814"}],"curies":[{"name":"wp","href":"https:\/\/api.w.org\/{rel}","templated":true}]}}