{"id":4703,"date":"2025-06-20T22:45:56","date_gmt":"2025-06-20T22:45:56","guid":{"rendered":"https:\/\/renovepro.com.ar\/?post_type=product&#038;p=4703"},"modified":"2025-10-25T16:13:03","modified_gmt":"2025-10-25T16:13:03","slug":"mascara-capilar-instaplex-fussion-mav-profesional-2","status":"publish","type":"product","link":"https:\/\/renovepro.com.ar\/index.php\/product\/mascara-capilar-instaplex-fussion-mav-profesional-2\/","title":{"rendered":"MASCARA CAPILAR INSTAPLEX FUSSION &#8211; MAV PROFESIONAL\u00a0"},"content":{"rendered":"<p><strong>MASCARA CAPILAR INSTAPLEX FUSSION &#8211; MAV PROFESIONAL\u00a0<\/strong><\/p>\n<p>Tratamiento Capilar INSTAPLEX FUSSION combina las dos ultimas y mas modernas tecnolog\u00edas en productos capilares. Repara y reconstituye el cabello desde su parte mas interna, uniendo los enlaces disulfuro mostrando una hebra capilar renovada y con toda su vitalidad. Contiene propiedades de 7 agentes naturales, extracto de espinaca, kale, canela, tomillo, amamelis, malva y prote\u00ednas de trigo.<\/p>\n<p><strong>MODO DE USO:<\/strong> Aplicar una peque\u00f1a cantidad del producto sobre el cabello h\u00famedo y masajear suavemente. Dejar actuar 15 minutos como m\u00ednimo y luego enjuagar.<\/p>\n<p><strong>CONT. NETO:<\/strong> 250g.<\/p>\n<p><strong>MEDIOS DE PAGO:<\/strong> Pago por transferencia (Alias RENOVEPRO) &#8211; Mercado Pago &#8211; Tarjetas de cr\u00e9dito (Visa &#8211; MasterCard &#8211; American Express &#8211; Naranja &#8211; Banco Rioja) &#8211; Tarjetas de Debito (Cabal &#8211; Maestro &#8211; Visa &#8211; Banco Rioja) &#8211; GO Cuotas<\/p>\n<p><span class=\"text-accent\"><span class=\"x19la9d6 x1fc57z9 x6ikm8r x10wlt62 x19co3pv x1g5zs5t xfibh0p xiy17q3 x1xsqp64 x1lkfr7t xexx8yu x4uap5 x18d9i69 xkhd6sd\"><span class=\"xrtxmta x1bhl96m\">\ud83d\ude9b <\/span><\/span><strong>ENVIO GRATIS<\/strong><\/span>\u00a0en la provincia de La Rioja, <span class=\"js-shipping-minimum-label\">superando <\/span><span class=\"js-shipping-minimum-label\">los $150.000,00. El envi\u00f3 para otras provincias ser\u00e1 por correo argentino o por transporte a convenir, a cargo del comprador.<\/span><\/p>\n","protected":false},"excerpt":{"rendered":"<p>MASCARA CAPILAR INSTAPLEX FUSSION &#8211; MAV PROFESIONAL\u00a0 Tratamiento Capilar INSTAPLEX FUSSION combina las dos ultimas y mas modernas tecnolog\u00edas en productos capilares. Repara y reconstituye el cabello desde su parte mas interna,<a class=\"moretag\" href=\"https:\/\/renovepro.com.ar\/index.php\/product\/mascara-capilar-instaplex-fussion-mav-profesional-2\/\">Read More&#8230;<\/a><\/p>\n","protected":false},"featured_media":4704,"comment_status":"closed","ping_status":"closed","template":"","meta":[],"product_brand":[],"product_cat":[58,243],"product_tag":[],"class_list":{"0":"post-4703","1":"product","2":"type-product","3":"status-publish","4":"has-post-thumbnail","6":"product_cat-mascaras-capilares","7":"product_cat-tratamiento-capilar-restaurador","9":"first","10":"instock","11":"sale","12":"shipping-taxable","13":"purchasable","14":"product-type-simple"},"jetpack_sharing_enabled":true,"_links":{"self":[{"href":"https:\/\/renovepro.com.ar\/index.php\/wp-json\/wp\/v2\/product\/4703","targetHints":{"allow":["GET"]}}],"collection":[{"href":"https:\/\/renovepro.com.ar\/index.php\/wp-json\/wp\/v2\/product"}],"about":[{"href":"https:\/\/renovepro.com.ar\/index.php\/wp-json\/wp\/v2\/types\/product"}],"replies":[{"embeddable":true,"href":"https:\/\/renovepro.com.ar\/index.php\/wp-json\/wp\/v2\/comments?post=4703"}],"wp:featuredmedia":[{"embeddable":true,"href":"https:\/\/renovepro.com.ar\/index.php\/wp-json\/wp\/v2\/media\/4704"}],"wp:attachment":[{"href":"https:\/\/renovepro.com.ar\/index.php\/wp-json\/wp\/v2\/media?parent=4703"}],"wp:term":[{"taxonomy":"product_brand","embeddable":true,"href":"https:\/\/renovepro.com.ar\/index.php\/wp-json\/wp\/v2\/product_brand?post=4703"},{"taxonomy":"product_cat","embeddable":true,"href":"https:\/\/renovepro.com.ar\/index.php\/wp-json\/wp\/v2\/product_cat?post=4703"},{"taxonomy":"product_tag","embeddable":true,"href":"https:\/\/renovepro.com.ar\/index.php\/wp-json\/wp\/v2\/product_tag?post=4703"}],"curies":[{"name":"wp","href":"https:\/\/api.w.org\/{rel}","templated":true}]}}