{"id":4628,"date":"2025-01-15T00:15:05","date_gmt":"2025-01-15T00:15:05","guid":{"rendered":"https:\/\/renovepro.com.ar\/?post_type=product&#038;p=4628"},"modified":"2025-12-10T19:28:42","modified_gmt":"2025-12-10T19:28:42","slug":"shampoo-brillo-intenso-cefalu","status":"publish","type":"product","link":"https:\/\/renovepro.com.ar\/index.php\/product\/shampoo-brillo-intenso-cefalu\/","title":{"rendered":"SHAMPOO BRILLO INTENSO &#8211; CEFALU"},"content":{"rendered":"<p><strong>SHAMPOO BRILLO INTENSO &#8211; CEFALU\u00a0<\/strong><\/p>\n<p>Fue formulado para cabellos opacos. Nutre e hidrata la fibra capilar, aport\u00e1ndole brillo y suavidad al cabello.<\/p>\n<p><strong>MODO DE USO:<\/strong> Aplicar una peque\u00f1a cantidad sobre el cabello h\u00famedo y masajear suavemente de ra\u00edz a puntas durante 3 minutos y luego enjuagar.<\/p>\n<p><strong>ADVERTENCIAS:<\/strong>\u00a0Evite el contacto con los ojos, si esto ocurre enjuagar con abundante agua fr\u00eda. Producto de uso externo. Mantener fuera del alcance de los ni\u00f1os. Ante signos de irritaci\u00f3n suspenda su uso y visite a su m\u00e9dico.<\/p>\n<p><strong>CONT. NETO:<\/strong> 630ml.<\/p>\n<p><strong>MEDIOS DE PAGO:<\/strong> Pago por transferencia (Alias RENOVEPRO) &#8211; Mercado Pago &#8211; Tarjetas de cr\u00e9dito (Visa &#8211; MasterCard &#8211; American Express &#8211; Naranja &#8211; Banco Rioja) &#8211; Tarjetas de Debito (Cabal &#8211; Maestro &#8211; Visa &#8211; Banco Rioja) &#8211; GO Cuotas<\/p>\n<p>\ud83d\ude9b<strong> ENVIO GRATIS<\/strong> en la provincia de La Rioja, superando los $150.000,00. El envi\u00f3 para otras provincias ser\u00e1 por correo argentino o por transporte a convenir, a cargo del comprador.<\/p>\n","protected":false},"excerpt":{"rendered":"<p>SHAMPOO BRILLO INTENSO &#8211; CEFALU\u00a0 Fue formulado para cabellos opacos. Nutre e hidrata la fibra capilar, aport\u00e1ndole brillo y suavidad al cabello. MODO DE USO: Aplicar una peque\u00f1a cantidad sobre el cabello<a class=\"moretag\" href=\"https:\/\/renovepro.com.ar\/index.php\/product\/shampoo-brillo-intenso-cefalu\/\">Read More&#8230;<\/a><\/p>\n","protected":false},"featured_media":4629,"comment_status":"closed","ping_status":"closed","template":"","meta":[],"product_brand":[],"product_cat":[60],"product_tag":[],"class_list":{"0":"post-4628","1":"product","2":"type-product","3":"status-publish","4":"has-post-thumbnail","6":"product_cat-shampoo-acondicionador","8":"first","9":"instock","10":"sale","11":"shipping-taxable","12":"purchasable","13":"product-type-simple"},"jetpack_sharing_enabled":true,"_links":{"self":[{"href":"https:\/\/renovepro.com.ar\/index.php\/wp-json\/wp\/v2\/product\/4628","targetHints":{"allow":["GET"]}}],"collection":[{"href":"https:\/\/renovepro.com.ar\/index.php\/wp-json\/wp\/v2\/product"}],"about":[{"href":"https:\/\/renovepro.com.ar\/index.php\/wp-json\/wp\/v2\/types\/product"}],"replies":[{"embeddable":true,"href":"https:\/\/renovepro.com.ar\/index.php\/wp-json\/wp\/v2\/comments?post=4628"}],"wp:featuredmedia":[{"embeddable":true,"href":"https:\/\/renovepro.com.ar\/index.php\/wp-json\/wp\/v2\/media\/4629"}],"wp:attachment":[{"href":"https:\/\/renovepro.com.ar\/index.php\/wp-json\/wp\/v2\/media?parent=4628"}],"wp:term":[{"taxonomy":"product_brand","embeddable":true,"href":"https:\/\/renovepro.com.ar\/index.php\/wp-json\/wp\/v2\/product_brand?post=4628"},{"taxonomy":"product_cat","embeddable":true,"href":"https:\/\/renovepro.com.ar\/index.php\/wp-json\/wp\/v2\/product_cat?post=4628"},{"taxonomy":"product_tag","embeddable":true,"href":"https:\/\/renovepro.com.ar\/index.php\/wp-json\/wp\/v2\/product_tag?post=4628"}],"curies":[{"name":"wp","href":"https:\/\/api.w.org\/{rel}","templated":true}]}}