{"id":4187,"date":"2025-01-03T14:55:51","date_gmt":"2025-01-03T14:55:51","guid":{"rendered":"https:\/\/renovepro.com.ar\/?post_type=product&#038;p=4187"},"modified":"2026-03-10T02:49:17","modified_gmt":"2026-03-10T02:49:17","slug":"serum-control-acido-hialuronico-coalix","status":"publish","type":"product","link":"https:\/\/renovepro.com.ar\/index.php\/product\/serum-control-acido-hialuronico-coalix\/","title":{"rendered":"SERUM CONTROL ACIDO HIALURONICO &#8211; COALIX"},"content":{"rendered":"<p><strong>SERUM CONTROL ACIDO HIALURONICO &#8211; COALIX<\/strong><\/p>\n<p>Es un fluido liviano, no graso de regular aplicaci\u00f3n a base de acido hialuronico y vitamina E, que provocan en el cabello protecci\u00f3n y sellado de la cut\u00edcula, dando como resultado un efecto de suavidad y brillo.<\/p>\n<p><strong>MODO DE USO:<\/strong> Aplicar una peque\u00f1a cantidad de Producto sobre las palmas de las manos y distribuir de modo uniforme sobre toda la Cabellera h\u00fameda o seca. No enjuagar.<\/p>\n<p><strong>SIN PARABENOS\u00a0 <\/strong><\/p>\n<p>\ud83c\udf31 Apto Vegano<\/p>\n<p>\u270b Sin T.A.C.C<\/p>\n<p>\ud83d\udc30 Sin Crueldad Animal<\/p>\n<p><strong>CONT. NETO: <\/strong>30ml.<\/p>\n<p><strong>MEDIOS DE PAGO:<\/strong> Pago por transferencia (Alias RENOVEPRO) &#8211; Mercado Pago &#8211; Tarjetas de cr\u00e9dito (Visa &#8211; MasterCard &#8211; American Express &#8211; Naranja &#8211; Banco Rioja) &#8211; Tarjetas de Debito (Cabal &#8211; Maestro &#8211; Visa &#8211; Banco Rioja) &#8211; GO Cuotas<\/p>\n<p><span class=\"text-accent\"><span class=\"x19la9d6 x1fc57z9 x6ikm8r x10wlt62 x19co3pv x1g5zs5t xfibh0p xiy17q3 x1xsqp64 x1lkfr7t xexx8yu x4uap5 x18d9i69 xkhd6sd\"><span class=\"xrtxmta x1bhl96m\">\ud83d\ude9b <\/span><\/span><strong>ENVIO GRATIS<\/strong><\/span>\u00a0en la provincia de La Rioja, <span class=\"js-shipping-minimum-label\">superando <\/span><span class=\"js-shipping-minimum-label\">los $150.000,00. El envi\u00f3 para otras provincias ser\u00e1 por correo argentino o por transporte a convenir, a cargo del comprador.<\/span><\/p>\n","protected":false},"excerpt":{"rendered":"<p>SERUM CONTROL ACIDO HIALURONICO &#8211; COALIX Es un fluido liviano, no graso de regular aplicaci\u00f3n a base de acido hialuronico y vitamina E, que provocan en el cabello protecci\u00f3n y sellado de<a class=\"moretag\" href=\"https:\/\/renovepro.com.ar\/index.php\/product\/serum-control-acido-hialuronico-coalix\/\">Read More&#8230;<\/a><\/p>\n","protected":false},"featured_media":4188,"comment_status":"closed","ping_status":"closed","template":"","meta":[],"product_brand":[],"product_cat":[61],"product_tag":[],"class_list":{"0":"post-4187","1":"product","2":"type-product","3":"status-publish","4":"has-post-thumbnail","6":"product_cat-oleos-reparadores","8":"first","9":"instock","10":"sale","11":"shipping-taxable","12":"purchasable","13":"product-type-simple"},"jetpack_sharing_enabled":true,"_links":{"self":[{"href":"https:\/\/renovepro.com.ar\/index.php\/wp-json\/wp\/v2\/product\/4187","targetHints":{"allow":["GET"]}}],"collection":[{"href":"https:\/\/renovepro.com.ar\/index.php\/wp-json\/wp\/v2\/product"}],"about":[{"href":"https:\/\/renovepro.com.ar\/index.php\/wp-json\/wp\/v2\/types\/product"}],"replies":[{"embeddable":true,"href":"https:\/\/renovepro.com.ar\/index.php\/wp-json\/wp\/v2\/comments?post=4187"}],"wp:featuredmedia":[{"embeddable":true,"href":"https:\/\/renovepro.com.ar\/index.php\/wp-json\/wp\/v2\/media\/4188"}],"wp:attachment":[{"href":"https:\/\/renovepro.com.ar\/index.php\/wp-json\/wp\/v2\/media?parent=4187"}],"wp:term":[{"taxonomy":"product_brand","embeddable":true,"href":"https:\/\/renovepro.com.ar\/index.php\/wp-json\/wp\/v2\/product_brand?post=4187"},{"taxonomy":"product_cat","embeddable":true,"href":"https:\/\/renovepro.com.ar\/index.php\/wp-json\/wp\/v2\/product_cat?post=4187"},{"taxonomy":"product_tag","embeddable":true,"href":"https:\/\/renovepro.com.ar\/index.php\/wp-json\/wp\/v2\/product_tag?post=4187"}],"curies":[{"name":"wp","href":"https:\/\/api.w.org\/{rel}","templated":true}]}}