{"id":4059,"date":"2024-11-20T23:38:29","date_gmt":"2024-11-20T23:38:29","guid":{"rendered":"https:\/\/renovepro.com.ar\/?post_type=product&#038;p=4059"},"modified":"2025-10-25T18:52:08","modified_gmt":"2025-10-25T18:52:08","slug":"mascara-capilar-matizadora-violet-grey-mav-profesional","status":"publish","type":"product","link":"https:\/\/renovepro.com.ar\/index.php\/product\/mascara-capilar-matizadora-violet-grey-mav-profesional\/","title":{"rendered":"MASCARA CAPILAR MATIZADORA VIOLET &#038; GREY &#8211; MAV PROFESIONAL\u00a0"},"content":{"rendered":"<p><strong>MASCARA CAPILAR MATIZADORA VIOLET &amp; GREY &#8211; MAV PROFESIONAL\u00a0<\/strong><\/p>\n<p>Fue formulado con materias primas seleccionadas para lograr as\u00ed la excelencia del producto. Mascara Color\u00a0 <strong>SILVER BLONDE<\/strong> posee en su formula micro pigmentos que neutralizan los reflejos no deseados al finalizar el trabajo de decoloraci\u00f3n. Con tecnolog\u00eda INSTAPLEX agregada para restaurar a nivel molecular la fibra capilar en el momento de neutralizaci\u00f3n hacen de esta mascara infalible a la hora de buscar ese rubio radiante y visiblemente sano.<\/p>\n<p><strong>MODO DE USO:<\/strong> Aplicar sobre el cabello h\u00famedo luego de terminada la decoloraci\u00f3n. Dejar actuar de 3 a 10 minutos dependiendo de la profundidad del fondo de decoloraci\u00f3n y el matiz al que se busque llegar. Supervisar el trabajo t\u00e9cnico mientras se masajea suavemente el cabello.<\/p>\n<p><strong>ADVERTENCIAS:<\/strong>\u00a0Evite el contacto con los ojos, si esto ocurre enjuagar con abundante agua fr\u00eda. Producto de uso externo. No ingerir. Mantener fuera del alcance de los ni\u00f1os. Ante signos de irritaci\u00f3n suspenda su uso y visite a su m\u00e9dico.<\/p>\n<p><strong>CONT. NETO:<\/strong> 500g.<\/p>\n<p><strong>MEDIOS DE PAGO:<\/strong> Pago por transferencia (Alias RENOVEPRO) &#8211; Mercado Pago &#8211; Tarjetas de cr\u00e9dito (Visa &#8211; MasterCard &#8211; American Express &#8211; Naranja &#8211; Banco Rioja) &#8211; Tarjetas de Debito (Cabal &#8211; Maestro &#8211; Visa &#8211; Banco Rioja) &#8211; GO Cuotas<\/p>\n<p><span class=\"text-accent\"><span class=\"x19la9d6 x1fc57z9 x6ikm8r x10wlt62 x19co3pv x1g5zs5t xfibh0p xiy17q3 x1xsqp64 x1lkfr7t xexx8yu x4uap5 x18d9i69 xkhd6sd\"><span class=\"xrtxmta x1bhl96m\">\ud83d\ude9b <\/span><\/span><strong>ENVIO GRATIS<\/strong><\/span>\u00a0en la provincia de La Rioja, <span class=\"js-shipping-minimum-label\">superando <\/span><span class=\"js-shipping-minimum-label\">los $150.000,00. El envi\u00f3 para otras provincias ser\u00e1 por correo argentino o por transporte a convenir, a cargo del comprador.<\/span><\/p>\n","protected":false},"excerpt":{"rendered":"<p>MASCARA CAPILAR MATIZADORA VIOLET &amp; GREY &#8211; MAV PROFESIONAL\u00a0 Fue formulado con materias primas seleccionadas para lograr as\u00ed la excelencia del producto. Mascara Color\u00a0 SILVER BLONDE posee en su formula micro pigmentos<a class=\"moretag\" href=\"https:\/\/renovepro.com.ar\/index.php\/product\/mascara-capilar-matizadora-violet-grey-mav-profesional\/\">Read More&#8230;<\/a><\/p>\n","protected":false},"featured_media":4060,"comment_status":"closed","ping_status":"closed","template":"","meta":[],"product_brand":[],"product_cat":[241],"product_tag":[],"class_list":{"0":"post-4059","1":"product","2":"type-product","3":"status-publish","4":"has-post-thumbnail","6":"product_cat-matizadores","8":"first","9":"outofstock","10":"sale","11":"shipping-taxable","12":"purchasable","13":"product-type-simple"},"jetpack_sharing_enabled":true,"_links":{"self":[{"href":"https:\/\/renovepro.com.ar\/index.php\/wp-json\/wp\/v2\/product\/4059","targetHints":{"allow":["GET"]}}],"collection":[{"href":"https:\/\/renovepro.com.ar\/index.php\/wp-json\/wp\/v2\/product"}],"about":[{"href":"https:\/\/renovepro.com.ar\/index.php\/wp-json\/wp\/v2\/types\/product"}],"replies":[{"embeddable":true,"href":"https:\/\/renovepro.com.ar\/index.php\/wp-json\/wp\/v2\/comments?post=4059"}],"wp:featuredmedia":[{"embeddable":true,"href":"https:\/\/renovepro.com.ar\/index.php\/wp-json\/wp\/v2\/media\/4060"}],"wp:attachment":[{"href":"https:\/\/renovepro.com.ar\/index.php\/wp-json\/wp\/v2\/media?parent=4059"}],"wp:term":[{"taxonomy":"product_brand","embeddable":true,"href":"https:\/\/renovepro.com.ar\/index.php\/wp-json\/wp\/v2\/product_brand?post=4059"},{"taxonomy":"product_cat","embeddable":true,"href":"https:\/\/renovepro.com.ar\/index.php\/wp-json\/wp\/v2\/product_cat?post=4059"},{"taxonomy":"product_tag","embeddable":true,"href":"https:\/\/renovepro.com.ar\/index.php\/wp-json\/wp\/v2\/product_tag?post=4059"}],"curies":[{"name":"wp","href":"https:\/\/api.w.org\/{rel}","templated":true}]}}