{"id":4047,"date":"2024-11-20T16:35:45","date_gmt":"2024-11-20T16:35:45","guid":{"rendered":"https:\/\/renovepro.com.ar\/?post_type=product&#038;p=4047"},"modified":"2025-12-13T22:19:05","modified_gmt":"2025-12-13T22:19:05","slug":"polvo-decolorante-ever-blonde-premium-mav-profesional","status":"publish","type":"product","link":"https:\/\/renovepro.com.ar\/index.php\/product\/polvo-decolorante-ever-blonde-premium-mav-profesional\/","title":{"rendered":"POLVO DECOLORANTE EVER BLONDE PREMIUM &#8211; MAV PROFESIONAL\u00a0"},"content":{"rendered":"<p><strong>POLVO DECOLORANTE EVER BLONDE PREMIUM &#8211; MAV PROFESIONAL\u00a0<\/strong><\/p>\n<p>Polvo Decolorante Ever Blonde con aceite de arg\u00e1n y aloe vera fue desarrollado con los \u00faltimos avances tecnol\u00f3gicos en materias primas a nivel mundial. Con el refuerzo de la tecnolog\u00eda INSTAPLEX se logra un polvo decolorante reconstructor de los puentes internos de la fibra que lo hacen el \u00fanico en su categor\u00eda de elite. Aclara hasta 7 tonos , hidrata , nutre y repara la fibra capilar todo en un mismo trabajo t\u00e9cnico. Se recomienda utilizar INSTAPLEX para profundizar la reconstrucci\u00f3n de los puentes que contienen da\u00f1o.<\/p>\n<p><strong>MODO DE USO: <\/strong>Colocar en un recipiente no met\u00e1lico 3 medidas de polvo decolorante (60 gr) con 120 ml de agua oxigenada (mezcla 1+2) y misturar hasta obtener una crema homog\u00e9nea. Aplicar la crema sobre el cabello seco y no lavado y dejar actuar de 15 a 45 minutos de acuerdo con el tono de aclaraci\u00f3n deseado. Enjuagar abundantemente y aplicar shampoo EVER NATURE ARGAN &amp; KERATIN.<\/p>\n<p><strong>Cont. Neto<\/strong> 500g.<\/p>\n<p><span class=\"text-accent\"><span class=\"x19la9d6 x1fc57z9 x6ikm8r x10wlt62 x19co3pv x1g5zs5t xfibh0p xiy17q3 x1xsqp64 x1lkfr7t xexx8yu x4uap5 x18d9i69 xkhd6sd\"><span class=\"xrtxmta x1bhl96m\">\ud83d\ude9b <\/span><\/span><strong>Env\u00edo gratis<\/strong><\/span> en la provincia de La Rioja, <span class=\"js-shipping-minimum-label\">superando <\/span><span class=\"js-shipping-minimum-label\">los $150.000,00. El envi\u00f3 para otras provincias ser\u00e1 por correo argentino o por transporte a convenir.<\/span><\/p>\n<p>&nbsp;<\/p>\n","protected":false},"excerpt":{"rendered":"<p>POLVO DECOLORANTE EVER BLONDE PREMIUM &#8211; MAV PROFESIONAL\u00a0 Polvo Decolorante Ever Blonde con aceite de arg\u00e1n y aloe vera fue desarrollado con los \u00faltimos avances tecnol\u00f3gicos en materias primas a nivel mundial.<a class=\"moretag\" href=\"https:\/\/renovepro.com.ar\/index.php\/product\/polvo-decolorante-ever-blonde-premium-mav-profesional\/\">Read More&#8230;<\/a><\/p>\n","protected":false},"featured_media":4048,"comment_status":"closed","ping_status":"closed","template":"","meta":[],"product_brand":[],"product_cat":[64],"product_tag":[],"class_list":{"0":"post-4047","1":"product","2":"type-product","3":"status-publish","4":"has-post-thumbnail","6":"product_cat-polvos-decolorantes","8":"first","9":"outofstock","10":"sale","11":"shipping-taxable","12":"purchasable","13":"product-type-simple"},"jetpack_sharing_enabled":true,"_links":{"self":[{"href":"https:\/\/renovepro.com.ar\/index.php\/wp-json\/wp\/v2\/product\/4047","targetHints":{"allow":["GET"]}}],"collection":[{"href":"https:\/\/renovepro.com.ar\/index.php\/wp-json\/wp\/v2\/product"}],"about":[{"href":"https:\/\/renovepro.com.ar\/index.php\/wp-json\/wp\/v2\/types\/product"}],"replies":[{"embeddable":true,"href":"https:\/\/renovepro.com.ar\/index.php\/wp-json\/wp\/v2\/comments?post=4047"}],"wp:featuredmedia":[{"embeddable":true,"href":"https:\/\/renovepro.com.ar\/index.php\/wp-json\/wp\/v2\/media\/4048"}],"wp:attachment":[{"href":"https:\/\/renovepro.com.ar\/index.php\/wp-json\/wp\/v2\/media?parent=4047"}],"wp:term":[{"taxonomy":"product_brand","embeddable":true,"href":"https:\/\/renovepro.com.ar\/index.php\/wp-json\/wp\/v2\/product_brand?post=4047"},{"taxonomy":"product_cat","embeddable":true,"href":"https:\/\/renovepro.com.ar\/index.php\/wp-json\/wp\/v2\/product_cat?post=4047"},{"taxonomy":"product_tag","embeddable":true,"href":"https:\/\/renovepro.com.ar\/index.php\/wp-json\/wp\/v2\/product_tag?post=4047"}],"curies":[{"name":"wp","href":"https:\/\/api.w.org\/{rel}","templated":true}]}}