{"id":4029,"date":"2024-11-20T15:53:09","date_gmt":"2024-11-20T15:53:09","guid":{"rendered":"https:\/\/renovepro.com.ar\/?post_type=product&#038;p=4029"},"modified":"2026-04-01T17:02:53","modified_gmt":"2026-04-01T17:02:53","slug":"bi-fase-touch-mav-profesional","status":"publish","type":"product","link":"https:\/\/renovepro.com.ar\/index.php\/product\/bi-fase-touch-mav-profesional\/","title":{"rendered":"BI FASE TOUCH &#8211; MAV PROFESIONAL\u00a0"},"content":{"rendered":"<p><strong>BI FASE TOUCH &#8211; MAV PROFESIONAL\u00a0<\/strong><\/p>\n<p>Desenreda y facilita el peinado de manera instant\u00e1nea. Gracias a sus componentes revolucionarios hidrata y nutre el cabello al mismo tiempo que aporta un brillo radiante. Las siliconas protectoras prolongan la duraci\u00f3n del color y son un escudo contra los rayos solares. Brinda cuerpo y volumen tanto a cabellos h\u00famedos como secos. Es un potente tratamiento Anti-Frizz para puntas quebradizas y florecidas. No deja efecto oleoso.<\/p>\n<p><strong>MODO DE USO:<\/strong>\u00a0Agitar el producto hasta obtener una mezcla homog\u00e9nea entre ambas fases. Pulverizar a 15 cm del cabello h\u00famedo o seco y luego proceder al modelado habitual.<\/p>\n<p><strong>ADVERTENCIAS:<\/strong>\u00a0Evite el contacto con los ojos, si esto ocurre enjuagar con abundante agua fr\u00eda. Producto de uso externo. No ingerir. Mantener fuera del alcance de los ni\u00f1os. Ante signos de irritaci\u00f3n suspenda su uso y visite a su m\u00e9dico.<\/p>\n<p><strong>CONT. NETO:<\/strong>\u00a0210ml.<\/p>\n<p><strong>MEDIOS DE PAGO:<\/strong> Pago por transferencia (Alias RENOVEPRO) &#8211; Mercado Pago &#8211; Tarjetas de cr\u00e9dito (Visa &#8211; MasterCard &#8211; American Express &#8211; Naranja &#8211; Banco Rioja) &#8211; Tarjetas de Debito (Cabal &#8211; Maestro &#8211; Visa &#8211; Banco Rioja) &#8211; GO Cuotas<\/p>\n<p><span class=\"text-accent\"><span class=\"x19la9d6 x1fc57z9 x6ikm8r x10wlt62 x19co3pv x1g5zs5t xfibh0p xiy17q3 x1xsqp64 x1lkfr7t xexx8yu x4uap5 x18d9i69 xkhd6sd\"><span class=\"xrtxmta x1bhl96m\">\ud83d\ude9b <\/span><\/span><strong>ENVIO GRATIS<\/strong><\/span>\u00a0en la provincia de La Rioja, <span class=\"js-shipping-minimum-label\">superando <\/span><span class=\"js-shipping-minimum-label\">los $150.000,00. El envi\u00f3 para otras provincias ser\u00e1 por correo argentino o por transporte a convenir, a cargo del comprador.<\/span><\/p>\n<p>&nbsp;<\/p>\n<p>&nbsp;<\/p>\n","protected":false},"excerpt":{"rendered":"<p>BI FASE TOUCH &#8211; MAV PROFESIONAL\u00a0 Desenreda y facilita el peinado de manera instant\u00e1nea. Gracias a sus componentes revolucionarios hidrata y nutre el cabello al mismo tiempo que aporta un brillo radiante.<a class=\"moretag\" href=\"https:\/\/renovepro.com.ar\/index.php\/product\/bi-fase-touch-mav-profesional\/\">Read More&#8230;<\/a><\/p>\n","protected":false},"featured_media":4030,"comment_status":"closed","ping_status":"closed","template":"","meta":[],"product_brand":[],"product_cat":[69,61],"product_tag":[],"class_list":{"0":"post-4029","1":"product","2":"type-product","3":"status-publish","4":"has-post-thumbnail","6":"product_cat-modelado-peinado","7":"product_cat-oleos-reparadores","9":"first","10":"instock","11":"sale","12":"shipping-taxable","13":"purchasable","14":"product-type-simple"},"jetpack_sharing_enabled":true,"_links":{"self":[{"href":"https:\/\/renovepro.com.ar\/index.php\/wp-json\/wp\/v2\/product\/4029","targetHints":{"allow":["GET"]}}],"collection":[{"href":"https:\/\/renovepro.com.ar\/index.php\/wp-json\/wp\/v2\/product"}],"about":[{"href":"https:\/\/renovepro.com.ar\/index.php\/wp-json\/wp\/v2\/types\/product"}],"replies":[{"embeddable":true,"href":"https:\/\/renovepro.com.ar\/index.php\/wp-json\/wp\/v2\/comments?post=4029"}],"wp:featuredmedia":[{"embeddable":true,"href":"https:\/\/renovepro.com.ar\/index.php\/wp-json\/wp\/v2\/media\/4030"}],"wp:attachment":[{"href":"https:\/\/renovepro.com.ar\/index.php\/wp-json\/wp\/v2\/media?parent=4029"}],"wp:term":[{"taxonomy":"product_brand","embeddable":true,"href":"https:\/\/renovepro.com.ar\/index.php\/wp-json\/wp\/v2\/product_brand?post=4029"},{"taxonomy":"product_cat","embeddable":true,"href":"https:\/\/renovepro.com.ar\/index.php\/wp-json\/wp\/v2\/product_cat?post=4029"},{"taxonomy":"product_tag","embeddable":true,"href":"https:\/\/renovepro.com.ar\/index.php\/wp-json\/wp\/v2\/product_tag?post=4029"}],"curies":[{"name":"wp","href":"https:\/\/api.w.org\/{rel}","templated":true}]}}