{"id":4023,"date":"2024-11-20T15:37:04","date_gmt":"2024-11-20T15:37:04","guid":{"rendered":"https:\/\/renovepro.com.ar\/?post_type=product&#038;p=4023"},"modified":"2025-10-25T21:47:01","modified_gmt":"2025-10-25T21:47:01","slug":"shampoo-bond-maintenance-instaplex-mav-profesional","status":"publish","type":"product","link":"https:\/\/renovepro.com.ar\/index.php\/product\/shampoo-bond-maintenance-instaplex-mav-profesional\/","title":{"rendered":"SHAMPOO BOND MAINTENANCE INSTAPLEX &#8211; MAV PROFESIONAL\u00a0"},"content":{"rendered":"<p><strong>SHAMPOO BOND MAINTENANCE INSTAPLEX &#8211; MAV PROFESIONAL\u00a0<\/strong><\/p>\n<p>INSTAPLEX es formulado con activos de ultima generaci\u00f3n en reparaci\u00f3n y reconstrucci\u00f3n de la fibra capilar. La Tecnolog\u00eda Plex que reconstruye el cabello desde lo mas interno actuando de enlace en los puentes de disulfuro que conforman la fibra capilar. Sumado a\u00a0 los potentes propiedades hidratantes del aceite de arg\u00e1n y las bondades de la queratina.<\/p>\n<p><strong>MODO DE USO:<\/strong> Aplicar una peque\u00f1a cantidad sobre el cabello h\u00famedo, masajear suavemente unos minutos y luego enjuagar.<\/p>\n<p><strong>ADVERTENCIAS:<\/strong> No aplicar sobre cuero cabelludo irritado. Producto de uso externo. No ingerir. Mantener fuera del alcance de los ni\u00f1os.<\/p>\n<p><strong>CONT. NETO:<\/strong>\u00a0250ml.<\/p>\n<p><strong>MEDIOS DE PAGO:<\/strong> Pago por transferencia (Alias RENOVEPRO) &#8211; Mercado Pago &#8211; Tarjetas de cr\u00e9dito (Visa &#8211; MasterCard &#8211; American Express &#8211; Naranja &#8211; Banco Rioja) &#8211; Tarjetas de Debito (Cabal &#8211; Maestro &#8211; Visa &#8211; Banco Rioja) &#8211; GO Cuotas<\/p>\n<p><span class=\"text-accent\"><span class=\"x19la9d6 x1fc57z9 x6ikm8r x10wlt62 x19co3pv x1g5zs5t xfibh0p xiy17q3 x1xsqp64 x1lkfr7t xexx8yu x4uap5 x18d9i69 xkhd6sd\"><span class=\"xrtxmta x1bhl96m\">\ud83d\ude9b <\/span><\/span><strong>ENVIO GRATIS<\/strong><\/span>\u00a0en la provincia de La Rioja, <span class=\"js-shipping-minimum-label\">superando <\/span><span class=\"js-shipping-minimum-label\">los $150.000,00. El envi\u00f3 para otras provincias ser\u00e1 por correo argentino o por transporte a convenir, a cargo del comprador.<\/span><\/p>\n","protected":false},"excerpt":{"rendered":"<p>SHAMPOO BOND MAINTENANCE INSTAPLEX &#8211; MAV PROFESIONAL\u00a0 INSTAPLEX es formulado con activos de ultima generaci\u00f3n en reparaci\u00f3n y reconstrucci\u00f3n de la fibra capilar. La Tecnolog\u00eda Plex que reconstruye el cabello desde lo<a class=\"moretag\" href=\"https:\/\/renovepro.com.ar\/index.php\/product\/shampoo-bond-maintenance-instaplex-mav-profesional\/\">Read More&#8230;<\/a><\/p>\n","protected":false},"featured_media":4024,"comment_status":"closed","ping_status":"closed","template":"","meta":[],"product_brand":[],"product_cat":[60],"product_tag":[],"class_list":{"0":"post-4023","1":"product","2":"type-product","3":"status-publish","4":"has-post-thumbnail","6":"product_cat-shampoo-acondicionador","8":"first","9":"instock","10":"sale","11":"shipping-taxable","12":"purchasable","13":"product-type-simple"},"jetpack_sharing_enabled":true,"_links":{"self":[{"href":"https:\/\/renovepro.com.ar\/index.php\/wp-json\/wp\/v2\/product\/4023","targetHints":{"allow":["GET"]}}],"collection":[{"href":"https:\/\/renovepro.com.ar\/index.php\/wp-json\/wp\/v2\/product"}],"about":[{"href":"https:\/\/renovepro.com.ar\/index.php\/wp-json\/wp\/v2\/types\/product"}],"replies":[{"embeddable":true,"href":"https:\/\/renovepro.com.ar\/index.php\/wp-json\/wp\/v2\/comments?post=4023"}],"wp:featuredmedia":[{"embeddable":true,"href":"https:\/\/renovepro.com.ar\/index.php\/wp-json\/wp\/v2\/media\/4024"}],"wp:attachment":[{"href":"https:\/\/renovepro.com.ar\/index.php\/wp-json\/wp\/v2\/media?parent=4023"}],"wp:term":[{"taxonomy":"product_brand","embeddable":true,"href":"https:\/\/renovepro.com.ar\/index.php\/wp-json\/wp\/v2\/product_brand?post=4023"},{"taxonomy":"product_cat","embeddable":true,"href":"https:\/\/renovepro.com.ar\/index.php\/wp-json\/wp\/v2\/product_cat?post=4023"},{"taxonomy":"product_tag","embeddable":true,"href":"https:\/\/renovepro.com.ar\/index.php\/wp-json\/wp\/v2\/product_tag?post=4023"}],"curies":[{"name":"wp","href":"https:\/\/api.w.org\/{rel}","templated":true}]}}