{"id":4006,"date":"2024-11-20T15:10:31","date_gmt":"2024-11-20T15:10:31","guid":{"rendered":"https:\/\/renovepro.com.ar\/?post_type=product&#038;p=4006"},"modified":"2025-10-25T21:59:15","modified_gmt":"2025-10-25T21:59:15","slug":"styling-cream-active-macadamia-caviar-mav-profesional","status":"publish","type":"product","link":"https:\/\/renovepro.com.ar\/index.php\/product\/styling-cream-active-macadamia-caviar-mav-profesional\/","title":{"rendered":"STYLING CREAM ACTIVE MACADAMIA &#038; CAVIAR &#8211; MAV PROFESIONAL"},"content":{"rendered":"<p><strong>STYLING CREAM ACTIVE MACADAMIA &amp; CAVIAR &#8211; MAV PROFESIONAL\u00a0<\/strong><\/p>\n<p>Nutre la fibra capilar garantizando mas brillo, movimiento y peinados mas definidos. Elimina el frizz y aporta cuerpo y volumen a tu pelo. Contiene filtros solares que protegen la vida del color.<\/p>\n<p><strong>MODO DE USO:<\/strong>\u00a0Esparcir en las manos y distribuir homog\u00e9neamente en el cabello h\u00famedo. Proceder a peinar.<\/p>\n<p><strong>ADVERTENCIAS:<\/strong>\u00a0Producto de uso externo. Mantener fuera del alcance de los ni\u00f1os. Ante signos de irritaci\u00f3n suspenda su uso y visite a su m\u00e9dico.<\/p>\n<p><strong>CONT. NETO:<\/strong>\u00a0250ml.<\/p>\n<p><strong>MEDIOS DE PAGO:<\/strong> Pago por transferencia (Alias RENOVEPRO) &#8211; Mercado Pago &#8211; Tarjetas de cr\u00e9dito (Visa &#8211; MasterCard &#8211; American Express &#8211; Naranja &#8211; Banco Rioja) &#8211; Tarjetas de Debito (Cabal &#8211; Maestro &#8211; Visa &#8211; Banco Rioja) &#8211; GO Cuotas<\/p>\n<p><span class=\"text-accent\"><span class=\"x19la9d6 x1fc57z9 x6ikm8r x10wlt62 x19co3pv x1g5zs5t xfibh0p xiy17q3 x1xsqp64 x1lkfr7t xexx8yu x4uap5 x18d9i69 xkhd6sd\"><span class=\"xrtxmta x1bhl96m\">\ud83d\ude9b <\/span><\/span><strong>ENVIO GRATIS<\/strong><\/span>\u00a0en la provincia de La Rioja, <span class=\"js-shipping-minimum-label\">superando <\/span><span class=\"js-shipping-minimum-label\">los $150.000,00. El envi\u00f3 para otras provincias ser\u00e1 por correo argentino o por transporte a convenir, a cargo del comprador.<\/span><\/p>\n","protected":false},"excerpt":{"rendered":"<p>STYLING CREAM ACTIVE MACADAMIA &amp; CAVIAR &#8211; MAV PROFESIONAL\u00a0 Nutre la fibra capilar garantizando mas brillo, movimiento y peinados mas definidos. Elimina el frizz y aporta cuerpo y volumen a tu pelo.<a class=\"moretag\" href=\"https:\/\/renovepro.com.ar\/index.php\/product\/styling-cream-active-macadamia-caviar-mav-profesional\/\">Read More&#8230;<\/a><\/p>\n","protected":false},"featured_media":4007,"comment_status":"closed","ping_status":"closed","template":"","meta":[],"product_brand":[],"product_cat":[69,243],"product_tag":[],"class_list":{"0":"post-4006","1":"product","2":"type-product","3":"status-publish","4":"has-post-thumbnail","6":"product_cat-modelado-peinado","7":"product_cat-tratamiento-capilar-restaurador","9":"first","10":"instock","11":"sale","12":"shipping-taxable","13":"purchasable","14":"product-type-simple"},"jetpack_sharing_enabled":true,"_links":{"self":[{"href":"https:\/\/renovepro.com.ar\/index.php\/wp-json\/wp\/v2\/product\/4006","targetHints":{"allow":["GET"]}}],"collection":[{"href":"https:\/\/renovepro.com.ar\/index.php\/wp-json\/wp\/v2\/product"}],"about":[{"href":"https:\/\/renovepro.com.ar\/index.php\/wp-json\/wp\/v2\/types\/product"}],"replies":[{"embeddable":true,"href":"https:\/\/renovepro.com.ar\/index.php\/wp-json\/wp\/v2\/comments?post=4006"}],"wp:featuredmedia":[{"embeddable":true,"href":"https:\/\/renovepro.com.ar\/index.php\/wp-json\/wp\/v2\/media\/4007"}],"wp:attachment":[{"href":"https:\/\/renovepro.com.ar\/index.php\/wp-json\/wp\/v2\/media?parent=4006"}],"wp:term":[{"taxonomy":"product_brand","embeddable":true,"href":"https:\/\/renovepro.com.ar\/index.php\/wp-json\/wp\/v2\/product_brand?post=4006"},{"taxonomy":"product_cat","embeddable":true,"href":"https:\/\/renovepro.com.ar\/index.php\/wp-json\/wp\/v2\/product_cat?post=4006"},{"taxonomy":"product_tag","embeddable":true,"href":"https:\/\/renovepro.com.ar\/index.php\/wp-json\/wp\/v2\/product_tag?post=4006"}],"curies":[{"name":"wp","href":"https:\/\/api.w.org\/{rel}","templated":true}]}}