{"id":3998,"date":"2024-11-20T14:55:20","date_gmt":"2024-11-20T14:55:20","guid":{"rendered":"https:\/\/renovepro.com.ar\/?post_type=product&#038;p=3998"},"modified":"2026-01-12T23:58:22","modified_gmt":"2026-01-12T23:58:22","slug":"mascara-capilar-ever-nature-active-mav-profesional","status":"publish","type":"product","link":"https:\/\/renovepro.com.ar\/index.php\/product\/mascara-capilar-ever-nature-active-mav-profesional\/","title":{"rendered":"MASCARA CAPILAR EVER NATURE ACTIVE &#8211; MAV PROFESIONAL\u00a0"},"content":{"rendered":"<p><strong>MASCARA CAPILAR EVER NATURE ACTIVE &#8211; MAV PROFESIONAL\u00a0<\/strong><\/p>\n<p>Tratamiento Capilar con aceite de arg\u00e1n, keratina y agua termal natural,\u00a0 hidrata y nutre la fibra capilar de manera intensiva ayudando a su r\u00e1pida recuperaci\u00f3n. El aceite de arg\u00e1n es rico en \u00e1cidos grasos, omega 3, omega 9 y vitamina E. Gracias a sus propiedades combate el envejecimiento capilar. El agua termal aporta todos sus nutrientes y sales minerales que sumados al aceite de arg\u00e1n hacen la combinaci\u00f3n perfecta para combatir el frizz. Contiene filtros solares.<\/p>\n<p><strong>MODO DE USO:<\/strong>\u00a0Aplicar sobre el cabello h\u00famedo. Esparcir y masajear suavemente. Dejar actuar 15 minutos y luego enjuagar. Se recomienda utilizar\u00a0<strong>SHAMPOO y CONDITIONER EVERNATURE.<\/strong><\/p>\n<p><strong>ADVERTENCIAS:<\/strong>\u00a0Evite el contacto con los ojos, si esto ocurre enjuagar con abundante agua fr\u00eda. Producto de uso externo. Mantener fuera del alcance de los ni\u00f1os. Ante signos de irritaci\u00f3n suspenda su uso y visite a su m\u00e9dico.<\/p>\n<p><strong>CONT. NETO:<\/strong>\u00a0250g.<\/p>\n<p><strong>MEDIOS DE PAGO:<\/strong> Pago por transferencia (Alias RENOVEPRO) &#8211; Mercado Pago &#8211; Tarjetas de cr\u00e9dito (Visa &#8211; MasterCard &#8211; American Express &#8211; Naranja &#8211; Banco Rioja) &#8211; Tarjetas de Debito (Cabal &#8211; Maestro &#8211; Visa &#8211; Banco Rioja) &#8211; GO Cuotas<\/p>\n<p><span class=\"text-accent\"><span class=\"x19la9d6 x1fc57z9 x6ikm8r x10wlt62 x19co3pv x1g5zs5t xfibh0p xiy17q3 x1xsqp64 x1lkfr7t xexx8yu x4uap5 x18d9i69 xkhd6sd\"><span class=\"xrtxmta x1bhl96m\">\ud83d\ude9b <\/span><\/span><strong>ENVIO GRATIS<\/strong><\/span>\u00a0en la provincia de La Rioja, <span class=\"js-shipping-minimum-label\">superando <\/span><span class=\"js-shipping-minimum-label\">los $150.000,00. El envi\u00f3 para otras provincias ser\u00e1 por correo argentino o por transporte a convenir, a cargo del comprador.<\/span><\/p>\n","protected":false},"excerpt":{"rendered":"<p>MASCARA CAPILAR EVER NATURE ACTIVE &#8211; MAV PROFESIONAL\u00a0 Tratamiento Capilar con aceite de arg\u00e1n, keratina y agua termal natural,\u00a0 hidrata y nutre la fibra capilar de manera intensiva ayudando a su r\u00e1pida<a class=\"moretag\" href=\"https:\/\/renovepro.com.ar\/index.php\/product\/mascara-capilar-ever-nature-active-mav-profesional\/\">Read More&#8230;<\/a><\/p>\n","protected":false},"featured_media":3999,"comment_status":"closed","ping_status":"closed","template":"","meta":[],"product_brand":[],"product_cat":[58,243],"product_tag":[],"class_list":{"0":"post-3998","1":"product","2":"type-product","3":"status-publish","4":"has-post-thumbnail","6":"product_cat-mascaras-capilares","7":"product_cat-tratamiento-capilar-restaurador","9":"first","10":"instock","11":"sale","12":"shipping-taxable","13":"purchasable","14":"product-type-simple"},"jetpack_sharing_enabled":true,"_links":{"self":[{"href":"https:\/\/renovepro.com.ar\/index.php\/wp-json\/wp\/v2\/product\/3998","targetHints":{"allow":["GET"]}}],"collection":[{"href":"https:\/\/renovepro.com.ar\/index.php\/wp-json\/wp\/v2\/product"}],"about":[{"href":"https:\/\/renovepro.com.ar\/index.php\/wp-json\/wp\/v2\/types\/product"}],"replies":[{"embeddable":true,"href":"https:\/\/renovepro.com.ar\/index.php\/wp-json\/wp\/v2\/comments?post=3998"}],"wp:featuredmedia":[{"embeddable":true,"href":"https:\/\/renovepro.com.ar\/index.php\/wp-json\/wp\/v2\/media\/3999"}],"wp:attachment":[{"href":"https:\/\/renovepro.com.ar\/index.php\/wp-json\/wp\/v2\/media?parent=3998"}],"wp:term":[{"taxonomy":"product_brand","embeddable":true,"href":"https:\/\/renovepro.com.ar\/index.php\/wp-json\/wp\/v2\/product_brand?post=3998"},{"taxonomy":"product_cat","embeddable":true,"href":"https:\/\/renovepro.com.ar\/index.php\/wp-json\/wp\/v2\/product_cat?post=3998"},{"taxonomy":"product_tag","embeddable":true,"href":"https:\/\/renovepro.com.ar\/index.php\/wp-json\/wp\/v2\/product_tag?post=3998"}],"curies":[{"name":"wp","href":"https:\/\/api.w.org\/{rel}","templated":true}]}}