{"id":3996,"date":"2024-11-20T14:52:25","date_gmt":"2024-11-20T14:52:25","guid":{"rendered":"https:\/\/renovepro.com.ar\/?post_type=product&#038;p=3996"},"modified":"2025-10-25T22:08:20","modified_gmt":"2025-10-25T22:08:20","slug":"styling-cream-ever-nature-active-mav-profesional","status":"publish","type":"product","link":"https:\/\/renovepro.com.ar\/index.php\/product\/styling-cream-ever-nature-active-mav-profesional\/","title":{"rendered":"STYLING CREAM EVER NATURE ACTIVE &#8211; MAV PROFESIONAL\u00a0"},"content":{"rendered":"<p><strong>STYLING CREAM EVER NATURE ACTIVE &#8211; MAV PROFESIONAL\u00a0<\/strong><\/p>\n<p>El Styling Cream Ever Nature Active hidrata y nutre la fibra capilar de ra\u00edz a puntas dej\u00e1ndolo ligero y suave con una textura sedosa y un brillo natural. El aceite de arg\u00e1n es rico en \u00e1cidos grasos, omega 3, omega 9 y vitamina E. Gracias a sus propiedades combate el envejecimiento capilar. La keratina aporta todos sus nutrientes y sales minerales que sumados al aceite de arg\u00e1n hacen la combinaci\u00f3n perfecta para combatir el frizz. Contiene filtros solares. Para cabellos secos y da\u00f1ados.<\/p>\n<p><strong>MODO DE USO:<\/strong> Aplicar sobre la palma de la mano y esparcir sobre toda la cabellera hasta lograr el look deseado. Ideal para cabellos con rulos y ondeados. Sin enjuague.<\/p>\n<p><strong>CONT. NETO:<\/strong>\u00a0250ml.<\/p>\n<p><strong>MEDIOS DE PAGO:<\/strong> Pago por transferencia (Alias RENOVEPRO) &#8211; Mercado Pago &#8211; Tarjetas de cr\u00e9dito (Visa &#8211; MasterCard &#8211; American Express &#8211; Naranja &#8211; Banco Rioja) &#8211; Tarjetas de Debito (Cabal &#8211; Maestro &#8211; Visa &#8211; Banco Rioja) &#8211; GO Cuotas<\/p>\n<p><span class=\"text-accent\"><span class=\"x19la9d6 x1fc57z9 x6ikm8r x10wlt62 x19co3pv x1g5zs5t xfibh0p xiy17q3 x1xsqp64 x1lkfr7t xexx8yu x4uap5 x18d9i69 xkhd6sd\"><span class=\"xrtxmta x1bhl96m\">\ud83d\ude9b <\/span><\/span><strong>ENVIO GRATIS<\/strong><\/span>\u00a0en la provincia de La Rioja, <span class=\"js-shipping-minimum-label\">superando <\/span><span class=\"js-shipping-minimum-label\">los $150.000,00. El envi\u00f3 para otras provincias ser\u00e1 por correo argentino o por transporte a convenir, a cargo del comprador.<\/span><\/p>\n","protected":false},"excerpt":{"rendered":"<p>STYLING CREAM EVER NATURE ACTIVE &#8211; MAV PROFESIONAL\u00a0 El Styling Cream Ever Nature Active hidrata y nutre la fibra capilar de ra\u00edz a puntas dej\u00e1ndolo ligero y suave con una textura sedosa<a class=\"moretag\" href=\"https:\/\/renovepro.com.ar\/index.php\/product\/styling-cream-ever-nature-active-mav-profesional\/\">Read More&#8230;<\/a><\/p>\n","protected":false},"featured_media":3997,"comment_status":"closed","ping_status":"closed","template":"","meta":[],"product_brand":[],"product_cat":[69,243],"product_tag":[],"class_list":{"0":"post-3996","1":"product","2":"type-product","3":"status-publish","4":"has-post-thumbnail","6":"product_cat-modelado-peinado","7":"product_cat-tratamiento-capilar-restaurador","9":"first","10":"instock","11":"sale","12":"shipping-taxable","13":"purchasable","14":"product-type-simple"},"jetpack_sharing_enabled":true,"_links":{"self":[{"href":"https:\/\/renovepro.com.ar\/index.php\/wp-json\/wp\/v2\/product\/3996","targetHints":{"allow":["GET"]}}],"collection":[{"href":"https:\/\/renovepro.com.ar\/index.php\/wp-json\/wp\/v2\/product"}],"about":[{"href":"https:\/\/renovepro.com.ar\/index.php\/wp-json\/wp\/v2\/types\/product"}],"replies":[{"embeddable":true,"href":"https:\/\/renovepro.com.ar\/index.php\/wp-json\/wp\/v2\/comments?post=3996"}],"wp:featuredmedia":[{"embeddable":true,"href":"https:\/\/renovepro.com.ar\/index.php\/wp-json\/wp\/v2\/media\/3997"}],"wp:attachment":[{"href":"https:\/\/renovepro.com.ar\/index.php\/wp-json\/wp\/v2\/media?parent=3996"}],"wp:term":[{"taxonomy":"product_brand","embeddable":true,"href":"https:\/\/renovepro.com.ar\/index.php\/wp-json\/wp\/v2\/product_brand?post=3996"},{"taxonomy":"product_cat","embeddable":true,"href":"https:\/\/renovepro.com.ar\/index.php\/wp-json\/wp\/v2\/product_cat?post=3996"},{"taxonomy":"product_tag","embeddable":true,"href":"https:\/\/renovepro.com.ar\/index.php\/wp-json\/wp\/v2\/product_tag?post=3996"}],"curies":[{"name":"wp","href":"https:\/\/api.w.org\/{rel}","templated":true}]}}