{"id":3990,"date":"2024-11-20T14:43:09","date_gmt":"2024-11-20T14:43:09","guid":{"rendered":"https:\/\/renovepro.com.ar\/?post_type=product&#038;p=3990"},"modified":"2025-10-25T22:13:32","modified_gmt":"2025-10-25T22:13:32","slug":"shampoo-ever-nature-active-mav-profesional-2","status":"publish","type":"product","link":"https:\/\/renovepro.com.ar\/index.php\/product\/shampoo-ever-nature-active-mav-profesional-2\/","title":{"rendered":"SHAMPOO EVER NATURE ACTIVE &#8211; MAV PROFESIONAL\u00a0"},"content":{"rendered":"<p><strong>SHAMPOO EVER NATURE ACTIVE &#8211; MAV PROFESIONAL\u00a0<\/strong><\/p>\n<p>El Shampoo Ever Nature Active con aceite de arg\u00e1n limpia delicadamente todo tipo de cabellos, devolvi\u00e9ndole la hidrataci\u00f3n, el brillo y la suavidad natural. El aceite de arg\u00e1n es rico en \u00e1cidos grasos, omega 3, omega 9 y vitamina E, gracias a sus propiedades combate el envejecimiento capilar. Su f\u00f3rmula esta compuesta por activos naturales que revitalizan el cabello por completo. Contiene filtros solares UV que lo protegen de los rayos, alargando as\u00ed la vida del color.<\/p>\n<p><strong>MODO DE USO:<\/strong>\u00a0Aplicar sobre el cabello h\u00famedo y masajear suavemente de ra\u00edz a puntas. Enjuagar y repetir si es necesario. Se recomienda utilizar\u00a0<strong>CONDITIONER EVER NATURE.<\/strong><\/p>\n<p><strong>CONT. NETO:<\/strong>\u00a0250ml.<\/p>\n<p><strong>MEDIOS DE PAGO:<\/strong> Pago por transferencia (Alias RENOVEPRO) &#8211; Mercado Pago &#8211; Tarjetas de cr\u00e9dito (Visa &#8211; MasterCard &#8211; American Express &#8211; Naranja &#8211; Banco Rioja) &#8211; Tarjetas de Debito (Cabal &#8211; Maestro &#8211; Visa &#8211; Banco Rioja) &#8211; GO Cuotas<\/p>\n<p><span class=\"text-accent\"><span class=\"x19la9d6 x1fc57z9 x6ikm8r x10wlt62 x19co3pv x1g5zs5t xfibh0p xiy17q3 x1xsqp64 x1lkfr7t xexx8yu x4uap5 x18d9i69 xkhd6sd\"><span class=\"xrtxmta x1bhl96m\">\ud83d\ude9b <\/span><\/span><strong>ENVIO GRATIS<\/strong><\/span>\u00a0en la provincia de La Rioja, <span class=\"js-shipping-minimum-label\">superando <\/span><span class=\"js-shipping-minimum-label\">los $150.000,00. El envi\u00f3 para otras provincias ser\u00e1 por correo argentino o por transporte a convenir, a cargo del comprador.<\/span><\/p>\n","protected":false},"excerpt":{"rendered":"<p>SHAMPOO EVER NATURE ACTIVE &#8211; MAV PROFESIONAL\u00a0 El Shampoo Ever Nature Active con aceite de arg\u00e1n limpia delicadamente todo tipo de cabellos, devolvi\u00e9ndole la hidrataci\u00f3n, el brillo y la suavidad natural. El<a class=\"moretag\" href=\"https:\/\/renovepro.com.ar\/index.php\/product\/shampoo-ever-nature-active-mav-profesional-2\/\">Read More&#8230;<\/a><\/p>\n","protected":false},"featured_media":3991,"comment_status":"closed","ping_status":"closed","template":"","meta":[],"product_brand":[],"product_cat":[60],"product_tag":[],"class_list":{"0":"post-3990","1":"product","2":"type-product","3":"status-publish","4":"has-post-thumbnail","6":"product_cat-shampoo-acondicionador","8":"first","9":"instock","10":"sale","11":"shipping-taxable","12":"purchasable","13":"product-type-simple"},"jetpack_sharing_enabled":true,"_links":{"self":[{"href":"https:\/\/renovepro.com.ar\/index.php\/wp-json\/wp\/v2\/product\/3990","targetHints":{"allow":["GET"]}}],"collection":[{"href":"https:\/\/renovepro.com.ar\/index.php\/wp-json\/wp\/v2\/product"}],"about":[{"href":"https:\/\/renovepro.com.ar\/index.php\/wp-json\/wp\/v2\/types\/product"}],"replies":[{"embeddable":true,"href":"https:\/\/renovepro.com.ar\/index.php\/wp-json\/wp\/v2\/comments?post=3990"}],"wp:featuredmedia":[{"embeddable":true,"href":"https:\/\/renovepro.com.ar\/index.php\/wp-json\/wp\/v2\/media\/3991"}],"wp:attachment":[{"href":"https:\/\/renovepro.com.ar\/index.php\/wp-json\/wp\/v2\/media?parent=3990"}],"wp:term":[{"taxonomy":"product_brand","embeddable":true,"href":"https:\/\/renovepro.com.ar\/index.php\/wp-json\/wp\/v2\/product_brand?post=3990"},{"taxonomy":"product_cat","embeddable":true,"href":"https:\/\/renovepro.com.ar\/index.php\/wp-json\/wp\/v2\/product_cat?post=3990"},{"taxonomy":"product_tag","embeddable":true,"href":"https:\/\/renovepro.com.ar\/index.php\/wp-json\/wp\/v2\/product_tag?post=3990"}],"curies":[{"name":"wp","href":"https:\/\/api.w.org\/{rel}","templated":true}]}}