{"id":3979,"date":"2024-11-20T13:48:51","date_gmt":"2024-11-20T13:48:51","guid":{"rendered":"https:\/\/renovepro.com.ar\/?post_type=product&#038;p=3979"},"modified":"2025-10-25T22:19:42","modified_gmt":"2025-10-25T22:19:42","slug":"acondicionador-extra-acido-mav-profesional-3","status":"publish","type":"product","link":"https:\/\/renovepro.com.ar\/index.php\/product\/acondicionador-extra-acido-mav-profesional-3\/","title":{"rendered":"ACONDICIONADOR EXTRA ACIDO &#8211; MAV PROFESIONAL\u00a0"},"content":{"rendered":"<p><strong>ACONDICIONADOR EXTRA ACIDO &#8211; MAV PROFESIONAL\u00a0<\/strong><\/p>\n<p>El Acondicionador Extra \u00c1cido fue formulado con materias primas seleccionadas para asegurar el aporte de nutrientes al cabello. Gracias a su pH extra \u00e1cido logra restaurar la fibra capilar en su totalidad, sellando la cut\u00edcula y luciendo un cabello brillante y sedoso. Gran poder desenredante, ideal para finalizar trabajos t\u00e9cnicos y nivelar el pH final. Otorga hidrataci\u00f3n profunda a cabellos da\u00f1ados y muy castigados.<\/p>\n<p><strong>MODO DE USO:<\/strong> Aplicar sobre el cabello lavado y h\u00famedo, evitando la ra\u00edz. Dejar actuar de 3 minutos y enjuagar.<\/p>\n<p><strong>CONT. NETO: <\/strong>5000g.<\/p>\n<p><strong>MEDIOS DE PAGO:<\/strong> Pago por transferencia (Alias RENOVEPRO) &#8211; Mercado Pago &#8211; Tarjetas de cr\u00e9dito (Visa &#8211; MasterCard &#8211; American Express &#8211; Naranja &#8211; Banco Rioja) &#8211; Tarjetas de Debito (Cabal &#8211; Maestro &#8211; Visa &#8211; Banco Rioja) &#8211; GO Cuotas<\/p>\n<p><span class=\"text-accent\"><span class=\"x19la9d6 x1fc57z9 x6ikm8r x10wlt62 x19co3pv x1g5zs5t xfibh0p xiy17q3 x1xsqp64 x1lkfr7t xexx8yu x4uap5 x18d9i69 xkhd6sd\"><span class=\"xrtxmta x1bhl96m\">\ud83d\ude9b <\/span><\/span><strong>ENVIO GRATIS<\/strong><\/span>\u00a0en la provincia de La Rioja, <span class=\"js-shipping-minimum-label\">superando <\/span><span class=\"js-shipping-minimum-label\">los $150.000,00. El envi\u00f3 para otras provincias ser\u00e1 por correo argentino o por transporte a convenir, a cargo del comprador.<\/span><\/p>\n","protected":false},"excerpt":{"rendered":"<p>ACONDICIONADOR EXTRA ACIDO &#8211; MAV PROFESIONAL\u00a0 El Acondicionador Extra \u00c1cido fue formulado con materias primas seleccionadas para asegurar el aporte de nutrientes al cabello. Gracias a su pH extra \u00e1cido logra restaurar<a class=\"moretag\" href=\"https:\/\/renovepro.com.ar\/index.php\/product\/acondicionador-extra-acido-mav-profesional-3\/\">Read More&#8230;<\/a><\/p>\n","protected":false},"featured_media":3980,"comment_status":"closed","ping_status":"closed","template":"","meta":[],"product_brand":[],"product_cat":[60],"product_tag":[],"class_list":{"0":"post-3979","1":"product","2":"type-product","3":"status-publish","4":"has-post-thumbnail","6":"product_cat-shampoo-acondicionador","8":"first","9":"instock","10":"sale","11":"shipping-taxable","12":"purchasable","13":"product-type-simple"},"jetpack_sharing_enabled":true,"_links":{"self":[{"href":"https:\/\/renovepro.com.ar\/index.php\/wp-json\/wp\/v2\/product\/3979","targetHints":{"allow":["GET"]}}],"collection":[{"href":"https:\/\/renovepro.com.ar\/index.php\/wp-json\/wp\/v2\/product"}],"about":[{"href":"https:\/\/renovepro.com.ar\/index.php\/wp-json\/wp\/v2\/types\/product"}],"replies":[{"embeddable":true,"href":"https:\/\/renovepro.com.ar\/index.php\/wp-json\/wp\/v2\/comments?post=3979"}],"wp:featuredmedia":[{"embeddable":true,"href":"https:\/\/renovepro.com.ar\/index.php\/wp-json\/wp\/v2\/media\/3980"}],"wp:attachment":[{"href":"https:\/\/renovepro.com.ar\/index.php\/wp-json\/wp\/v2\/media?parent=3979"}],"wp:term":[{"taxonomy":"product_brand","embeddable":true,"href":"https:\/\/renovepro.com.ar\/index.php\/wp-json\/wp\/v2\/product_brand?post=3979"},{"taxonomy":"product_cat","embeddable":true,"href":"https:\/\/renovepro.com.ar\/index.php\/wp-json\/wp\/v2\/product_cat?post=3979"},{"taxonomy":"product_tag","embeddable":true,"href":"https:\/\/renovepro.com.ar\/index.php\/wp-json\/wp\/v2\/product_tag?post=3979"}],"curies":[{"name":"wp","href":"https:\/\/api.w.org\/{rel}","templated":true}]}}