{"id":3946,"date":"2024-11-20T12:21:00","date_gmt":"2024-11-20T12:21:00","guid":{"rendered":"https:\/\/renovepro.com.ar\/?post_type=product&#038;p=3946"},"modified":"2026-01-13T00:00:29","modified_gmt":"2026-01-13T00:00:29","slug":"mascara-capilar-extracto-de-uva-acido-hialuronico-mav-profesional-2","status":"publish","type":"product","link":"https:\/\/renovepro.com.ar\/index.php\/product\/mascara-capilar-extracto-de-uva-acido-hialuronico-mav-profesional-2\/","title":{"rendered":"MASCARA CAPILAR EXTRACTO DE UVA &#038; ACIDO HIALURONICO &#8211; MAV\u00a0PROFESIONAL"},"content":{"rendered":"<p><strong>MASCARA CAPILAR EXTRACTO DE UVA &amp; ACIDO HIALURONICO &#8211; MAV\u00a0<\/strong><\/p>\n<p>La M\u00e1scara Capilar De Extracto De Uva &amp; \u00c1cido Hialur\u00f3nico fue formulada con materias primas seleccionadas para asegurar el aporte de nutrientes al cabello. El \u00e1cido Hialur\u00f3nico al igual que en la piel trabaja como tensor, rellenando las imperfecciones de la fibra capilar haci\u00e9ndolo lucir mas fuerte y recuperado. El extracto de vitis vinifera (uva) aporta nutrici\u00f3n al mismo tiempo ayuda al crecimiento y fortalecimiento del cabello. Efecto Botox.<\/p>\n<p><strong>MODO DE USO:<\/strong> Aplicar sobre el cabello lavado y h\u00famedo, evitando la ra\u00edz. Dejar actuar de 5 a 10 minutos y enjuagar.<\/p>\n<p><strong>CONT. NETO:<\/strong>\u00a0250g.<\/p>\n<p><strong>MEDIOS DE PAGO:<\/strong> Pago por transferencia (Alias RENOVEPRO) &#8211; Mercado Pago &#8211; Tarjetas de cr\u00e9dito (Visa &#8211; MasterCard &#8211; American Express &#8211; Naranja &#8211; Banco Rioja) &#8211; Tarjetas de Debito (Cabal &#8211; Maestro &#8211; Visa &#8211; Banco Rioja) &#8211; GO Cuotas<\/p>\n<p><span class=\"text-accent\"><span class=\"x19la9d6 x1fc57z9 x6ikm8r x10wlt62 x19co3pv x1g5zs5t xfibh0p xiy17q3 x1xsqp64 x1lkfr7t xexx8yu x4uap5 x18d9i69 xkhd6sd\"><span class=\"xrtxmta x1bhl96m\">\ud83d\ude9b <\/span><\/span><strong>ENVIO GRATIS<\/strong><\/span>\u00a0en la provincia de La Rioja, <span class=\"js-shipping-minimum-label\">superando <\/span><span class=\"js-shipping-minimum-label\">los $150.000,00. El envi\u00f3 para otras provincias ser\u00e1 por correo argentino o por transporte a convenir, a cargo del comprador.<\/span><\/p>\n","protected":false},"excerpt":{"rendered":"<p>MASCARA CAPILAR EXTRACTO DE UVA &amp; ACIDO HIALURONICO &#8211; MAV\u00a0 La M\u00e1scara Capilar De Extracto De Uva &amp; \u00c1cido Hialur\u00f3nico fue formulada con materias primas seleccionadas para asegurar el aporte de nutrientes<a class=\"moretag\" href=\"https:\/\/renovepro.com.ar\/index.php\/product\/mascara-capilar-extracto-de-uva-acido-hialuronico-mav-profesional-2\/\">Read More&#8230;<\/a><\/p>\n","protected":false},"featured_media":3947,"comment_status":"closed","ping_status":"closed","template":"","meta":[],"product_brand":[],"product_cat":[58],"product_tag":[],"class_list":{"0":"post-3946","1":"product","2":"type-product","3":"status-publish","4":"has-post-thumbnail","6":"product_cat-mascaras-capilares","8":"first","9":"instock","10":"sale","11":"shipping-taxable","12":"purchasable","13":"product-type-simple"},"jetpack_sharing_enabled":true,"_links":{"self":[{"href":"https:\/\/renovepro.com.ar\/index.php\/wp-json\/wp\/v2\/product\/3946","targetHints":{"allow":["GET"]}}],"collection":[{"href":"https:\/\/renovepro.com.ar\/index.php\/wp-json\/wp\/v2\/product"}],"about":[{"href":"https:\/\/renovepro.com.ar\/index.php\/wp-json\/wp\/v2\/types\/product"}],"replies":[{"embeddable":true,"href":"https:\/\/renovepro.com.ar\/index.php\/wp-json\/wp\/v2\/comments?post=3946"}],"wp:featuredmedia":[{"embeddable":true,"href":"https:\/\/renovepro.com.ar\/index.php\/wp-json\/wp\/v2\/media\/3947"}],"wp:attachment":[{"href":"https:\/\/renovepro.com.ar\/index.php\/wp-json\/wp\/v2\/media?parent=3946"}],"wp:term":[{"taxonomy":"product_brand","embeddable":true,"href":"https:\/\/renovepro.com.ar\/index.php\/wp-json\/wp\/v2\/product_brand?post=3946"},{"taxonomy":"product_cat","embeddable":true,"href":"https:\/\/renovepro.com.ar\/index.php\/wp-json\/wp\/v2\/product_cat?post=3946"},{"taxonomy":"product_tag","embeddable":true,"href":"https:\/\/renovepro.com.ar\/index.php\/wp-json\/wp\/v2\/product_tag?post=3946"}],"curies":[{"name":"wp","href":"https:\/\/api.w.org\/{rel}","templated":true}]}}