{"id":3942,"date":"2024-11-20T12:08:14","date_gmt":"2024-11-20T12:08:14","guid":{"rendered":"https:\/\/renovepro.com.ar\/?post_type=product&#038;p=3942"},"modified":"2025-10-25T23:00:27","modified_gmt":"2025-10-25T23:00:27","slug":"shampoo-extracto-de-uva-acido-hialuronico-mav-profesional-3","status":"publish","type":"product","link":"https:\/\/renovepro.com.ar\/index.php\/product\/shampoo-extracto-de-uva-acido-hialuronico-mav-profesional-3\/","title":{"rendered":"SHAMPOO EXTRACTO DE UVA &#038; ACIDO HIALURONICO &#8211; MAV PROFESIONAL"},"content":{"rendered":"<p><strong>SHAMPOO EXTRACTO DE UVA &amp; ACIDO HIALURONICO &#8211; MAV PROFESIONAL<\/strong><\/p>\n<p>El Shampoo con Extracto De Uva &amp; \u00c1cido Hialur\u00f3nico fue formulada con materias primas seleccionadas para asegurar el aporte de nutrientes al cabello. El \u00e1cido Hialur\u00f3nico al igual que en la piel trabaja como tensor, rellenando las imperfecciones de la fibra capilar haci\u00e9ndolo lucir mas fuerte y recuperado. El extracto de vitis vinifera (uva) aporta nutrici\u00f3n al mismo tiempo ayuda al crecimiento y fortalecimiento del cabello. pH Acido. 0 % Parabenos<\/p>\n<p><strong>MODO DE USO:<\/strong> Aplicar sobre el cabello h\u00famedo, masajear y dejar actuar de 3 minutos y enjuagar.<\/p>\n<p><strong>CONT. NETO:<\/strong>\u00a0250ml.<\/p>\n<p><strong>MEDIOS DE PAGO:<\/strong> Pago por transferencia (Alias RENOVEPRO) &#8211; Mercado Pago &#8211; Tarjetas de cr\u00e9dito (Visa &#8211; MasterCard &#8211; American Express &#8211; Naranja &#8211; Banco Rioja) &#8211; Tarjetas de Debito (Cabal &#8211; Maestro &#8211; Visa &#8211; Banco Rioja) &#8211; GO Cuotas<\/p>\n<p><span class=\"text-accent\"><span class=\"x19la9d6 x1fc57z9 x6ikm8r x10wlt62 x19co3pv x1g5zs5t xfibh0p xiy17q3 x1xsqp64 x1lkfr7t xexx8yu x4uap5 x18d9i69 xkhd6sd\"><span class=\"xrtxmta x1bhl96m\">\ud83d\ude9b <\/span><\/span><strong>ENVIO GRATIS<\/strong><\/span>\u00a0en la provincia de La Rioja, <span class=\"js-shipping-minimum-label\">superando <\/span><span class=\"js-shipping-minimum-label\">los $150.000,00. El envi\u00f3 para otras provincias ser\u00e1 por correo argentino o por transporte a convenir, a cargo del comprador.<\/span><\/p>\n<p>&nbsp;<\/p>\n","protected":false},"excerpt":{"rendered":"<p>SHAMPOO EXTRACTO DE UVA &amp; ACIDO HIALURONICO &#8211; MAV PROFESIONAL El Shampoo con Extracto De Uva &amp; \u00c1cido Hialur\u00f3nico fue formulada con materias primas seleccionadas para asegurar el aporte de nutrientes al<a class=\"moretag\" href=\"https:\/\/renovepro.com.ar\/index.php\/product\/shampoo-extracto-de-uva-acido-hialuronico-mav-profesional-3\/\">Read More&#8230;<\/a><\/p>\n","protected":false},"featured_media":3943,"comment_status":"closed","ping_status":"closed","template":"","meta":[],"product_brand":[],"product_cat":[60],"product_tag":[],"class_list":{"0":"post-3942","1":"product","2":"type-product","3":"status-publish","4":"has-post-thumbnail","6":"product_cat-shampoo-acondicionador","8":"first","9":"instock","10":"sale","11":"shipping-taxable","12":"purchasable","13":"product-type-simple"},"jetpack_sharing_enabled":true,"_links":{"self":[{"href":"https:\/\/renovepro.com.ar\/index.php\/wp-json\/wp\/v2\/product\/3942","targetHints":{"allow":["GET"]}}],"collection":[{"href":"https:\/\/renovepro.com.ar\/index.php\/wp-json\/wp\/v2\/product"}],"about":[{"href":"https:\/\/renovepro.com.ar\/index.php\/wp-json\/wp\/v2\/types\/product"}],"replies":[{"embeddable":true,"href":"https:\/\/renovepro.com.ar\/index.php\/wp-json\/wp\/v2\/comments?post=3942"}],"wp:featuredmedia":[{"embeddable":true,"href":"https:\/\/renovepro.com.ar\/index.php\/wp-json\/wp\/v2\/media\/3943"}],"wp:attachment":[{"href":"https:\/\/renovepro.com.ar\/index.php\/wp-json\/wp\/v2\/media?parent=3942"}],"wp:term":[{"taxonomy":"product_brand","embeddable":true,"href":"https:\/\/renovepro.com.ar\/index.php\/wp-json\/wp\/v2\/product_brand?post=3942"},{"taxonomy":"product_cat","embeddable":true,"href":"https:\/\/renovepro.com.ar\/index.php\/wp-json\/wp\/v2\/product_cat?post=3942"},{"taxonomy":"product_tag","embeddable":true,"href":"https:\/\/renovepro.com.ar\/index.php\/wp-json\/wp\/v2\/product_tag?post=3942"}],"curies":[{"name":"wp","href":"https:\/\/api.w.org\/{rel}","templated":true}]}}