{"id":386,"date":"2021-01-29T22:40:56","date_gmt":"2021-01-29T22:40:56","guid":{"rendered":"http:\/\/renovepro.com.ar\/?post_type=product&#038;p=386"},"modified":"2025-12-23T02:02:08","modified_gmt":"2025-12-23T02:02:08","slug":"nombre-55","status":"publish","type":"product","link":"https:\/\/renovepro.com.ar\/index.php\/product\/nombre-55\/","title":{"rendered":"PLASTIFICADO CAPILAR &#8211; RENOVEPRO"},"content":{"rendered":"<p><strong>PLASTIFICADO CAPILAR &#8211; RENOVEPRO<br \/>\n<\/strong><\/p>\n<p>El Tratamiento Plastificado Capilar RenovePro, a base de aceites reparadores y vitaminas, aporta brillo y suavidad al cabello, dej\u00e1ndolo lacio y ordenado.<\/p>\n<p><strong>MODO DE USO:<\/strong> Aplicar sobre el cabello h\u00famedo luego de haber lavado con shampoo neutro, sin acondicionador. Dejar actuar 15 minutos, luego secar el cabello y proceder a pasar plancha mecha por mecha de 15 a 20 veces. Enjuagar es opcional.<\/p>\n<p><strong>ADVERTENCIAS:<\/strong> No aplicar sobre el cuero cabelludo. Evite el contacto con los ojos, si esto ocurre enjuagar con abundante agua fr\u00eda. Producto de uso externo. No ingerir. Mantener fuera del alcance de los ni\u00f1os. Ante signos de irritaci\u00f3n suspenda su uso y visite a su m\u00e9dico. Agitar antes de usar.<\/p>\n<p><strong>CON<\/strong><strong>T. NETO:<\/strong> 500cc.<\/p>\n<p><strong>MEDIOS DE PAGO:<\/strong>\u00a0Pago por transferencia (Alias RENOVEPRO) &#8211; Mercado Pago &#8211; Tarjetas de cr\u00e9dito (Visa &#8211; MasterCard &#8211; American Express &#8211; Naranja &#8211; Banco Rioja) &#8211; Tarjetas de Debito (Cabal &#8211; Maestro &#8211; Visa &#8211; Banco Rioja) &#8211; GO Cuotas<\/p>\n<p><span class=\"text-accent\"><span class=\"x19la9d6 x1fc57z9 x6ikm8r x10wlt62 x19co3pv x1g5zs5t xfibh0p xiy17q3 x1xsqp64 x1lkfr7t xexx8yu x4uap5 x18d9i69 xkhd6sd\"><span class=\"xrtxmta x1bhl96m\">\ud83d\ude9b\u00a0<\/span><\/span><strong>ENVIO GRATIS<\/strong><\/span>\u00a0en la provincia de La Rioja,\u00a0<span class=\"js-shipping-minimum-label\">superando\u00a0<\/span><span class=\"js-shipping-minimum-label\">los $150.000,00. El envi\u00f3 para otras provincias ser\u00e1 por correo argentino o por transporte a convenir, a cargo del comprador.<\/span><\/p>\n","protected":false},"excerpt":{"rendered":"<p>PLASTIFICADO CAPILAR &#8211; RENOVEPRO El Tratamiento Plastificado Capilar RenovePro, a base de aceites reparadores y vitaminas, aporta brillo y suavidad al cabello, dej\u00e1ndolo lacio y ordenado. MODO DE USO: Aplicar sobre el<a class=\"moretag\" href=\"https:\/\/renovepro.com.ar\/index.php\/product\/nombre-55\/\">Read More&#8230;<\/a><\/p>\n","protected":false},"featured_media":3789,"comment_status":"open","ping_status":"closed","template":"","meta":[],"product_brand":[],"product_cat":[59,242],"product_tag":[101],"class_list":{"0":"post-386","1":"product","2":"type-product","3":"status-publish","4":"has-post-thumbnail","6":"product_cat-alisados","7":"product_cat-tratamiento-capilares-antifrizz","8":"product_tag-n185","10":"first","11":"instock","12":"sale","13":"shipping-taxable","14":"purchasable","15":"product-type-simple"},"jetpack_sharing_enabled":true,"_links":{"self":[{"href":"https:\/\/renovepro.com.ar\/index.php\/wp-json\/wp\/v2\/product\/386","targetHints":{"allow":["GET"]}}],"collection":[{"href":"https:\/\/renovepro.com.ar\/index.php\/wp-json\/wp\/v2\/product"}],"about":[{"href":"https:\/\/renovepro.com.ar\/index.php\/wp-json\/wp\/v2\/types\/product"}],"replies":[{"embeddable":true,"href":"https:\/\/renovepro.com.ar\/index.php\/wp-json\/wp\/v2\/comments?post=386"}],"wp:featuredmedia":[{"embeddable":true,"href":"https:\/\/renovepro.com.ar\/index.php\/wp-json\/wp\/v2\/media\/3789"}],"wp:attachment":[{"href":"https:\/\/renovepro.com.ar\/index.php\/wp-json\/wp\/v2\/media?parent=386"}],"wp:term":[{"taxonomy":"product_brand","embeddable":true,"href":"https:\/\/renovepro.com.ar\/index.php\/wp-json\/wp\/v2\/product_brand?post=386"},{"taxonomy":"product_cat","embeddable":true,"href":"https:\/\/renovepro.com.ar\/index.php\/wp-json\/wp\/v2\/product_cat?post=386"},{"taxonomy":"product_tag","embeddable":true,"href":"https:\/\/renovepro.com.ar\/index.php\/wp-json\/wp\/v2\/product_tag?post=386"}],"curies":[{"name":"wp","href":"https:\/\/api.w.org\/{rel}","templated":true}]}}