{"id":384,"date":"2021-01-29T22:39:33","date_gmt":"2021-01-29T22:39:33","guid":{"rendered":"http:\/\/renovepro.com.ar\/?post_type=product&#038;p=384"},"modified":"2025-12-23T02:02:46","modified_gmt":"2025-12-23T02:02:46","slug":"nombre-53","status":"publish","type":"product","link":"https:\/\/renovepro.com.ar\/index.php\/product\/nombre-53\/","title":{"rendered":"CAUTERIZADOR BIO-MOLECULAR &#8211; RENOVEPRO"},"content":{"rendered":"<p><strong>CAUTERIZADOR BIO-MOLECULAR &#8211; RENOVEPRO<br \/>\n<\/strong><\/p>\n<p>El Tratamiento Cauterizador Bio-Molecular RenovePro es formulado para cabellos da\u00f1ados o procesados. Est\u00e1 hecha a base de keratina, aceite de lino, silicona, aceites reparadores y prote\u00ednas. Otorga hidrataci\u00f3n profunda y nutrici\u00f3n intensa. Devuelve la vitalidad perdida al cabello proporcionando una textura ligera y un incre\u00edble brillo instant\u00e1neo con un efecto antifrizz.<\/p>\n<div class=\"texto\">\n<p><strong>MODO DE USO<\/strong>: Aplicar la cantidad necesaria sobre el cabello h\u00famedo. Esparcir de manera uniforme por toda la cabellera de medios a puntas (a 1 cm de la ra\u00edz). Masajear y peinar. Dejar actuar no menos de 15 minutos. Enjuagar con abundante agua.<\/p>\n<\/div>\n<div class=\"modo_empleo\">\n<div class=\"texto\"><\/div>\n<\/div>\n<p><strong>CON<\/strong><strong>T. NETO:<\/strong> 500g.<\/p>\n<p><strong>MEDIOS DE PAGO:<\/strong>\u00a0Pago por transferencia (Alias RENOVEPRO) &#8211; Mercado Pago &#8211; Tarjetas de cr\u00e9dito (Visa &#8211; MasterCard &#8211; American Express &#8211; Naranja &#8211; Banco Rioja) &#8211; Tarjetas de Debito (Cabal &#8211; Maestro &#8211; Visa &#8211; Banco Rioja) &#8211; GO Cuotas<\/p>\n<p><span class=\"text-accent\"><span class=\"x19la9d6 x1fc57z9 x6ikm8r x10wlt62 x19co3pv x1g5zs5t xfibh0p xiy17q3 x1xsqp64 x1lkfr7t xexx8yu x4uap5 x18d9i69 xkhd6sd\"><span class=\"xrtxmta x1bhl96m\">\ud83d\ude9b\u00a0<\/span><\/span><strong>ENVIO GRATIS<\/strong><\/span>\u00a0en la provincia de La Rioja,\u00a0<span class=\"js-shipping-minimum-label\">superando\u00a0<\/span><span class=\"js-shipping-minimum-label\">los $150.000,00. El envi\u00f3 para otras provincias ser\u00e1 por correo argentino o por transporte a convenir, a cargo del comprador.<\/span><\/p>\n","protected":false},"excerpt":{"rendered":"<p>CAUTERIZADOR BIO-MOLECULAR &#8211; RENOVEPRO El Tratamiento Cauterizador Bio-Molecular RenovePro es formulado para cabellos da\u00f1ados o procesados. Est\u00e1 hecha a base de keratina, aceite de lino, silicona, aceites reparadores y prote\u00ednas. Otorga hidrataci\u00f3n<a class=\"moretag\" href=\"https:\/\/renovepro.com.ar\/index.php\/product\/nombre-53\/\">Read More&#8230;<\/a><\/p>\n","protected":false},"featured_media":3692,"comment_status":"open","ping_status":"closed","template":"","meta":[],"product_brand":[],"product_cat":[243,242],"product_tag":[99],"class_list":{"0":"post-384","1":"product","2":"type-product","3":"status-publish","4":"has-post-thumbnail","6":"product_cat-tratamiento-capilar-restaurador","7":"product_cat-tratamiento-capilares-antifrizz","8":"product_tag-n180","10":"first","11":"instock","12":"sale","13":"shipping-taxable","14":"purchasable","15":"product-type-simple"},"jetpack_sharing_enabled":true,"_links":{"self":[{"href":"https:\/\/renovepro.com.ar\/index.php\/wp-json\/wp\/v2\/product\/384","targetHints":{"allow":["GET"]}}],"collection":[{"href":"https:\/\/renovepro.com.ar\/index.php\/wp-json\/wp\/v2\/product"}],"about":[{"href":"https:\/\/renovepro.com.ar\/index.php\/wp-json\/wp\/v2\/types\/product"}],"replies":[{"embeddable":true,"href":"https:\/\/renovepro.com.ar\/index.php\/wp-json\/wp\/v2\/comments?post=384"}],"wp:featuredmedia":[{"embeddable":true,"href":"https:\/\/renovepro.com.ar\/index.php\/wp-json\/wp\/v2\/media\/3692"}],"wp:attachment":[{"href":"https:\/\/renovepro.com.ar\/index.php\/wp-json\/wp\/v2\/media?parent=384"}],"wp:term":[{"taxonomy":"product_brand","embeddable":true,"href":"https:\/\/renovepro.com.ar\/index.php\/wp-json\/wp\/v2\/product_brand?post=384"},{"taxonomy":"product_cat","embeddable":true,"href":"https:\/\/renovepro.com.ar\/index.php\/wp-json\/wp\/v2\/product_cat?post=384"},{"taxonomy":"product_tag","embeddable":true,"href":"https:\/\/renovepro.com.ar\/index.php\/wp-json\/wp\/v2\/product_tag?post=384"}],"curies":[{"name":"wp","href":"https:\/\/api.w.org\/{rel}","templated":true}]}}