{"id":3525,"date":"2024-07-23T21:12:44","date_gmt":"2024-07-23T21:12:44","guid":{"rendered":"https:\/\/renovepro.com.ar\/?post_type=product&#038;p=3525"},"modified":"2025-10-26T00:28:34","modified_gmt":"2025-10-26T00:28:34","slug":"aceite-de-argan-fidelite","status":"publish","type":"product","link":"https:\/\/renovepro.com.ar\/index.php\/product\/aceite-de-argan-fidelite\/","title":{"rendered":"ACEITE DE ARGAN &#8211; FIDELITE"},"content":{"rendered":"<p><strong>ACEITE DE ARGAN &#8211; FIDELITE<\/strong><\/p>\n<div class=\"texto\">\n<p>Es un innovador tratamiento multifunci\u00f3n para todo tipo de cabello que aporta vitalidad \u00fanica y un brillo inigualable. La exclusiva combinaci\u00f3n del aceite de arg\u00e1n con la vitamina E y los aceites esenciales de camelia, pracaxi y almendras, sumado a las m\u00faltiples formas de uso que permite, lo convierten en un complemento ideal y s\u00faper pr\u00e1ctico para el cuidado y la nutrici\u00f3n del cabello.<\/p>\n<p>La incorporaci\u00f3n de filtro UV garantiza\u00a0la protecci\u00f3n continua al cabello de los da\u00f1os causados por los productos qu\u00edmicos, el calor y las agresiones externas y le devuelve su suavidad natural. Proporciona un acondicionamiento duradero mientras reduce el frizz y repara las puntas abiertas.<\/p>\n<\/div>\n<div class=\"modo_empleo\">\n<div><strong>MODO DE USO<\/strong>:<\/div>\n<div class=\"etiqueta\"><\/div>\n<div class=\"texto\">\n<p><strong>ANTES DEL LAVADO: <\/strong>Nutre el cabello y elimina impurezas, dej\u00e1ndolo brillante y ligero. Colocar de 2 a 3 presiones en la mano y aplicarlo en el cabello h\u00famedo o seco desde la ra\u00edz hasta las puntas. Masajear y dejar actuar de 5 a 10 minutos. Enjuagar con abundante agua tibia. Luego, proceder al lavado con su shampoo FIDELIT\u00c9 habitual.<\/p>\n<p><strong>ANTES DE USAR HERRAMIENTAS TERMICAS:<\/strong> Ayuda a mejorar el acabado del peinado. Colocar de 2 a 3 presiones en la mano y distribuirlos sobre el cabello, de medios a puntas, reforzando las puntas secas. Proceder a realizar el brushing o al uso de plancha y\/o buclera.<\/p>\n<p><strong>DESPUES DE PEINARSE:<\/strong> Otorga un acabado perfecto. Brinda suavidad y un brillo espectacular, sin frizz.\u00a0Colocar de 1 a 2 presiones sobre la mano y esparcir de manera pareja sobre los largos y puntas (evitar contacto con el cuero cabelludo). Masajear en las zonas m\u00e1s da\u00f1adas.<\/p>\n<p><strong>METODO DE BELLEZA:<\/strong> Emplear diariamente para fortalecer y preservar el cabello de las agresiones externas. Nutre y protege. Colocar de 1 a 2 presiones de producto en la mano y esparcir de manera homog\u00e9nea de medios a puntas sobre el cabello seco.<\/p>\n<p><strong>NURICION INTENSA:<\/strong> Utilizar como tratamiento de nutrici\u00f3n e hidrataci\u00f3n. Deja la fibra capilar con una suavidad excepcional. Colocar de 2 a 3 presiones sobre toda la cabellera. Cubrir con toalla y aplicar calor con el secador de cabello durante 5 minutos. Dejar actuar 30 minutos y luego, enjuagar con agua tibia.<\/p>\n<\/div>\n<\/div>\n<p><strong>CONT. NETO:<\/strong>\u00a010ml.<\/p>\n<p><strong>MEDIOS DE PAGO:<\/strong> Pago por transferencia (Alias RENOVEPRO) &#8211; Mercado Pago &#8211; Tarjetas de cr\u00e9dito (Visa &#8211; MasterCard &#8211; American Express &#8211; Naranja &#8211; Banco Rioja) &#8211; Tarjetas de Debito (Cabal &#8211; Maestro &#8211; Visa &#8211; Banco Rioja) &#8211; GO Cuotas<\/p>\n<p><span class=\"text-accent\"><span class=\"x19la9d6 x1fc57z9 x6ikm8r x10wlt62 x19co3pv x1g5zs5t xfibh0p xiy17q3 x1xsqp64 x1lkfr7t xexx8yu x4uap5 x18d9i69 xkhd6sd\"><span class=\"xrtxmta x1bhl96m\">\ud83d\ude9b <\/span><\/span><strong>ENVIO GRATIS<\/strong><\/span>\u00a0en la provincia de La Rioja, <span class=\"js-shipping-minimum-label\">superando <\/span><span class=\"js-shipping-minimum-label\">los $15<\/span><span class=\"js-shipping-minimum-label\">0.000,00. El envi\u00f3 para otras provincias ser\u00e1 por correo argentino o por transporte a convenir, a cargo del comprador.<\/span><\/p>\n","protected":false},"excerpt":{"rendered":"<p>ACEITE DE ARGAN &#8211; FIDELITE Es un innovador tratamiento multifunci\u00f3n para todo tipo de cabello que aporta vitalidad \u00fanica y un brillo inigualable. La exclusiva combinaci\u00f3n del aceite de arg\u00e1n con la<a class=\"moretag\" href=\"https:\/\/renovepro.com.ar\/index.php\/product\/aceite-de-argan-fidelite\/\">Read More&#8230;<\/a><\/p>\n","protected":false},"featured_media":3526,"comment_status":"closed","ping_status":"closed","template":"","meta":[],"product_brand":[],"product_cat":[61],"product_tag":[],"class_list":{"0":"post-3525","1":"product","2":"type-product","3":"status-publish","4":"has-post-thumbnail","6":"product_cat-oleos-reparadores","8":"first","9":"instock","10":"sale","11":"shipping-taxable","12":"purchasable","13":"product-type-simple"},"jetpack_sharing_enabled":true,"_links":{"self":[{"href":"https:\/\/renovepro.com.ar\/index.php\/wp-json\/wp\/v2\/product\/3525","targetHints":{"allow":["GET"]}}],"collection":[{"href":"https:\/\/renovepro.com.ar\/index.php\/wp-json\/wp\/v2\/product"}],"about":[{"href":"https:\/\/renovepro.com.ar\/index.php\/wp-json\/wp\/v2\/types\/product"}],"replies":[{"embeddable":true,"href":"https:\/\/renovepro.com.ar\/index.php\/wp-json\/wp\/v2\/comments?post=3525"}],"wp:featuredmedia":[{"embeddable":true,"href":"https:\/\/renovepro.com.ar\/index.php\/wp-json\/wp\/v2\/media\/3526"}],"wp:attachment":[{"href":"https:\/\/renovepro.com.ar\/index.php\/wp-json\/wp\/v2\/media?parent=3525"}],"wp:term":[{"taxonomy":"product_brand","embeddable":true,"href":"https:\/\/renovepro.com.ar\/index.php\/wp-json\/wp\/v2\/product_brand?post=3525"},{"taxonomy":"product_cat","embeddable":true,"href":"https:\/\/renovepro.com.ar\/index.php\/wp-json\/wp\/v2\/product_cat?post=3525"},{"taxonomy":"product_tag","embeddable":true,"href":"https:\/\/renovepro.com.ar\/index.php\/wp-json\/wp\/v2\/product_tag?post=3525"}],"curies":[{"name":"wp","href":"https:\/\/api.w.org\/{rel}","templated":true}]}}