{"id":3501,"date":"2024-07-05T20:38:04","date_gmt":"2024-07-05T20:38:04","guid":{"rendered":"https:\/\/renovepro.com.ar\/?post_type=product&#038;p=3501"},"modified":"2026-01-13T00:04:07","modified_gmt":"2026-01-13T00:04:07","slug":"mascara-free-fidelite","status":"publish","type":"product","link":"https:\/\/renovepro.com.ar\/index.php\/product\/mascara-free-fidelite\/","title":{"rendered":"MASCARA CAPILAR FREE &#8211; FIDELITE"},"content":{"rendered":"<p><strong>MASCARA CAPILAR FREE &#8211; FIDELITE<\/strong><\/p>\n<p>M\u00e1scara Capilar desarrollada a partir de componentes suaves, basados en \u00e1cidos grasos que normalmente se encuentran en el cabello. Repone los l\u00edpidos naturales eliminados por los tratamientos qu\u00edmicos, mec\u00e1nicos y ambientales, restaurando los cabellos da\u00f1ados. Cuenta con alto poder antifrizz y aporta mayor peinabilidad, desenredo y suavidad. Disminuye la irritaci\u00f3n del cuero cabelludo y retiene el color en cabellos con coloraci\u00f3n.<\/p>\n<p><strong>MODO DE USO<\/strong>: Aplicar una generosa cantidad sobre la palma de la mano y distribuir sobre el cabello mojado. Dejar actuar no menos de 5 minutos y enjuagar con abundante agua.<\/p>\n<p><strong>Libre de Parabenos, Siliconas, Sal (Cloruro de Sodio), Colorantes. <\/strong><\/p>\n<p><strong>CONT. NETO:<\/strong>\u00a01000g.<\/p>\n<p><strong>MEDIOS DE PAGO:<\/strong> Pago por transferencia (Alias RENOVEPRO) &#8211; Mercado Pago &#8211; Tarjetas de cr\u00e9dito (Visa &#8211; MasterCard &#8211; American Express &#8211; Naranja &#8211; Banco Rioja) &#8211; Tarjetas de Debito (Cabal &#8211; Maestro &#8211; Visa &#8211; Banco Rioja) &#8211; GO Cuotas<\/p>\n<p><span class=\"text-accent\"><span class=\"x19la9d6 x1fc57z9 x6ikm8r x10wlt62 x19co3pv x1g5zs5t xfibh0p xiy17q3 x1xsqp64 x1lkfr7t xexx8yu x4uap5 x18d9i69 xkhd6sd\"><span class=\"xrtxmta x1bhl96m\">\ud83d\ude9b <\/span><\/span><strong>ENVIO GRATIS<\/strong><\/span>\u00a0en la provincia de La Rioja, <span class=\"js-shipping-minimum-label\">superando <\/span><span class=\"js-shipping-minimum-label\">los $150.000,00. El envi\u00f3 para otras provincias ser\u00e1 por correo argentino o por transporte a convenir, a cargo del comprador.<\/span><\/p>\n<p>&nbsp;<\/p>\n","protected":false},"excerpt":{"rendered":"<p>MASCARA CAPILAR FREE &#8211; FIDELITE M\u00e1scara Capilar desarrollada a partir de componentes suaves, basados en \u00e1cidos grasos que normalmente se encuentran en el cabello. Repone los l\u00edpidos naturales eliminados por los tratamientos<a class=\"moretag\" href=\"https:\/\/renovepro.com.ar\/index.php\/product\/mascara-free-fidelite\/\">Read More&#8230;<\/a><\/p>\n","protected":false},"featured_media":3502,"comment_status":"closed","ping_status":"closed","template":"","meta":[],"product_brand":[],"product_cat":[58],"product_tag":[],"class_list":{"0":"post-3501","1":"product","2":"type-product","3":"status-publish","4":"has-post-thumbnail","6":"product_cat-mascaras-capilares","8":"first","9":"instock","10":"sale","11":"shipping-taxable","12":"purchasable","13":"product-type-simple"},"jetpack_sharing_enabled":true,"_links":{"self":[{"href":"https:\/\/renovepro.com.ar\/index.php\/wp-json\/wp\/v2\/product\/3501","targetHints":{"allow":["GET"]}}],"collection":[{"href":"https:\/\/renovepro.com.ar\/index.php\/wp-json\/wp\/v2\/product"}],"about":[{"href":"https:\/\/renovepro.com.ar\/index.php\/wp-json\/wp\/v2\/types\/product"}],"replies":[{"embeddable":true,"href":"https:\/\/renovepro.com.ar\/index.php\/wp-json\/wp\/v2\/comments?post=3501"}],"wp:featuredmedia":[{"embeddable":true,"href":"https:\/\/renovepro.com.ar\/index.php\/wp-json\/wp\/v2\/media\/3502"}],"wp:attachment":[{"href":"https:\/\/renovepro.com.ar\/index.php\/wp-json\/wp\/v2\/media?parent=3501"}],"wp:term":[{"taxonomy":"product_brand","embeddable":true,"href":"https:\/\/renovepro.com.ar\/index.php\/wp-json\/wp\/v2\/product_brand?post=3501"},{"taxonomy":"product_cat","embeddable":true,"href":"https:\/\/renovepro.com.ar\/index.php\/wp-json\/wp\/v2\/product_cat?post=3501"},{"taxonomy":"product_tag","embeddable":true,"href":"https:\/\/renovepro.com.ar\/index.php\/wp-json\/wp\/v2\/product_tag?post=3501"}],"curies":[{"name":"wp","href":"https:\/\/api.w.org\/{rel}","templated":true}]}}