{"id":3458,"date":"2024-02-13T20:51:50","date_gmt":"2024-02-13T20:51:50","guid":{"rendered":"https:\/\/renovepro.com.ar\/?post_type=product&#038;p=3458"},"modified":"2025-12-22T23:06:04","modified_gmt":"2025-12-22T23:06:04","slug":"mascara-capilar-reparacion-intensiva-renovepro-3","status":"publish","type":"product","link":"https:\/\/renovepro.com.ar\/index.php\/product\/mascara-capilar-reparacion-intensiva-renovepro-3\/","title":{"rendered":"MASCARA CAPILAR REPARACION INTENSIVA &#8211; RENOVEPRO"},"content":{"rendered":"<p><strong>MASCARA CAPILAR REPARACION INTENSIVA &#8211; RENOVEPRO<br \/>\n<\/strong><\/p>\n<p>Tratamiento Capilar Reparador formulado para cabellos da\u00f1ados. Est\u00e1 hecha a base de keratina, plex, biotina, col\u00e1geno y prote\u00ednas. Es un tratamiento anti-age que combate y retarda el envejecimiento capilar. Otorga hidrataci\u00f3n profunda y nutrici\u00f3n intensa. Devuelve la vitalidad perdida al cabello proporcionando una textura ligera y un incre\u00edble brillo instant\u00e1neo. Efecto Antifrizz.<\/p>\n<div class=\"texto\">\n<p><strong>MODO DE USO<\/strong>: Aplicar la cantidad necesaria sobre el cabello h\u00famedo. Esparcir de manera uniforme por toda la cabellera de medios a puntas (a 1 cm de la ra\u00edz). Masajear y peinar. Dejar actuar no menos de 15 minutos. Enjuagar con abundante agua.<\/p>\n<\/div>\n<div class=\"modo_empleo\">\n<div class=\"texto\">\n<p><strong>CONT. NETO:<\/strong>\u00a01000g.<\/p>\n<\/div>\n<\/div>\n<p><strong>MEDIOS DE PAGO:<\/strong> Pago por transferencia (Alias RENOVEPRO) &#8211; Mercado Pago &#8211; Tarjetas de cr\u00e9dito (Visa &#8211; MasterCard &#8211; American Express &#8211; Naranja &#8211; Banco Rioja) &#8211; Tarjetas de Debito (Cabal &#8211; Maestro &#8211; Visa &#8211; Banco Rioja) &#8211; GO Cuotas<\/p>\n<p><span class=\"text-accent\"><span class=\"x19la9d6 x1fc57z9 x6ikm8r x10wlt62 x19co3pv x1g5zs5t xfibh0p xiy17q3 x1xsqp64 x1lkfr7t xexx8yu x4uap5 x18d9i69 xkhd6sd\"><span class=\"xrtxmta x1bhl96m\">\ud83d\ude9b <\/span><\/span><strong>ENVIO GRATIS<\/strong><\/span>\u00a0en la provincia de La Rioja, <span class=\"js-shipping-minimum-label\">superando <\/span><span class=\"js-shipping-minimum-label\">los $150.000,00. El envi\u00f3 para otras provincias ser\u00e1 por correo argentino o por transporte a convenir, a cargo del comprador.<\/span><\/p>\n","protected":false},"excerpt":{"rendered":"<p>MASCARA CAPILAR REPARACION INTENSIVA &#8211; RENOVEPRO Tratamiento Capilar Reparador formulado para cabellos da\u00f1ados. Est\u00e1 hecha a base de keratina, plex, biotina, col\u00e1geno y prote\u00ednas. Es un tratamiento anti-age que combate y retarda<a class=\"moretag\" href=\"https:\/\/renovepro.com.ar\/index.php\/product\/mascara-capilar-reparacion-intensiva-renovepro-3\/\">Read More&#8230;<\/a><\/p>\n","protected":false},"featured_media":3721,"comment_status":"open","ping_status":"closed","template":"","meta":[],"product_brand":[],"product_cat":[243],"product_tag":[],"class_list":{"0":"post-3458","1":"product","2":"type-product","3":"status-publish","4":"has-post-thumbnail","6":"product_cat-tratamiento-capilar-restaurador","8":"first","9":"instock","10":"sale","11":"shipping-taxable","12":"purchasable","13":"product-type-simple"},"jetpack_sharing_enabled":true,"_links":{"self":[{"href":"https:\/\/renovepro.com.ar\/index.php\/wp-json\/wp\/v2\/product\/3458","targetHints":{"allow":["GET"]}}],"collection":[{"href":"https:\/\/renovepro.com.ar\/index.php\/wp-json\/wp\/v2\/product"}],"about":[{"href":"https:\/\/renovepro.com.ar\/index.php\/wp-json\/wp\/v2\/types\/product"}],"replies":[{"embeddable":true,"href":"https:\/\/renovepro.com.ar\/index.php\/wp-json\/wp\/v2\/comments?post=3458"}],"wp:featuredmedia":[{"embeddable":true,"href":"https:\/\/renovepro.com.ar\/index.php\/wp-json\/wp\/v2\/media\/3721"}],"wp:attachment":[{"href":"https:\/\/renovepro.com.ar\/index.php\/wp-json\/wp\/v2\/media?parent=3458"}],"wp:term":[{"taxonomy":"product_brand","embeddable":true,"href":"https:\/\/renovepro.com.ar\/index.php\/wp-json\/wp\/v2\/product_brand?post=3458"},{"taxonomy":"product_cat","embeddable":true,"href":"https:\/\/renovepro.com.ar\/index.php\/wp-json\/wp\/v2\/product_cat?post=3458"},{"taxonomy":"product_tag","embeddable":true,"href":"https:\/\/renovepro.com.ar\/index.php\/wp-json\/wp\/v2\/product_tag?post=3458"}],"curies":[{"name":"wp","href":"https:\/\/api.w.org\/{rel}","templated":true}]}}