{"id":3446,"date":"2024-01-25T22:52:50","date_gmt":"2024-01-25T22:52:50","guid":{"rendered":"https:\/\/renovepro.com.ar\/?post_type=product&#038;p=3446"},"modified":"2026-02-04T18:44:01","modified_gmt":"2026-02-04T18:44:01","slug":"shampoo-extra-acido-ph-3-5-impronta-profesional-2","status":"publish","type":"product","link":"https:\/\/renovepro.com.ar\/index.php\/product\/shampoo-extra-acido-ph-3-5-impronta-profesional-2\/","title":{"rendered":"SHAMPOO EXTRA ACIDO PH 3.5 &#8211; IMPRONTA PROFESIONAL"},"content":{"rendered":"<p><strong>SHAMPOO EXTRA ACIDO PH 3.5 &#8211; IMPRONTA PROFESIONAL<\/strong><\/p>\n<p>El Shampoo Extra Acido es el complemento ideal para finalizar trabajos profesionales. Su pH \u00c1cido 3.5 tiene un efecto sobre la cut\u00edcula, haciendo que esta se cierre, favoreciendo la duraci\u00f3n de estos tratamientos.<\/p>\n<p><strong>MODO DE USO<\/strong>: Aplicar el producto en cabello h\u00famedo, masajear suavemente durante 3 minutos y luego enjuagar con abundante agua.<\/p>\n<div class=\"modo_empleo\">\n<div class=\"texto\">\n<p><strong>CONT. NETO:<\/strong>\u00a0250ml.<\/p>\n<\/div>\n<\/div>\n<p><strong>MEDIOS DE PAGO:<\/strong> Pago por transferencia (Alias RENOVEPRO) &#8211; Mercado Pago &#8211; Tarjetas de cr\u00e9dito (Visa &#8211; MasterCard &#8211; American Express &#8211; Naranja &#8211; Banco Rioja) &#8211; Tarjetas de Debito (Cabal &#8211; Maestro &#8211; Visa &#8211; Banco Rioja) &#8211; GO Cuotas<\/p>\n<p><span class=\"text-accent\"><span class=\"x19la9d6 x1fc57z9 x6ikm8r x10wlt62 x19co3pv x1g5zs5t xfibh0p xiy17q3 x1xsqp64 x1lkfr7t xexx8yu x4uap5 x18d9i69 xkhd6sd\"><span class=\"xrtxmta x1bhl96m\">\ud83d\ude9b <\/span><\/span><strong>ENVIO GRATIS<\/strong><\/span>\u00a0en la provincia de La Rioja, <span class=\"js-shipping-minimum-label\">superando <\/span><span class=\"js-shipping-minimum-label\">los $150.000,00. El envi\u00f3 para otras provincias ser\u00e1 por correo argentino o por transporte a convenir, a cargo del comprador.<\/span><\/p>\n","protected":false},"excerpt":{"rendered":"<p>SHAMPOO EXTRA ACIDO PH 3.5 &#8211; IMPRONTA PROFESIONAL El Shampoo Extra Acido es el complemento ideal para finalizar trabajos profesionales. Su pH \u00c1cido 3.5 tiene un efecto sobre la cut\u00edcula, haciendo que<a class=\"moretag\" href=\"https:\/\/renovepro.com.ar\/index.php\/product\/shampoo-extra-acido-ph-3-5-impronta-profesional-2\/\">Read More&#8230;<\/a><\/p>\n","protected":false},"featured_media":3448,"comment_status":"open","ping_status":"closed","template":"","meta":[],"product_brand":[],"product_cat":[60],"product_tag":[],"class_list":{"0":"post-3446","1":"product","2":"type-product","3":"status-publish","4":"has-post-thumbnail","6":"product_cat-shampoo-acondicionador","8":"first","9":"instock","10":"sale","11":"shipping-taxable","12":"purchasable","13":"product-type-simple"},"jetpack_sharing_enabled":true,"_links":{"self":[{"href":"https:\/\/renovepro.com.ar\/index.php\/wp-json\/wp\/v2\/product\/3446","targetHints":{"allow":["GET"]}}],"collection":[{"href":"https:\/\/renovepro.com.ar\/index.php\/wp-json\/wp\/v2\/product"}],"about":[{"href":"https:\/\/renovepro.com.ar\/index.php\/wp-json\/wp\/v2\/types\/product"}],"replies":[{"embeddable":true,"href":"https:\/\/renovepro.com.ar\/index.php\/wp-json\/wp\/v2\/comments?post=3446"}],"wp:featuredmedia":[{"embeddable":true,"href":"https:\/\/renovepro.com.ar\/index.php\/wp-json\/wp\/v2\/media\/3448"}],"wp:attachment":[{"href":"https:\/\/renovepro.com.ar\/index.php\/wp-json\/wp\/v2\/media?parent=3446"}],"wp:term":[{"taxonomy":"product_brand","embeddable":true,"href":"https:\/\/renovepro.com.ar\/index.php\/wp-json\/wp\/v2\/product_brand?post=3446"},{"taxonomy":"product_cat","embeddable":true,"href":"https:\/\/renovepro.com.ar\/index.php\/wp-json\/wp\/v2\/product_cat?post=3446"},{"taxonomy":"product_tag","embeddable":true,"href":"https:\/\/renovepro.com.ar\/index.php\/wp-json\/wp\/v2\/product_tag?post=3446"}],"curies":[{"name":"wp","href":"https:\/\/api.w.org\/{rel}","templated":true}]}}