{"id":3428,"date":"2024-01-16T22:09:19","date_gmt":"2024-01-16T22:09:19","guid":{"rendered":"https:\/\/renovepro.com.ar\/?post_type=product&#038;p=3428"},"modified":"2026-03-07T20:47:16","modified_gmt":"2026-03-07T20:47:16","slug":"acondicionador-ultra-color-coalix","status":"publish","type":"product","link":"https:\/\/renovepro.com.ar\/index.php\/product\/acondicionador-ultra-color-coalix\/","title":{"rendered":"ACONDICIONADOR ULTRA COLOR &#8211; COALIX"},"content":{"rendered":"<p><strong>ACONDICIONADOR ULTRA COLOR &#8211; COALIX<\/strong><\/p>\n<p style=\"font-weight: 400;\">El Acondicionador Ultra Color Coalix colabora con la protecci\u00f3n del Color. Se encuentra formulado para ser utilizado en Cabellos Te\u00f1idos dado que sus componentes ayudan a que el color permanezca inalterable y vibrante desde la ra\u00edz hasta las puntas. Se recomienda previamente utilizar el Shampoo Ultra Color Coalix.<\/p>\n<p><strong>SIN PARABENOS<\/strong><\/p>\n<p>\ud83c\udf31 Apto Vegano<\/p>\n<p>\u270b Sin T.A.C.C<\/p>\n<p>\ud83d\udc30 Sin Crueldad Animal<\/p>\n<p><strong>CONT. NETO:<\/strong>\u00a0400ml.<\/p>\n<p><strong>MEDIOS DE PAGO:<\/strong> Pago por transferencia (Alias RENOVEPRO) &#8211; Mercado Pago &#8211; Tarjetas de cr\u00e9dito (Visa &#8211; MasterCard &#8211; American Express &#8211; Naranja &#8211; Banco Rioja) &#8211; Tarjetas de Debito (Cabal &#8211; Maestro &#8211; Visa &#8211; Banco Rioja) &#8211; GO Cuotas<\/p>\n<p><span class=\"text-accent\"><span class=\"x19la9d6 x1fc57z9 x6ikm8r x10wlt62 x19co3pv x1g5zs5t xfibh0p xiy17q3 x1xsqp64 x1lkfr7t xexx8yu x4uap5 x18d9i69 xkhd6sd\"><span class=\"xrtxmta x1bhl96m\">\ud83d\ude9b <\/span><\/span><strong>ENVIO GRATIS<\/strong><\/span>\u00a0en la provincia de La Rioja, <span class=\"js-shipping-minimum-label\">superando <\/span><span class=\"js-shipping-minimum-label\">los $150.000,00. El envi\u00f3 para otras provincias ser\u00e1 por correo argentino o por transporte a convenir, a cargo del comprador.<\/span><\/p>\n","protected":false},"excerpt":{"rendered":"<p>ACONDICIONADOR ULTRA COLOR &#8211; COALIX El Acondicionador Ultra Color Coalix colabora con la protecci\u00f3n del Color. Se encuentra formulado para ser utilizado en Cabellos Te\u00f1idos dado que sus componentes ayudan a que<a class=\"moretag\" href=\"https:\/\/renovepro.com.ar\/index.php\/product\/acondicionador-ultra-color-coalix\/\">Read More&#8230;<\/a><\/p>\n","protected":false},"featured_media":3429,"comment_status":"open","ping_status":"closed","template":"","meta":[],"product_brand":[],"product_cat":[60],"product_tag":[],"class_list":{"0":"post-3428","1":"product","2":"type-product","3":"status-publish","4":"has-post-thumbnail","6":"product_cat-shampoo-acondicionador","8":"first","9":"instock","10":"sale","11":"shipping-taxable","12":"purchasable","13":"product-type-simple"},"jetpack_sharing_enabled":true,"_links":{"self":[{"href":"https:\/\/renovepro.com.ar\/index.php\/wp-json\/wp\/v2\/product\/3428","targetHints":{"allow":["GET"]}}],"collection":[{"href":"https:\/\/renovepro.com.ar\/index.php\/wp-json\/wp\/v2\/product"}],"about":[{"href":"https:\/\/renovepro.com.ar\/index.php\/wp-json\/wp\/v2\/types\/product"}],"replies":[{"embeddable":true,"href":"https:\/\/renovepro.com.ar\/index.php\/wp-json\/wp\/v2\/comments?post=3428"}],"wp:featuredmedia":[{"embeddable":true,"href":"https:\/\/renovepro.com.ar\/index.php\/wp-json\/wp\/v2\/media\/3429"}],"wp:attachment":[{"href":"https:\/\/renovepro.com.ar\/index.php\/wp-json\/wp\/v2\/media?parent=3428"}],"wp:term":[{"taxonomy":"product_brand","embeddable":true,"href":"https:\/\/renovepro.com.ar\/index.php\/wp-json\/wp\/v2\/product_brand?post=3428"},{"taxonomy":"product_cat","embeddable":true,"href":"https:\/\/renovepro.com.ar\/index.php\/wp-json\/wp\/v2\/product_cat?post=3428"},{"taxonomy":"product_tag","embeddable":true,"href":"https:\/\/renovepro.com.ar\/index.php\/wp-json\/wp\/v2\/product_tag?post=3428"}],"curies":[{"name":"wp","href":"https:\/\/api.w.org\/{rel}","templated":true}]}}