{"id":3148,"date":"2023-10-30T15:57:10","date_gmt":"2023-10-30T15:57:10","guid":{"rendered":"http:\/\/renovepro.com.ar\/?post_type=product&#038;p=3148"},"modified":"2025-10-27T14:18:01","modified_gmt":"2025-10-27T14:18:01","slug":"gel-fijacion-absoluta-bellissima","status":"publish","type":"product","link":"https:\/\/renovepro.com.ar\/index.php\/product\/gel-fijacion-absoluta-bellissima\/","title":{"rendered":"GEL FIJACION ABSOLUTA &#8211; BELLISSIMA"},"content":{"rendered":"<p><strong>GEL FIJACION ABSOLUTA &#8211; BELLISSIMA<\/strong><\/p>\n<p>Un producto que te permite conseguir el estilo que te caracteriza. Podr\u00e1s mantener tu peinado por m\u00e1s tiempo. Especialmente creado para modelar, mantener formas y vol\u00famenes. Otorga brillo sin dejar efecto residual graso<\/p>\n<p><strong>MODO DE USO: <\/strong>Tomas una peque\u00f1a cantidad de producto en la palma de las manos y aplicar sobre cabello h\u00famedo. Modelas con los dedos o utilizando un peine.<\/p>\n<p><strong>CONT. NETO: <\/strong>270g.<\/p>\n<p><strong>MEDIOS DE PAGO:<\/strong> Pago por transferencia (Alias RENOVEPRO) &#8211; Mercado Pago &#8211; Tarjetas de cr\u00e9dito (Visa &#8211; MasterCard &#8211; American Express &#8211; Naranja &#8211; Banco Rioja) &#8211; Tarjetas de Debito (Cabal &#8211; Maestro &#8211; Visa &#8211; Banco Rioja) &#8211; GO Cuotas<\/p>\n<p><span class=\"text-accent\"><span class=\"x19la9d6 x1fc57z9 x6ikm8r x10wlt62 x19co3pv x1g5zs5t xfibh0p xiy17q3 x1xsqp64 x1lkfr7t xexx8yu x4uap5 x18d9i69 xkhd6sd\"><span class=\"xrtxmta x1bhl96m\">\ud83d\ude9b <\/span><\/span><strong>ENVIO GRATIS<\/strong><\/span>\u00a0en la provincia de La Rioja, <span class=\"js-shipping-minimum-label\">superando <\/span><span class=\"js-shipping-minimum-label\">los $150.000,00. El envi\u00f3 para otras provincias ser\u00e1 por correo argentino o por transporte a convenir, a cargo del comprador.<\/span><\/p>\n","protected":false},"excerpt":{"rendered":"<p>GEL FIJACION ABSOLUTA &#8211; BELLISSIMA Un producto que te permite conseguir el estilo que te caracteriza. Podr\u00e1s mantener tu peinado por m\u00e1s tiempo. Especialmente creado para modelar, mantener formas y vol\u00famenes. Otorga<a class=\"moretag\" href=\"https:\/\/renovepro.com.ar\/index.php\/product\/gel-fijacion-absoluta-bellissima\/\">Read More&#8230;<\/a><\/p>\n","protected":false},"featured_media":3149,"comment_status":"open","ping_status":"closed","template":"","meta":[],"product_brand":[],"product_cat":[69],"product_tag":[],"class_list":{"0":"post-3148","1":"product","2":"type-product","3":"status-publish","4":"has-post-thumbnail","6":"product_cat-modelado-peinado","8":"first","9":"instock","10":"sale","11":"shipping-taxable","12":"purchasable","13":"product-type-simple"},"jetpack_sharing_enabled":true,"_links":{"self":[{"href":"https:\/\/renovepro.com.ar\/index.php\/wp-json\/wp\/v2\/product\/3148","targetHints":{"allow":["GET"]}}],"collection":[{"href":"https:\/\/renovepro.com.ar\/index.php\/wp-json\/wp\/v2\/product"}],"about":[{"href":"https:\/\/renovepro.com.ar\/index.php\/wp-json\/wp\/v2\/types\/product"}],"replies":[{"embeddable":true,"href":"https:\/\/renovepro.com.ar\/index.php\/wp-json\/wp\/v2\/comments?post=3148"}],"wp:featuredmedia":[{"embeddable":true,"href":"https:\/\/renovepro.com.ar\/index.php\/wp-json\/wp\/v2\/media\/3149"}],"wp:attachment":[{"href":"https:\/\/renovepro.com.ar\/index.php\/wp-json\/wp\/v2\/media?parent=3148"}],"wp:term":[{"taxonomy":"product_brand","embeddable":true,"href":"https:\/\/renovepro.com.ar\/index.php\/wp-json\/wp\/v2\/product_brand?post=3148"},{"taxonomy":"product_cat","embeddable":true,"href":"https:\/\/renovepro.com.ar\/index.php\/wp-json\/wp\/v2\/product_cat?post=3148"},{"taxonomy":"product_tag","embeddable":true,"href":"https:\/\/renovepro.com.ar\/index.php\/wp-json\/wp\/v2\/product_tag?post=3148"}],"curies":[{"name":"wp","href":"https:\/\/api.w.org\/{rel}","templated":true}]}}