{"id":3124,"date":"2023-10-08T18:49:07","date_gmt":"2023-10-08T18:49:07","guid":{"rendered":"http:\/\/renovepro.com.ar\/?post_type=product&#038;p=3124"},"modified":"2026-04-04T18:56:51","modified_gmt":"2026-04-04T18:56:51","slug":"tratamiento-capilar-restaurador-keratotek","status":"publish","type":"product","link":"https:\/\/renovepro.com.ar\/index.php\/product\/tratamiento-capilar-restaurador-keratotek\/","title":{"rendered":"TRATAMIENTO CAPILAR RESTAURADOR SOS &#8211; KERATOTEK"},"content":{"rendered":"<p><strong>TRATAMIENTO CAPILAR RESTAURADOR SOS &#8211; KERATOTEK<\/strong><\/p>\n<p style=\"font-weight: 400;\">El Serum Restaurador Instant\u00e1neo SOS Keratotek fue desarrollado para cabellos muy maltratados por agentes qu\u00edmicos, ya sea permanentados, te\u00f1idos o decolorados, como tambi\u00e9n en aquellos que han sufrido con el uso de plancha y buclera. Aporta brillo y sedosidad al cabello. Su f\u00f3rmula lo vuelve un aliado al momento de ir a la playa o piscina ya que protege del deterioro de la fibra capilar causado por cloro, sales y minerales.<\/p>\n<p style=\"font-weight: 400;\"><strong>MODO DE USO:\u00a0 <\/strong>Aplicar una peque\u00f1a cantidad sobre la palma de las manos, frotarlas y aplicar sobre el cabello h\u00famedo o seco masajeando ligeramente. No enjuagar y proceder al peinado. Puede usarlo despu\u00e9s del shampoo, o para modelar o acondicionar el cabello en cualquier momento del d\u00eda ya que no necesita enjuagarse.<\/p>\n<p><strong>CONT. NETO:<\/strong>\u00a0120g.<\/p>\n<p><strong>MEDIOS DE PAGO:<\/strong> Pago por transferencia (Alias RENOVEPRO) &#8211; Mercado Pago &#8211; Tarjetas de cr\u00e9dito (Visa &#8211; MasterCard &#8211; American Express &#8211; Naranja &#8211; Banco Rioja) &#8211; Tarjetas de Debito (Cabal &#8211; Maestro &#8211; Visa &#8211; Banco Rioja) &#8211; GO Cuotas<\/p>\n<p><span class=\"text-accent\"><span class=\"x19la9d6 x1fc57z9 x6ikm8r x10wlt62 x19co3pv x1g5zs5t xfibh0p xiy17q3 x1xsqp64 x1lkfr7t xexx8yu x4uap5 x18d9i69 xkhd6sd\"><span class=\"xrtxmta x1bhl96m\">\ud83d\ude9b <\/span><\/span><strong>ENVIO GRATIS<\/strong><\/span>\u00a0en la provincia de La Rioja, <span class=\"js-shipping-minimum-label\">superando <\/span><span class=\"js-shipping-minimum-label\">los $150.000,00. El envi\u00f3 para otras provincias ser\u00e1 por correo argentino o por transporte a convenir, a cargo del comprador.<\/span><\/p>\n<p>&nbsp;<\/p>\n","protected":false},"excerpt":{"rendered":"<p>TRATAMIENTO CAPILAR RESTAURADOR SOS &#8211; KERATOTEK El Serum Restaurador Instant\u00e1neo SOS Keratotek fue desarrollado para cabellos muy maltratados por agentes qu\u00edmicos, ya sea permanentados, te\u00f1idos o decolorados, como tambi\u00e9n en aquellos que<a class=\"moretag\" href=\"https:\/\/renovepro.com.ar\/index.php\/product\/tratamiento-capilar-restaurador-keratotek\/\">Read More&#8230;<\/a><\/p>\n","protected":false},"featured_media":3125,"comment_status":"open","ping_status":"closed","template":"","meta":[],"product_brand":[],"product_cat":[69,61,243],"product_tag":[],"class_list":{"0":"post-3124","1":"product","2":"type-product","3":"status-publish","4":"has-post-thumbnail","6":"product_cat-modelado-peinado","7":"product_cat-oleos-reparadores","8":"product_cat-tratamiento-capilar-restaurador","10":"first","11":"outofstock","12":"sale","13":"shipping-taxable","14":"purchasable","15":"product-type-simple"},"jetpack_sharing_enabled":true,"_links":{"self":[{"href":"https:\/\/renovepro.com.ar\/index.php\/wp-json\/wp\/v2\/product\/3124","targetHints":{"allow":["GET"]}}],"collection":[{"href":"https:\/\/renovepro.com.ar\/index.php\/wp-json\/wp\/v2\/product"}],"about":[{"href":"https:\/\/renovepro.com.ar\/index.php\/wp-json\/wp\/v2\/types\/product"}],"replies":[{"embeddable":true,"href":"https:\/\/renovepro.com.ar\/index.php\/wp-json\/wp\/v2\/comments?post=3124"}],"wp:featuredmedia":[{"embeddable":true,"href":"https:\/\/renovepro.com.ar\/index.php\/wp-json\/wp\/v2\/media\/3125"}],"wp:attachment":[{"href":"https:\/\/renovepro.com.ar\/index.php\/wp-json\/wp\/v2\/media?parent=3124"}],"wp:term":[{"taxonomy":"product_brand","embeddable":true,"href":"https:\/\/renovepro.com.ar\/index.php\/wp-json\/wp\/v2\/product_brand?post=3124"},{"taxonomy":"product_cat","embeddable":true,"href":"https:\/\/renovepro.com.ar\/index.php\/wp-json\/wp\/v2\/product_cat?post=3124"},{"taxonomy":"product_tag","embeddable":true,"href":"https:\/\/renovepro.com.ar\/index.php\/wp-json\/wp\/v2\/product_tag?post=3124"}],"curies":[{"name":"wp","href":"https:\/\/api.w.org\/{rel}","templated":true}]}}