{"id":3066,"date":"2023-10-07T23:23:45","date_gmt":"2023-10-07T23:23:45","guid":{"rendered":"http:\/\/renovepro.com.ar\/?post_type=product&#038;p=3066"},"modified":"2025-12-22T23:16:38","modified_gmt":"2025-12-22T23:16:38","slug":"acondicionador-density-control-antiage-coalix","status":"publish","type":"product","link":"https:\/\/renovepro.com.ar\/index.php\/product\/acondicionador-density-control-antiage-coalix\/","title":{"rendered":"ACONDICIONADOR DENSITY CONTROL ANTIAGE &#8211; COALIX"},"content":{"rendered":"<p><strong>ACONDICIONADOR DENSITY CONTROL ANTIAGE &#8211; COALIX<\/strong><\/p>\n<p>El Acondicionador Density Coalix PRO proporciona un cuidado perfecto brindando protecci\u00f3n anti-age para el cabello. Devolvi\u00e9ndole la juventud y energ\u00eda al cabello.<\/p>\n<p><strong>MODO DE USO<\/strong>: Aplicar sobre el cabello reci\u00e9n lavado y secado a toalla, masajear largos y puntas, dejar actuar unos instantes y enjuagar abundantemente.<\/p>\n<p><strong>SIN PARABENOS\u00a0<\/strong><\/p>\n<p>\ud83c\udf31 Apto Vegano<\/p>\n<p>\u270b Sin T.A.C.C<\/p>\n<p>\ud83d\udc30 Sin Crueldad Animal<\/p>\n<p><strong>CONT. NETO:<\/strong>\u00a0180ml.<\/p>\n<p><strong>MEDIOS DE PAGO:<\/strong> Pago por transferencia (Alias RENOVEPRO) &#8211; Mercado Pago &#8211; Tarjetas de cr\u00e9dito (Visa &#8211; MasterCard &#8211; American Express &#8211; Naranja &#8211; Banco Rioja) &#8211; Tarjetas de Debito (Cabal &#8211; Maestro &#8211; Visa &#8211; Banco Rioja) &#8211; GO Cuotas<\/p>\n<p><span class=\"text-accent\"><span class=\"x19la9d6 x1fc57z9 x6ikm8r x10wlt62 x19co3pv x1g5zs5t xfibh0p xiy17q3 x1xsqp64 x1lkfr7t xexx8yu x4uap5 x18d9i69 xkhd6sd\"><span class=\"xrtxmta x1bhl96m\">\ud83d\ude9b <\/span><\/span><strong>ENVIO GRATIS<\/strong><\/span>\u00a0en la provincia de La Rioja, <span class=\"js-shipping-minimum-label\">superando <\/span><span class=\"js-shipping-minimum-label\">los $150.000,00. El envi\u00f3 para otras provincias ser\u00e1 por correo argentino o por transporte a convenir, a cargo del comprador.<\/span><\/p>\n","protected":false},"excerpt":{"rendered":"<p>ACONDICIONADOR DENSITY CONTROL ANTIAGE &#8211; COALIX El Acondicionador Density Coalix PRO proporciona un cuidado perfecto brindando protecci\u00f3n anti-age para el cabello. Devolvi\u00e9ndole la juventud y energ\u00eda al cabello. MODO DE USO: Aplicar<a class=\"moretag\" href=\"https:\/\/renovepro.com.ar\/index.php\/product\/acondicionador-density-control-antiage-coalix\/\">Read More&#8230;<\/a><\/p>\n","protected":false},"featured_media":3067,"comment_status":"open","ping_status":"closed","template":"","meta":[],"product_brand":[],"product_cat":[60],"product_tag":[],"class_list":{"0":"post-3066","1":"product","2":"type-product","3":"status-publish","4":"has-post-thumbnail","6":"product_cat-shampoo-acondicionador","8":"first","9":"instock","10":"sale","11":"shipping-taxable","12":"purchasable","13":"product-type-simple"},"jetpack_sharing_enabled":true,"_links":{"self":[{"href":"https:\/\/renovepro.com.ar\/index.php\/wp-json\/wp\/v2\/product\/3066","targetHints":{"allow":["GET"]}}],"collection":[{"href":"https:\/\/renovepro.com.ar\/index.php\/wp-json\/wp\/v2\/product"}],"about":[{"href":"https:\/\/renovepro.com.ar\/index.php\/wp-json\/wp\/v2\/types\/product"}],"replies":[{"embeddable":true,"href":"https:\/\/renovepro.com.ar\/index.php\/wp-json\/wp\/v2\/comments?post=3066"}],"wp:featuredmedia":[{"embeddable":true,"href":"https:\/\/renovepro.com.ar\/index.php\/wp-json\/wp\/v2\/media\/3067"}],"wp:attachment":[{"href":"https:\/\/renovepro.com.ar\/index.php\/wp-json\/wp\/v2\/media?parent=3066"}],"wp:term":[{"taxonomy":"product_brand","embeddable":true,"href":"https:\/\/renovepro.com.ar\/index.php\/wp-json\/wp\/v2\/product_brand?post=3066"},{"taxonomy":"product_cat","embeddable":true,"href":"https:\/\/renovepro.com.ar\/index.php\/wp-json\/wp\/v2\/product_cat?post=3066"},{"taxonomy":"product_tag","embeddable":true,"href":"https:\/\/renovepro.com.ar\/index.php\/wp-json\/wp\/v2\/product_tag?post=3066"}],"curies":[{"name":"wp","href":"https:\/\/api.w.org\/{rel}","templated":true}]}}