{"id":2998,"date":"2023-07-23T00:32:37","date_gmt":"2023-07-23T00:32:37","guid":{"rendered":"http:\/\/renovepro.com.ar\/?post_type=product&#038;p=2998"},"modified":"2025-10-27T16:36:37","modified_gmt":"2025-10-27T16:36:37","slug":"protector-termico-oro-liquido-renovepro","status":"publish","type":"product","link":"https:\/\/renovepro.com.ar\/index.php\/product\/protector-termico-oro-liquido-renovepro\/","title":{"rendered":"PROTECTOR TERMICO ORO LIQUIDO &#8211; RENOVEPRO"},"content":{"rendered":"<p><strong>PROTECTOR TERMICO ORO LIQUIDO &#8211; RENOVEPRO<\/strong><\/p>\n<p>El Protector T\u00e9rmico Oro Liquido RenovePro fue formulado a base de \u00d3leo de Arg\u00e1n y\u00a0 col\u00e1geno que produce en el Cabello un film envolvente que evita las agresiones provocadas por herramientas que aportan demasiado calor como la planchita y la buclera. Dejando la Fibra Capilar liviana y con disciplina.<\/p>\n<p><strong>MODE DE USO:<\/strong> Lavar el Cabello, aplicar de forma generalizada a 15 cm de distancia sobre la Cabellera y proceder a la utilizaci\u00f3n de Plancha o Buclera.<\/p>\n<p><strong>CONT. NETO:<\/strong> 300ml.<\/p>\n<p><strong>MEDIOS DE PAGO:<\/strong> Pago por transferencia (Alias RENOVEPRO) &#8211; Mercado Pago &#8211; Tarjetas de cr\u00e9dito (Visa &#8211; MasterCard &#8211; American Express &#8211; Naranja &#8211; Banco Rioja) &#8211; Tarjetas de Debito (Cabal &#8211; Maestro &#8211; Visa &#8211; Banco Rioja) &#8211; GO Cuotas<\/p>\n<p><span class=\"text-accent\"><span class=\"x19la9d6 x1fc57z9 x6ikm8r x10wlt62 x19co3pv x1g5zs5t xfibh0p xiy17q3 x1xsqp64 x1lkfr7t xexx8yu x4uap5 x18d9i69 xkhd6sd\"><span class=\"xrtxmta x1bhl96m\">\ud83d\ude9b <\/span><\/span><strong>ENVIO GRATIS<\/strong><\/span>\u00a0en la provincia de La Rioja, <span class=\"js-shipping-minimum-label\">superando <\/span><span class=\"js-shipping-minimum-label\">los $150.000,00. El envi\u00f3 para otras provincias ser\u00e1 por correo argentino o por transporte a convenir, a cargo del comprador.<\/span><\/p>\n","protected":false},"excerpt":{"rendered":"<p>PROTECTOR TERMICO ORO LIQUIDO &#8211; RENOVEPRO El Protector T\u00e9rmico Oro Liquido RenovePro fue formulado a base de \u00d3leo de Arg\u00e1n y\u00a0 col\u00e1geno que produce en el Cabello un film envolvente que evita<a class=\"moretag\" href=\"https:\/\/renovepro.com.ar\/index.php\/product\/protector-termico-oro-liquido-renovepro\/\">Read More&#8230;<\/a><\/p>\n","protected":false},"featured_media":3642,"comment_status":"open","ping_status":"closed","template":"","meta":[],"product_brand":[],"product_cat":[63],"product_tag":[],"class_list":{"0":"post-2998","1":"product","2":"type-product","3":"status-publish","4":"has-post-thumbnail","6":"product_cat-protectores-capilares","8":"first","9":"instock","10":"sale","11":"shipping-taxable","12":"purchasable","13":"product-type-simple"},"jetpack_sharing_enabled":true,"_links":{"self":[{"href":"https:\/\/renovepro.com.ar\/index.php\/wp-json\/wp\/v2\/product\/2998","targetHints":{"allow":["GET"]}}],"collection":[{"href":"https:\/\/renovepro.com.ar\/index.php\/wp-json\/wp\/v2\/product"}],"about":[{"href":"https:\/\/renovepro.com.ar\/index.php\/wp-json\/wp\/v2\/types\/product"}],"replies":[{"embeddable":true,"href":"https:\/\/renovepro.com.ar\/index.php\/wp-json\/wp\/v2\/comments?post=2998"}],"wp:featuredmedia":[{"embeddable":true,"href":"https:\/\/renovepro.com.ar\/index.php\/wp-json\/wp\/v2\/media\/3642"}],"wp:attachment":[{"href":"https:\/\/renovepro.com.ar\/index.php\/wp-json\/wp\/v2\/media?parent=2998"}],"wp:term":[{"taxonomy":"product_brand","embeddable":true,"href":"https:\/\/renovepro.com.ar\/index.php\/wp-json\/wp\/v2\/product_brand?post=2998"},{"taxonomy":"product_cat","embeddable":true,"href":"https:\/\/renovepro.com.ar\/index.php\/wp-json\/wp\/v2\/product_cat?post=2998"},{"taxonomy":"product_tag","embeddable":true,"href":"https:\/\/renovepro.com.ar\/index.php\/wp-json\/wp\/v2\/product_tag?post=2998"}],"curies":[{"name":"wp","href":"https:\/\/api.w.org\/{rel}","templated":true}]}}