{"id":2931,"date":"2023-02-13T18:07:23","date_gmt":"2023-02-13T18:07:23","guid":{"rendered":"http:\/\/renovepro.com.ar\/?post_type=product&#038;p=2931"},"modified":"2025-12-22T23:33:47","modified_gmt":"2025-12-22T23:33:47","slug":"polvo-decolorante-violeta-mas-belleza","status":"publish","type":"product","link":"https:\/\/renovepro.com.ar\/index.php\/product\/polvo-decolorante-violeta-mas-belleza\/","title":{"rendered":"POLVO DECOLORANTE VIOLETA &#8211; MAS BELLEZA"},"content":{"rendered":"<p><strong>POLVO DECOLORANTE VIOLETA &#8211; MAS BELLEZA<\/strong><\/p>\n<p>Logra rubios perfectos y luminosos cuidando la fibra capilar gracias a su formula compuesta con plex y keratina. Ideal para realizar efectos y coloraciones especiales muy claras. Alto rendimiento: aclara hasta 7 tonos en cabellos naturales o te\u00f1idos.<\/p>\n<p><strong>MODO DE USO<\/strong>: Colocar 25 g. de POLVO DECOLORANTE VIOLETA en un recipiente no met\u00e1lico. Agregar 50 ml. de oxidantes de 10, 20, 30 \u00f3 40 vol. (seg\u00fan la intensidad de decoloraci\u00f3n deseada). Mezclar hasta obtener una crema homog\u00e9nea. Aplicar sobre el cabello seco en la zona a decolorar. Dejar actuar el tiempo necesario para obtener la decoloraci\u00f3n deseada (25 a 50 minutos). IMPORTANTE: El cabello m\u00e1s cercano a las ra\u00edces se decolora m\u00e1s f\u00e1cilmente porque el calor del cuero cabelludo acelera el proceso.<\/p>\n<p><strong>CONT. NETO:<\/strong> 500g.<\/p>\n<p><strong>MEDIOS DE PAGO:<\/strong> Pago por transferencia (Alias RENOVEPRO) &#8211; Mercado Pago &#8211; Tarjetas de cr\u00e9dito (Visa &#8211; MasterCard &#8211; American Express &#8211; Naranja &#8211; Banco Rioja) &#8211; Tarjetas de Debito (Cabal &#8211; Maestro &#8211; Visa &#8211; Banco Rioja) &#8211; GO Cuotas<\/p>\n<p><span class=\"text-accent\"><span class=\"x19la9d6 x1fc57z9 x6ikm8r x10wlt62 x19co3pv x1g5zs5t xfibh0p xiy17q3 x1xsqp64 x1lkfr7t xexx8yu x4uap5 x18d9i69 xkhd6sd\"><span class=\"xrtxmta x1bhl96m\">\ud83d\ude9b <\/span><\/span><strong>ENVIO GRATIS<\/strong><\/span>\u00a0en la provincia de La Rioja, <span class=\"js-shipping-minimum-label\">superando <\/span><span class=\"js-shipping-minimum-label\">los $150.000,00. El envi\u00f3 para otras provincias ser\u00e1 por correo argentino o por transporte a convenir, a cargo del comprador.<\/span><\/p>\n<p>&nbsp;<\/p>\n","protected":false},"excerpt":{"rendered":"<p>POLVO DECOLORANTE VIOLETA &#8211; MAS BELLEZA Logra rubios perfectos y luminosos cuidando la fibra capilar gracias a su formula compuesta con plex y keratina. Ideal para realizar efectos y coloraciones especiales muy<a class=\"moretag\" href=\"https:\/\/renovepro.com.ar\/index.php\/product\/polvo-decolorante-violeta-mas-belleza\/\">Read More&#8230;<\/a><\/p>\n","protected":false},"featured_media":2932,"comment_status":"open","ping_status":"closed","template":"","meta":[],"product_brand":[],"product_cat":[64],"product_tag":[],"class_list":{"0":"post-2931","1":"product","2":"type-product","3":"status-publish","4":"has-post-thumbnail","6":"product_cat-polvos-decolorantes","8":"first","9":"instock","10":"sale","11":"shipping-taxable","12":"purchasable","13":"product-type-simple"},"jetpack_sharing_enabled":true,"_links":{"self":[{"href":"https:\/\/renovepro.com.ar\/index.php\/wp-json\/wp\/v2\/product\/2931","targetHints":{"allow":["GET"]}}],"collection":[{"href":"https:\/\/renovepro.com.ar\/index.php\/wp-json\/wp\/v2\/product"}],"about":[{"href":"https:\/\/renovepro.com.ar\/index.php\/wp-json\/wp\/v2\/types\/product"}],"replies":[{"embeddable":true,"href":"https:\/\/renovepro.com.ar\/index.php\/wp-json\/wp\/v2\/comments?post=2931"}],"wp:featuredmedia":[{"embeddable":true,"href":"https:\/\/renovepro.com.ar\/index.php\/wp-json\/wp\/v2\/media\/2932"}],"wp:attachment":[{"href":"https:\/\/renovepro.com.ar\/index.php\/wp-json\/wp\/v2\/media?parent=2931"}],"wp:term":[{"taxonomy":"product_brand","embeddable":true,"href":"https:\/\/renovepro.com.ar\/index.php\/wp-json\/wp\/v2\/product_brand?post=2931"},{"taxonomy":"product_cat","embeddable":true,"href":"https:\/\/renovepro.com.ar\/index.php\/wp-json\/wp\/v2\/product_cat?post=2931"},{"taxonomy":"product_tag","embeddable":true,"href":"https:\/\/renovepro.com.ar\/index.php\/wp-json\/wp\/v2\/product_tag?post=2931"}],"curies":[{"name":"wp","href":"https:\/\/api.w.org\/{rel}","templated":true}]}}