{"id":2839,"date":"2023-01-12T19:01:53","date_gmt":"2023-01-12T19:01:53","guid":{"rendered":"http:\/\/renovepro.com.ar\/?post_type=product&#038;p=2839"},"modified":"2025-12-22T23:56:05","modified_gmt":"2025-12-22T23:56:05","slug":"polvo-decolorante-profesional-coalix","status":"publish","type":"product","link":"https:\/\/renovepro.com.ar\/index.php\/product\/polvo-decolorante-profesional-coalix\/","title":{"rendered":"POLVO DECOLORANTE PROFESIONAL &#8211; COALIX"},"content":{"rendered":"<p><strong>POLVO DECOLORANTE PROFESIONAL &#8211; COALIX<\/strong><\/p>\n<p>M\u00e1xima Luminosidad. Producto de alta performance que deja la Fibra Capilar con suavidad y brillo sin alterar su Textura.<\/p>\n<ul>\n<li>Poder de aclaraci\u00f3n hasta 7 tonos.<\/li>\n<li>Tiempo de exposici\u00f3n hasta 60\u2019.<\/li>\n<li>No es vol\u00e1tilizable ni libera emanaciones irritantes.<\/li>\n<li>Fragancia no posee, adopta la de la Crema Oxidante.<\/li>\n<li>Color Lilaceo.<\/li>\n<li>Mezcla de consistencia cremosa que no se expande.<\/li>\n<\/ul>\n<p>T\u00e9cnicas de aplicaci\u00f3n:<\/p>\n<ul>\n<li>\u00a0Decoloraci\u00f3n<\/li>\n<li>Planos de Decapage<\/li>\n<li>Cr\u00e9ative Coloraci\u00f3n<\/li>\n<\/ul>\n<p><strong>Modo de Uso: <\/strong>Verter el Polvo Decolorante \u00c9clat_Max en un recipiente y agregar Crema Oxidante, los vol\u00famenes y la cantidad de acuerdo a la t\u00e9cnica a utilizar. Mezclar batiendo suavemente (con esp\u00e1tula) hasta llegar a la consistencia deseada. Aplicar sobre Cabellos secos y no lavados.<\/p>\n<p><strong>CONT. NETO:<\/strong> 500g.<\/p>\n<p><strong>MEDIOS DE PAGO:<\/strong> Pago por transferencia (Alias RENOVEPRO) &#8211; Mercado Pago &#8211; Tarjetas de cr\u00e9dito (Visa &#8211; MasterCard &#8211; American Express &#8211; Naranja &#8211; Banco Rioja) &#8211; Tarjetas de Debito (Cabal &#8211; Maestro &#8211; Visa &#8211; Banco Rioja) &#8211; GO Cuotas<\/p>\n<p><span class=\"text-accent\"><span class=\"x19la9d6 x1fc57z9 x6ikm8r x10wlt62 x19co3pv x1g5zs5t xfibh0p xiy17q3 x1xsqp64 x1lkfr7t xexx8yu x4uap5 x18d9i69 xkhd6sd\"><span class=\"xrtxmta x1bhl96m\">\ud83d\ude9b <\/span><\/span><strong>ENVIO GRATIS<\/strong><\/span>\u00a0en la provincia de La Rioja, <span class=\"js-shipping-minimum-label\">superando <\/span><span class=\"js-shipping-minimum-label\">los $150.000,00. El envi\u00f3 para otras provincias ser\u00e1 por correo argentino o por transporte a convenir, a cargo del comprador.<\/span><\/p>\n","protected":false},"excerpt":{"rendered":"<p>POLVO DECOLORANTE PROFESIONAL &#8211; COALIX M\u00e1xima Luminosidad. Producto de alta performance que deja la Fibra Capilar con suavidad y brillo sin alterar su Textura. Poder de aclaraci\u00f3n hasta 7 tonos. Tiempo de<a class=\"moretag\" href=\"https:\/\/renovepro.com.ar\/index.php\/product\/polvo-decolorante-profesional-coalix\/\">Read More&#8230;<\/a><\/p>\n","protected":false},"featured_media":3793,"comment_status":"open","ping_status":"closed","template":"","meta":[],"product_brand":[],"product_cat":[64],"product_tag":[],"class_list":{"0":"post-2839","1":"product","2":"type-product","3":"status-publish","4":"has-post-thumbnail","6":"product_cat-polvos-decolorantes","8":"first","9":"instock","10":"sale","11":"shipping-taxable","12":"purchasable","13":"product-type-simple"},"jetpack_sharing_enabled":true,"_links":{"self":[{"href":"https:\/\/renovepro.com.ar\/index.php\/wp-json\/wp\/v2\/product\/2839","targetHints":{"allow":["GET"]}}],"collection":[{"href":"https:\/\/renovepro.com.ar\/index.php\/wp-json\/wp\/v2\/product"}],"about":[{"href":"https:\/\/renovepro.com.ar\/index.php\/wp-json\/wp\/v2\/types\/product"}],"replies":[{"embeddable":true,"href":"https:\/\/renovepro.com.ar\/index.php\/wp-json\/wp\/v2\/comments?post=2839"}],"wp:featuredmedia":[{"embeddable":true,"href":"https:\/\/renovepro.com.ar\/index.php\/wp-json\/wp\/v2\/media\/3793"}],"wp:attachment":[{"href":"https:\/\/renovepro.com.ar\/index.php\/wp-json\/wp\/v2\/media?parent=2839"}],"wp:term":[{"taxonomy":"product_brand","embeddable":true,"href":"https:\/\/renovepro.com.ar\/index.php\/wp-json\/wp\/v2\/product_brand?post=2839"},{"taxonomy":"product_cat","embeddable":true,"href":"https:\/\/renovepro.com.ar\/index.php\/wp-json\/wp\/v2\/product_cat?post=2839"},{"taxonomy":"product_tag","embeddable":true,"href":"https:\/\/renovepro.com.ar\/index.php\/wp-json\/wp\/v2\/product_tag?post=2839"}],"curies":[{"name":"wp","href":"https:\/\/api.w.org\/{rel}","templated":true}]}}