{"id":2789,"date":"2022-12-20T22:15:01","date_gmt":"2022-12-20T22:15:01","guid":{"rendered":"http:\/\/renovepro.com.ar\/?post_type=product&#038;p=2789"},"modified":"2026-02-24T16:27:30","modified_gmt":"2026-02-24T16:27:30","slug":"shampoo-capilar-plex-biotina-impronta-profesional","status":"publish","type":"product","link":"https:\/\/renovepro.com.ar\/index.php\/product\/shampoo-capilar-plex-biotina-impronta-profesional\/","title":{"rendered":"SHAMPOO CAPILAR PLEX + BIOTINA &#8211; IMPRONTA PROFESIONAL"},"content":{"rendered":"<p><strong>SHAMPOO CAPILAR PLEX + BIOTINA &#8211; IMPRONTA PROFESIONAL<\/strong><\/p>\n<p>El Shampoo Capilar Plex + Biotina proporciona una reparaci\u00f3n e hidrataci\u00f3n intensa gracias a su formula compuesta con plex, biotina y prote\u00ednas, aportando brillo, fuerza y vitalidad al cabello.<\/p>\n<p><strong>MODO DE USO<\/strong>: Aplicar el Shampoo Plex + Biotina en cabello h\u00famedo, masajear suavemente durante 3 minutos y luego enjuagar con abundante agua.<\/p>\n<div class=\"modo_empleo\">\n<div class=\"texto\"><\/div>\n<\/div>\n<p><strong>CONT. NETO:<\/strong> 250ml.<\/p>\n<div class=\"modo_empleo\">\n<div><strong>MEDIOS DE PAGO:<\/strong>\u00a0Pago por transferencia (Alias RENOVEPRO) &#8211; Mercado Pago &#8211; Tarjetas de cr\u00e9dito (Visa &#8211; MasterCard &#8211; American Express &#8211; Naranja &#8211; Banco Rioja) &#8211; Tarjetas de Debito (Cabal &#8211; Maestro &#8211; Visa &#8211; Banco Rioja) &#8211; GO Cuotas<\/div>\n<div><\/div>\n<\/div>\n<p><span class=\"text-accent\"><span class=\"x19la9d6 x1fc57z9 x6ikm8r x10wlt62 x19co3pv x1g5zs5t xfibh0p xiy17q3 x1xsqp64 x1lkfr7t xexx8yu x4uap5 x18d9i69 xkhd6sd\"><span class=\"xrtxmta x1bhl96m\">\ud83d\ude9b\u00a0<\/span><\/span><strong>ENVIO GRATIS<\/strong><\/span>\u00a0en la provincia de La Rioja,\u00a0<span class=\"js-shipping-minimum-label\">superando\u00a0<\/span><span class=\"js-shipping-minimum-label\">los $150.000,00. El envi\u00f3 para otras provincias ser\u00e1 por correo argentino o por transporte a convenir, a cargo del comprador.\u00a0<\/span><\/p>\n","protected":false},"excerpt":{"rendered":"<p>SHAMPOO CAPILAR PLEX + BIOTINA &#8211; IMPRONTA PROFESIONAL El Shampoo Capilar Plex + Biotina proporciona una reparaci\u00f3n e hidrataci\u00f3n intensa gracias a su formula compuesta con plex, biotina y prote\u00ednas, aportando brillo,<a class=\"moretag\" href=\"https:\/\/renovepro.com.ar\/index.php\/product\/shampoo-capilar-plex-biotina-impronta-profesional\/\">Read More&#8230;<\/a><\/p>\n","protected":false},"featured_media":2790,"comment_status":"open","ping_status":"closed","template":"","meta":[],"product_brand":[],"product_cat":[60],"product_tag":[],"class_list":{"0":"post-2789","1":"product","2":"type-product","3":"status-publish","4":"has-post-thumbnail","6":"product_cat-shampoo-acondicionador","8":"first","9":"instock","10":"sale","11":"shipping-taxable","12":"purchasable","13":"product-type-simple"},"jetpack_sharing_enabled":true,"_links":{"self":[{"href":"https:\/\/renovepro.com.ar\/index.php\/wp-json\/wp\/v2\/product\/2789","targetHints":{"allow":["GET"]}}],"collection":[{"href":"https:\/\/renovepro.com.ar\/index.php\/wp-json\/wp\/v2\/product"}],"about":[{"href":"https:\/\/renovepro.com.ar\/index.php\/wp-json\/wp\/v2\/types\/product"}],"replies":[{"embeddable":true,"href":"https:\/\/renovepro.com.ar\/index.php\/wp-json\/wp\/v2\/comments?post=2789"}],"wp:featuredmedia":[{"embeddable":true,"href":"https:\/\/renovepro.com.ar\/index.php\/wp-json\/wp\/v2\/media\/2790"}],"wp:attachment":[{"href":"https:\/\/renovepro.com.ar\/index.php\/wp-json\/wp\/v2\/media?parent=2789"}],"wp:term":[{"taxonomy":"product_brand","embeddable":true,"href":"https:\/\/renovepro.com.ar\/index.php\/wp-json\/wp\/v2\/product_brand?post=2789"},{"taxonomy":"product_cat","embeddable":true,"href":"https:\/\/renovepro.com.ar\/index.php\/wp-json\/wp\/v2\/product_cat?post=2789"},{"taxonomy":"product_tag","embeddable":true,"href":"https:\/\/renovepro.com.ar\/index.php\/wp-json\/wp\/v2\/product_tag?post=2789"}],"curies":[{"name":"wp","href":"https:\/\/api.w.org\/{rel}","templated":true}]}}