{"id":2787,"date":"2022-12-20T22:13:38","date_gmt":"2022-12-20T22:13:38","guid":{"rendered":"http:\/\/renovepro.com.ar\/?post_type=product&#038;p=2787"},"modified":"2026-01-13T14:05:34","modified_gmt":"2026-01-13T14:05:34","slug":"tratamiento-capilar-plex-biotina-impronta-profesional-2","status":"publish","type":"product","link":"https:\/\/renovepro.com.ar\/index.php\/product\/tratamiento-capilar-plex-biotina-impronta-profesional-2\/","title":{"rendered":"TRATAMIENTO CAPILAR PLEX + BIOTINA &#8211; IMPRONTA PROFESIONAL"},"content":{"rendered":"<p><strong>TRATAMIENTO CAPILAR PLEX + BIOTINA &#8211; IMPRONTA PROFESIONAL<\/strong><\/p>\n<p>El Tratamiento Capilar Plex + Biotina proporciona una reparaci\u00f3n e hidrataci\u00f3n intensa gracias a su formula compuesta con plex, biotina y prote\u00ednas, aportando brillo, fuerza y vitalidad al cabello.<\/p>\n<p><strong>MODO DE USO<\/strong>: Aplicar la cantidad necesaria sobre el cabello h\u00famedo. Esparcir de manera uniforme por toda la cabellera de medios a puntas (a 1 cm de la ra\u00edz). Masajear y peinar. Dejar actuar no menos de 15 minutos. Enjuagar con abundante agua.<\/p>\n<div class=\"modo_empleo\">\n<div class=\"texto\"><strong>CONT. NETO:<\/strong> 250g.<\/div>\n<div><\/div>\n<\/div>\n<div class=\"modo_empleo\">\n<div><strong>MEDIOS DE PAGO:<\/strong>\u00a0Pago por transferencia (Alias RENOVEPRO) &#8211; Mercado Pago &#8211; Tarjetas de cr\u00e9dito (Visa &#8211; MasterCard &#8211; American Express &#8211; Naranja &#8211; Banco Rioja) &#8211; Tarjetas de Debito (Cabal &#8211; Maestro &#8211; Visa &#8211; Banco Rioja) &#8211; GO Cuotas<\/div>\n<div><\/div>\n<\/div>\n<p><span class=\"text-accent\"><span class=\"x19la9d6 x1fc57z9 x6ikm8r x10wlt62 x19co3pv x1g5zs5t xfibh0p xiy17q3 x1xsqp64 x1lkfr7t xexx8yu x4uap5 x18d9i69 xkhd6sd\"><span class=\"xrtxmta x1bhl96m\">\ud83d\ude9b\u00a0<\/span><\/span><strong>ENVIO GRATIS<\/strong><\/span>\u00a0en la provincia de La Rioja,\u00a0<span class=\"js-shipping-minimum-label\">superando\u00a0<\/span><span class=\"js-shipping-minimum-label\">los $150.000,00. El envi\u00f3 para otras provincias ser\u00e1 por correo argentino o por transporte a convenir, a cargo del comprador.\u00a0<\/span><\/p>\n","protected":false},"excerpt":{"rendered":"<p>TRATAMIENTO CAPILAR PLEX + BIOTINA &#8211; IMPRONTA PROFESIONAL El Tratamiento Capilar Plex + Biotina proporciona una reparaci\u00f3n e hidrataci\u00f3n intensa gracias a su formula compuesta con plex, biotina y prote\u00ednas, aportando brillo,<a class=\"moretag\" href=\"https:\/\/renovepro.com.ar\/index.php\/product\/tratamiento-capilar-plex-biotina-impronta-profesional-2\/\">Read More&#8230;<\/a><\/p>\n","protected":false},"featured_media":2788,"comment_status":"open","ping_status":"closed","template":"","meta":[],"product_brand":[],"product_cat":[58,243],"product_tag":[],"class_list":{"0":"post-2787","1":"product","2":"type-product","3":"status-publish","4":"has-post-thumbnail","6":"product_cat-mascaras-capilares","7":"product_cat-tratamiento-capilar-restaurador","9":"first","10":"instock","11":"sale","12":"shipping-taxable","13":"purchasable","14":"product-type-simple"},"jetpack_sharing_enabled":true,"_links":{"self":[{"href":"https:\/\/renovepro.com.ar\/index.php\/wp-json\/wp\/v2\/product\/2787","targetHints":{"allow":["GET"]}}],"collection":[{"href":"https:\/\/renovepro.com.ar\/index.php\/wp-json\/wp\/v2\/product"}],"about":[{"href":"https:\/\/renovepro.com.ar\/index.php\/wp-json\/wp\/v2\/types\/product"}],"replies":[{"embeddable":true,"href":"https:\/\/renovepro.com.ar\/index.php\/wp-json\/wp\/v2\/comments?post=2787"}],"wp:featuredmedia":[{"embeddable":true,"href":"https:\/\/renovepro.com.ar\/index.php\/wp-json\/wp\/v2\/media\/2788"}],"wp:attachment":[{"href":"https:\/\/renovepro.com.ar\/index.php\/wp-json\/wp\/v2\/media?parent=2787"}],"wp:term":[{"taxonomy":"product_brand","embeddable":true,"href":"https:\/\/renovepro.com.ar\/index.php\/wp-json\/wp\/v2\/product_brand?post=2787"},{"taxonomy":"product_cat","embeddable":true,"href":"https:\/\/renovepro.com.ar\/index.php\/wp-json\/wp\/v2\/product_cat?post=2787"},{"taxonomy":"product_tag","embeddable":true,"href":"https:\/\/renovepro.com.ar\/index.php\/wp-json\/wp\/v2\/product_tag?post=2787"}],"curies":[{"name":"wp","href":"https:\/\/api.w.org\/{rel}","templated":true}]}}