{"id":2781,"date":"2022-12-20T21:52:48","date_gmt":"2022-12-20T21:52:48","guid":{"rendered":"http:\/\/renovepro.com.ar\/?post_type=product&#038;p=2781"},"modified":"2026-01-13T14:06:03","modified_gmt":"2026-01-13T14:06:03","slug":"polvo-decolorante-blonde-bellissima","status":"publish","type":"product","link":"https:\/\/renovepro.com.ar\/index.php\/product\/polvo-decolorante-blonde-bellissima\/","title":{"rendered":"POLVO DECOLORANTE BLONDE &#8211; BELLISSIMA"},"content":{"rendered":"<p><strong>POLVO DECOLORANTE BLONDE &#8211; BELLISSIMA<\/strong><\/p>\n<div class=\"col-12 col-md-8 pl-md-3 pr-md-3\">\n<div id=\"product-description\" class=\"mt-4 mt-md-1\" data-store=\"product-description-113348226\">\n<div class=\"product-description user-content\">\n<p>Dise\u00f1ado para cuidar la delicada estructura de los cabellos rubios durante el proceso de decoloraci\u00f3n. Aclara hasta 9 tonos. Mol\u00e9culas desamarilladoras reducen los reflejos no deseados.<\/p>\n<p><strong>MODO DE USO: <\/strong>Mezclar una parte del\u00a0<strong>Polvo<\/strong><strong>\u00a0Decolorante\u00a0<\/strong><strong>Keratotal Blonde<\/strong> con dos partes de Crema Oxidante de 20, 30 \u00f3 40 vol\u00famenes hasta obtener una mezcla homog\u00e9nea, libre de grumos.<\/p>\n<p><strong>\u2022 APLICACION:<\/strong>\u00a0Sin lavado previo del cabello, aplicar la crema con pincel en las zonas a decolorar.<\/p>\n<p><strong>\u2022 CABELLOS VIRGENES:<\/strong>\u00a0Comenzar la decoloraci\u00f3n en largos y puntas del cabello, sin tocar las ra\u00edces. Dejar actuar durante 20 \u00f3 30 minutos y luego aplicar en ra\u00edces hasta obtener una decoloraci\u00f3n uniforme.<\/p>\n<p><strong>\u2022 RETOQUE DE RAICES:<\/strong>\u00a0Aplicar la crema en el crecimiento de las ra\u00edces, sin tocar las partes ya decoloradas.<\/p>\n<p><strong>\u2022 TIEMPO DE EXPOSICION:<\/strong>\u00a0Var\u00eda entre 30 y 60 minutos seg\u00fan el grado de decoloraci\u00f3n deseada.<\/p>\n<p><strong>\u2022 ENJUAGUE:<\/strong>\u00a0Enjuague con abundante agua tibia hasta eliminar totalmente el producto.<\/p>\n<p><strong>\u2022 PRECAUCIONES:<\/strong>\u00a0No aplique si el cuero cabelludo estuviera irritado o lesionado. No aplicar en cejas, ni pesta\u00f1as. En caso de contacto con los ojos, enjuagar con abundante agua. Este producto puede causar reacci\u00f3n al\u00e9rgica. Realice una prueba de toque. Mantenga fuera del alcance de los ni\u00f1os.<\/p>\n<p><strong>\u2022 PRUEBA DE TOQUE: <\/strong>Aplicar una peque\u00f1a cantidad de la mezcla de decolorante con el oxidante y aplicar sobre la parte interna del antebrazo. Lavar la zona despu\u00e9s de 30 minutos. Si dentro de las 24 hs. se observa irritaci\u00f3n, no aplicar.<\/p>\n<\/div>\n<\/div>\n<\/div>\n<p><strong>CONT. NETO:<\/strong> 700g.<\/p>\n<div class=\"modo_empleo\">\n<div><strong>MEDIOS DE PAGO:<\/strong>\u00a0Pago por transferencia (Alias RENOVEPRO) &#8211; Mercado Pago &#8211; Tarjetas de cr\u00e9dito (Visa &#8211; MasterCard &#8211; American Express &#8211; Naranja &#8211; Banco Rioja) &#8211; Tarjetas de Debito (Cabal &#8211; Maestro &#8211; Visa &#8211; Banco Rioja) &#8211; GO Cuotas<\/div>\n<div><\/div>\n<\/div>\n<p><span class=\"text-accent\"><span class=\"x19la9d6 x1fc57z9 x6ikm8r x10wlt62 x19co3pv x1g5zs5t xfibh0p xiy17q3 x1xsqp64 x1lkfr7t xexx8yu x4uap5 x18d9i69 xkhd6sd\"><span class=\"xrtxmta x1bhl96m\">\ud83d\ude9b\u00a0<\/span><\/span><strong>ENVIO GRATIS<\/strong><\/span>\u00a0en la provincia de La Rioja,\u00a0<span class=\"js-shipping-minimum-label\">superando\u00a0<\/span><span class=\"js-shipping-minimum-label\">los $150.000,00. El envi\u00f3 para otras provincias ser\u00e1 por correo argentino o por transporte a convenir, a cargo del comprador.\u00a0<\/span><\/p>\n","protected":false},"excerpt":{"rendered":"<p>POLVO DECOLORANTE BLONDE &#8211; BELLISSIMA Dise\u00f1ado para cuidar la delicada estructura de los cabellos rubios durante el proceso de decoloraci\u00f3n. Aclara hasta 9 tonos. Mol\u00e9culas desamarilladoras reducen los reflejos no deseados. MODO<a class=\"moretag\" href=\"https:\/\/renovepro.com.ar\/index.php\/product\/polvo-decolorante-blonde-bellissima\/\">Read More&#8230;<\/a><\/p>\n","protected":false},"featured_media":2782,"comment_status":"open","ping_status":"closed","template":"","meta":[],"product_brand":[],"product_cat":[64],"product_tag":[],"class_list":{"0":"post-2781","1":"product","2":"type-product","3":"status-publish","4":"has-post-thumbnail","6":"product_cat-polvos-decolorantes","8":"first","9":"instock","10":"sale","11":"shipping-taxable","12":"purchasable","13":"product-type-simple"},"jetpack_sharing_enabled":true,"_links":{"self":[{"href":"https:\/\/renovepro.com.ar\/index.php\/wp-json\/wp\/v2\/product\/2781","targetHints":{"allow":["GET"]}}],"collection":[{"href":"https:\/\/renovepro.com.ar\/index.php\/wp-json\/wp\/v2\/product"}],"about":[{"href":"https:\/\/renovepro.com.ar\/index.php\/wp-json\/wp\/v2\/types\/product"}],"replies":[{"embeddable":true,"href":"https:\/\/renovepro.com.ar\/index.php\/wp-json\/wp\/v2\/comments?post=2781"}],"wp:featuredmedia":[{"embeddable":true,"href":"https:\/\/renovepro.com.ar\/index.php\/wp-json\/wp\/v2\/media\/2782"}],"wp:attachment":[{"href":"https:\/\/renovepro.com.ar\/index.php\/wp-json\/wp\/v2\/media?parent=2781"}],"wp:term":[{"taxonomy":"product_brand","embeddable":true,"href":"https:\/\/renovepro.com.ar\/index.php\/wp-json\/wp\/v2\/product_brand?post=2781"},{"taxonomy":"product_cat","embeddable":true,"href":"https:\/\/renovepro.com.ar\/index.php\/wp-json\/wp\/v2\/product_cat?post=2781"},{"taxonomy":"product_tag","embeddable":true,"href":"https:\/\/renovepro.com.ar\/index.php\/wp-json\/wp\/v2\/product_tag?post=2781"}],"curies":[{"name":"wp","href":"https:\/\/api.w.org\/{rel}","templated":true}]}}