{"id":2777,"date":"2022-12-20T21:45:54","date_gmt":"2022-12-20T21:45:54","guid":{"rendered":"http:\/\/renovepro.com.ar\/?post_type=product&#038;p=2777"},"modified":"2026-01-13T14:06:16","modified_gmt":"2026-01-13T14:06:16","slug":"polvo-decolorante-keraplex-bellissima","status":"publish","type":"product","link":"https:\/\/renovepro.com.ar\/index.php\/product\/polvo-decolorante-keraplex-bellissima\/","title":{"rendered":"POLVO DECOLORANTE KERAPLEX &#8211; BELLISSIMA"},"content":{"rendered":"<p><strong>POLVO DECOLORANTE KERAPLEX &#8211; BELLISSIMA<\/strong><\/p>\n<p>Fue creado para que puedas lograr el rubio so\u00f1ado. Aclara hasta 9 tonos. La moderna tecnolog\u00eda aplicada por nuestros profesionales ha logrado reducir la rotura y reforzar los puentes. Ayuda a proteger y prevenir el da\u00f1o durante y despu\u00e9s del proceso de decoloraci\u00f3n.<\/p>\n<p><strong>MODO DE USO:<\/strong> Mezclar una parte de Polvo decolorante KERAPLEX con dos partes de Crema Oxidante de 20, 30 o 40 vol\u00famenes, hasta obtener una mezcla homog\u00e9nea, libre de grumos.<\/p>\n<p><strong>APLICACION: <\/strong>Sin lavado previo del cabello, aplicar la crema con pincel en las zonas a decolorar.<\/p>\n<p><strong>CABELLOS VIRGENES:<\/strong>\u00a0Comenzar la decoloraci\u00f3n en largos y puntas del cabello, sin tocar las ra\u00edces. Dejar actuar durante 20 o 30 minutos y luego aplicar en ra\u00edces hasta obtener una decoloraci\u00f3n uniforme.<\/p>\n<p><strong>RETOQUE DE RAICES: <\/strong>Aplicar la crema en el crecimiento de las ra\u00edces, sin tocar las partes ya decoloradas.<\/p>\n<p><strong>TIEMPO DE EXPOSICION:<\/strong>\u00a0Var\u00eda entre 30 y 60 minutos seg\u00fan el grado de decoloraci\u00f3n deseado.<\/p>\n<p><strong>ENJUAGUE:<\/strong> Enjuague con abundante agua tibia hasta eliminar totalmente el producto. Dejar actuar de 5 a 10 minutos para que se estabilicen los puentes y se selle la superficie externa de la fibra. Luego enjuague con abundante agua.<\/p>\n<p><strong>PRECAUCIONES: <\/strong>No aplique si el cuero cabelludo estuviera irritado o lesionado. No aplicar en cejas ni pesta\u00f1as. En caso de contacto con los ojos, enjuagar con abundante agua. Este producto puede causar reacci\u00f3n al\u00e9rgica. Realizar una prueba de toque. Mantener fuera del alcance de los ni\u00f1os.<\/p>\n<p><strong>PRUEBA DE TOQUE:<\/strong>\u00a0Aplicar una peque\u00f1a cantidad de la mezcla de decolorante con el oxidante y aplicar sobre la parte interna del antebrazo. Lavar la zona despu\u00e9s de 30 minutos. Si dentro de las 24 hs. observa irritaci\u00f3n, no aplicar. Este producto no est\u00e1 formulado para su uso en ni\u00f1os.<\/p>\n<p><strong>CONT. NETO:<\/strong> 700g.<\/p>\n<div class=\"modo_empleo\">\n<div><strong>MEDIOS DE PAGO:<\/strong>\u00a0Pago por transferencia (Alias RENOVEPRO) &#8211; Mercado Pago &#8211; Tarjetas de cr\u00e9dito (Visa &#8211; MasterCard &#8211; American Express &#8211; Naranja &#8211; Banco Rioja) &#8211; Tarjetas de Debito (Cabal &#8211; Maestro &#8211; Visa &#8211; Banco Rioja) &#8211; GO Cuotas<\/div>\n<div><\/div>\n<\/div>\n<p><span class=\"text-accent\"><span class=\"x19la9d6 x1fc57z9 x6ikm8r x10wlt62 x19co3pv x1g5zs5t xfibh0p xiy17q3 x1xsqp64 x1lkfr7t xexx8yu x4uap5 x18d9i69 xkhd6sd\"><span class=\"xrtxmta x1bhl96m\">\ud83d\ude9b\u00a0<\/span><\/span><strong>ENVIO GRATIS<\/strong><\/span>\u00a0en la provincia de La Rioja,\u00a0<span class=\"js-shipping-minimum-label\">superando\u00a0<\/span><span class=\"js-shipping-minimum-label\">los $150.000,00. El envi\u00f3 para otras provincias ser\u00e1 por correo argentino o por transporte a convenir, a cargo del comprador.\u00a0<\/span><\/p>\n","protected":false},"excerpt":{"rendered":"<p>POLVO DECOLORANTE KERAPLEX &#8211; BELLISSIMA Fue creado para que puedas lograr el rubio so\u00f1ado. Aclara hasta 9 tonos. La moderna tecnolog\u00eda aplicada por nuestros profesionales ha logrado reducir la rotura y reforzar<a class=\"moretag\" href=\"https:\/\/renovepro.com.ar\/index.php\/product\/polvo-decolorante-keraplex-bellissima\/\">Read More&#8230;<\/a><\/p>\n","protected":false},"featured_media":2778,"comment_status":"open","ping_status":"closed","template":"","meta":[],"product_brand":[],"product_cat":[64],"product_tag":[],"class_list":{"0":"post-2777","1":"product","2":"type-product","3":"status-publish","4":"has-post-thumbnail","6":"product_cat-polvos-decolorantes","8":"first","9":"instock","10":"sale","11":"shipping-taxable","12":"purchasable","13":"product-type-simple"},"jetpack_sharing_enabled":true,"_links":{"self":[{"href":"https:\/\/renovepro.com.ar\/index.php\/wp-json\/wp\/v2\/product\/2777","targetHints":{"allow":["GET"]}}],"collection":[{"href":"https:\/\/renovepro.com.ar\/index.php\/wp-json\/wp\/v2\/product"}],"about":[{"href":"https:\/\/renovepro.com.ar\/index.php\/wp-json\/wp\/v2\/types\/product"}],"replies":[{"embeddable":true,"href":"https:\/\/renovepro.com.ar\/index.php\/wp-json\/wp\/v2\/comments?post=2777"}],"wp:featuredmedia":[{"embeddable":true,"href":"https:\/\/renovepro.com.ar\/index.php\/wp-json\/wp\/v2\/media\/2778"}],"wp:attachment":[{"href":"https:\/\/renovepro.com.ar\/index.php\/wp-json\/wp\/v2\/media?parent=2777"}],"wp:term":[{"taxonomy":"product_brand","embeddable":true,"href":"https:\/\/renovepro.com.ar\/index.php\/wp-json\/wp\/v2\/product_brand?post=2777"},{"taxonomy":"product_cat","embeddable":true,"href":"https:\/\/renovepro.com.ar\/index.php\/wp-json\/wp\/v2\/product_cat?post=2777"},{"taxonomy":"product_tag","embeddable":true,"href":"https:\/\/renovepro.com.ar\/index.php\/wp-json\/wp\/v2\/product_tag?post=2777"}],"curies":[{"name":"wp","href":"https:\/\/api.w.org\/{rel}","templated":true}]}}