{"id":2766,"date":"2022-12-17T23:56:07","date_gmt":"2022-12-17T23:56:07","guid":{"rendered":"http:\/\/renovepro.com.ar\/?post_type=product&#038;p=2766"},"modified":"2025-10-27T18:12:40","modified_gmt":"2025-10-27T18:12:40","slug":"crema-oxidante-40vol-mas-belleza","status":"publish","type":"product","link":"https:\/\/renovepro.com.ar\/index.php\/product\/crema-oxidante-40vol-mas-belleza\/","title":{"rendered":"CREMA OXIDANTE 40VOL &#8211; MAS BELLEZA"},"content":{"rendered":"<p><strong>CREMA OXIDANTE 40VOL &#8211; MAS BELLEZA<\/strong><\/p>\n<p>Crema Oxidante Mas Belleza x 40 Vol\u00famenes con Plex. Uso Profesional<\/p>\n<p><strong>MODO DE USO:<\/strong> Mezcle la Totalidad del contenido del pomo de Coloraci\u00f3n Profesional dentro de este envase. Proceda a homogeneizar la mezcla y aplique sobre el Cabello siguiendo las instrucciones de la Coloraci\u00f3n. Lea las indicaciones de uso antes de la aplicaci\u00f3n y proceda solo como est\u00e1 indicado.<\/p>\n<p><strong>PRECAUCIONES DE EMPLEO: <\/strong>Contiene Per\u00f3xido de Hidr\u00f3geno. Evite el contacto con los ojos, si esto sucede enju\u00e1guelos inmediatamente con agua en abundancia. De ser necesario consultar a un m\u00e9dico. Utilice guantes adecuados durante el uso. Mantener fuera del alcance de los ni\u00f1os.<\/p>\n<p><strong>CONT. NETO:<\/strong> 2000ml.<\/p>\n<div class=\"modo_empleo\">\n<div><strong>MEDIOS DE PAGO:<\/strong>\u00a0Pago por transferencia (Alias RENOVEPRO) &#8211; Mercado Pago &#8211; Tarjetas de cr\u00e9dito (Visa &#8211; MasterCard &#8211; American Express &#8211; Naranja &#8211; Banco Rioja) &#8211; Tarjetas de Debito (Cabal &#8211; Maestro &#8211; Visa &#8211; Banco Rioja) &#8211; GO Cuotas<\/div>\n<div><\/div>\n<\/div>\n<p><span class=\"text-accent\"><span class=\"x19la9d6 x1fc57z9 x6ikm8r x10wlt62 x19co3pv x1g5zs5t xfibh0p xiy17q3 x1xsqp64 x1lkfr7t xexx8yu x4uap5 x18d9i69 xkhd6sd\"><span class=\"xrtxmta x1bhl96m\">\ud83d\ude9b\u00a0<\/span><\/span><strong>ENVIO GRATIS<\/strong><\/span>\u00a0en la provincia de La Rioja,\u00a0<span class=\"js-shipping-minimum-label\">superando\u00a0<\/span><span class=\"js-shipping-minimum-label\">los $150.000,00. El envi\u00f3 para otras provincias ser\u00e1 por correo argentino o por transporte a convenir, a cargo del comprador.\u00a0<\/span><\/p>\n","protected":false},"excerpt":{"rendered":"<p>CREMA OXIDANTE 40VOL &#8211; MAS BELLEZA Crema Oxidante Mas Belleza x 40 Vol\u00famenes con Plex. Uso Profesional MODO DE USO: Mezcle la Totalidad del contenido del pomo de Coloraci\u00f3n Profesional dentro de<a class=\"moretag\" href=\"https:\/\/renovepro.com.ar\/index.php\/product\/crema-oxidante-40vol-mas-belleza\/\">Read More&#8230;<\/a><\/p>\n","protected":false},"featured_media":4672,"comment_status":"open","ping_status":"closed","template":"","meta":[],"product_brand":[],"product_cat":[62],"product_tag":[],"class_list":{"0":"post-2766","1":"product","2":"type-product","3":"status-publish","4":"has-post-thumbnail","6":"product_cat-tinturas-oxidantes","8":"first","9":"instock","10":"sale","11":"shipping-taxable","12":"purchasable","13":"product-type-simple"},"jetpack_sharing_enabled":true,"_links":{"self":[{"href":"https:\/\/renovepro.com.ar\/index.php\/wp-json\/wp\/v2\/product\/2766","targetHints":{"allow":["GET"]}}],"collection":[{"href":"https:\/\/renovepro.com.ar\/index.php\/wp-json\/wp\/v2\/product"}],"about":[{"href":"https:\/\/renovepro.com.ar\/index.php\/wp-json\/wp\/v2\/types\/product"}],"replies":[{"embeddable":true,"href":"https:\/\/renovepro.com.ar\/index.php\/wp-json\/wp\/v2\/comments?post=2766"}],"wp:featuredmedia":[{"embeddable":true,"href":"https:\/\/renovepro.com.ar\/index.php\/wp-json\/wp\/v2\/media\/4672"}],"wp:attachment":[{"href":"https:\/\/renovepro.com.ar\/index.php\/wp-json\/wp\/v2\/media?parent=2766"}],"wp:term":[{"taxonomy":"product_brand","embeddable":true,"href":"https:\/\/renovepro.com.ar\/index.php\/wp-json\/wp\/v2\/product_brand?post=2766"},{"taxonomy":"product_cat","embeddable":true,"href":"https:\/\/renovepro.com.ar\/index.php\/wp-json\/wp\/v2\/product_cat?post=2766"},{"taxonomy":"product_tag","embeddable":true,"href":"https:\/\/renovepro.com.ar\/index.php\/wp-json\/wp\/v2\/product_tag?post=2766"}],"curies":[{"name":"wp","href":"https:\/\/api.w.org\/{rel}","templated":true}]}}