{"id":2680,"date":"2022-11-19T23:34:10","date_gmt":"2022-11-19T23:34:10","guid":{"rendered":"http:\/\/renovepro.com.ar\/?post_type=product&#038;p=2680"},"modified":"2025-10-27T18:34:12","modified_gmt":"2025-10-27T18:34:12","slug":"serum-reparador-keratotal-bellissima-2","status":"publish","type":"product","link":"https:\/\/renovepro.com.ar\/index.php\/product\/serum-reparador-keratotal-bellissima-2\/","title":{"rendered":"SERUM REPARADOR KERATOTAL &#8211; BELLISSIMA"},"content":{"rendered":"<p><strong>S<\/strong><strong>ERUM REPARADOR KERATOTAL &#8211; BELLISSIMA<\/strong><\/p>\n<p>Nutre, fortalece e hidrata desde el coraz\u00f3n de la fibra. En un solo paso repone la keratina perdida por agresiones qu\u00edmicas (tintes, permanentes, alisados) y mec\u00e1nicas (brushing). El cabello lucir\u00e1 mas vital, flexible y con brillo intenso.<\/p>\n<p><strong>MODO DE USO:<\/strong>\u00a0aplicar una peque\u00f1a cantidad sobre las palmas de las manos, frotarlas y aplicar sobre el cabello h\u00famedo o seco masajeando ligeramente.\u00a0No enjuagar.\u00a0Peinar de manera habitual. Puede utilizarse en cualquier momento del d\u00eda ya que no necesita enjuague. Coloc\u00e1ndolo antes de realizar el brushing o la planchita act\u00faa como protector t\u00e9rmico y aumenta notablemente el brillo y la suavidad del cabello.<\/p>\n<p><strong>CONT. NETO:<\/strong> 10ml.<\/p>\n<div class=\"modo_empleo\">\n<div><strong>MEDIOS DE PAGO:<\/strong>\u00a0Pago por transferencia (Alias RENOVEPRO) &#8211; Mercado Pago &#8211; Tarjetas de cr\u00e9dito (Visa &#8211; MasterCard &#8211; American Express &#8211; Naranja &#8211; Banco Rioja) &#8211; Tarjetas de Debito (Cabal &#8211; Maestro &#8211; Visa &#8211; Banco Rioja) &#8211; GO Cuotas<\/div>\n<div><\/div>\n<\/div>\n<p><span class=\"text-accent\"><span class=\"x19la9d6 x1fc57z9 x6ikm8r x10wlt62 x19co3pv x1g5zs5t xfibh0p xiy17q3 x1xsqp64 x1lkfr7t xexx8yu x4uap5 x18d9i69 xkhd6sd\"><span class=\"xrtxmta x1bhl96m\">\ud83d\ude9b\u00a0<\/span><\/span><strong>ENVIO GRATIS<\/strong><\/span>\u00a0en la provincia de La Rioja,\u00a0<span class=\"js-shipping-minimum-label\">superando\u00a0<\/span><span class=\"js-shipping-minimum-label\">los $150.000,00. El envi\u00f3 para otras provincias ser\u00e1 por correo argentino o por transporte a convenir, a cargo del comprador.\u00a0<\/span><\/p>\n","protected":false},"excerpt":{"rendered":"<p>SERUM REPARADOR KERATOTAL &#8211; BELLISSIMA Nutre, fortalece e hidrata desde el coraz\u00f3n de la fibra. En un solo paso repone la keratina perdida por agresiones qu\u00edmicas (tintes, permanentes, alisados) y mec\u00e1nicas (brushing).<a class=\"moretag\" href=\"https:\/\/renovepro.com.ar\/index.php\/product\/serum-reparador-keratotal-bellissima-2\/\">Read More&#8230;<\/a><\/p>\n","protected":false},"featured_media":2681,"comment_status":"open","ping_status":"closed","template":"","meta":[],"product_brand":[],"product_cat":[69,61],"product_tag":[],"class_list":{"0":"post-2680","1":"product","2":"type-product","3":"status-publish","4":"has-post-thumbnail","6":"product_cat-modelado-peinado","7":"product_cat-oleos-reparadores","9":"first","10":"instock","11":"sale","12":"shipping-taxable","13":"purchasable","14":"product-type-simple"},"jetpack_sharing_enabled":true,"_links":{"self":[{"href":"https:\/\/renovepro.com.ar\/index.php\/wp-json\/wp\/v2\/product\/2680","targetHints":{"allow":["GET"]}}],"collection":[{"href":"https:\/\/renovepro.com.ar\/index.php\/wp-json\/wp\/v2\/product"}],"about":[{"href":"https:\/\/renovepro.com.ar\/index.php\/wp-json\/wp\/v2\/types\/product"}],"replies":[{"embeddable":true,"href":"https:\/\/renovepro.com.ar\/index.php\/wp-json\/wp\/v2\/comments?post=2680"}],"wp:featuredmedia":[{"embeddable":true,"href":"https:\/\/renovepro.com.ar\/index.php\/wp-json\/wp\/v2\/media\/2681"}],"wp:attachment":[{"href":"https:\/\/renovepro.com.ar\/index.php\/wp-json\/wp\/v2\/media?parent=2680"}],"wp:term":[{"taxonomy":"product_brand","embeddable":true,"href":"https:\/\/renovepro.com.ar\/index.php\/wp-json\/wp\/v2\/product_brand?post=2680"},{"taxonomy":"product_cat","embeddable":true,"href":"https:\/\/renovepro.com.ar\/index.php\/wp-json\/wp\/v2\/product_cat?post=2680"},{"taxonomy":"product_tag","embeddable":true,"href":"https:\/\/renovepro.com.ar\/index.php\/wp-json\/wp\/v2\/product_tag?post=2680"}],"curies":[{"name":"wp","href":"https:\/\/api.w.org\/{rel}","templated":true}]}}