{"id":2657,"date":"2022-11-19T20:42:31","date_gmt":"2022-11-19T20:42:31","guid":{"rendered":"http:\/\/renovepro.com.ar\/?post_type=product&#038;p=2657"},"modified":"2025-12-12T18:24:45","modified_gmt":"2025-12-12T18:24:45","slug":"mascara-capilar-rizos-control-y-definicion-bellissima","status":"publish","type":"product","link":"https:\/\/renovepro.com.ar\/index.php\/product\/mascara-capilar-rizos-control-y-definicion-bellissima\/","title":{"rendered":"MASCARA CAPILAR RIZOS CONTROL Y DEFINICION &#8211; BELLISSIMA"},"content":{"rendered":"<p><strong>MASCARA CAPILAR RIZOS CONTROL Y DEFINICION &#8211; BELLISSIMA<\/strong><\/p>\n<p>La Mascara Capilar Rizos ha sido dise\u00f1ado para mantener la estructura de los cabellos ondulados. Lograras control y definici\u00f3n en tus peinados. Aporta hidrataci\u00f3n, brillo y nutrici\u00f3n. Efecto antifrizz. Su formula esta compuesta con Provit B5, Keratina, Aceite de coco.<\/p>\n<p><strong>MODO DE USO:<\/strong>\u00a0Luego de lavar con shampoo, aplicar una cantidad generosa de la mascarilla sobre todo el cabello. Dejar que penetre durante 5 a 7 minutos. enjuague y proceda a peinar<\/p>\n<p><strong>CONT. NETO:<\/strong> 250g.<\/p>\n<div class=\"modo_empleo\">\n<div><strong>MEDIOS DE PAGO:<\/strong>\u00a0Pago por transferencia (Alias RENOVEPRO) &#8211; Mercado Pago &#8211; Tarjetas de cr\u00e9dito (Visa &#8211; MasterCard &#8211; American Express &#8211; Naranja &#8211; Banco Rioja) &#8211; Tarjetas de Debito (Cabal &#8211; Maestro &#8211; Visa &#8211; Banco Rioja) &#8211; GO Cuotas<\/div>\n<div><\/div>\n<\/div>\n<p><span class=\"text-accent\"><span class=\"x19la9d6 x1fc57z9 x6ikm8r x10wlt62 x19co3pv x1g5zs5t xfibh0p xiy17q3 x1xsqp64 x1lkfr7t xexx8yu x4uap5 x18d9i69 xkhd6sd\"><span class=\"xrtxmta x1bhl96m\">\ud83d\ude9b\u00a0<\/span><\/span><strong>ENVIO GRATIS<\/strong><\/span>\u00a0en la provincia de La Rioja,\u00a0<span class=\"js-shipping-minimum-label\">superando\u00a0<\/span><span class=\"js-shipping-minimum-label\">los $150.000,00. El envi\u00f3 para otras provincias ser\u00e1 por correo argentino o por transporte a convenir, a cargo del comprador.\u00a0<\/span><\/p>\n","protected":false},"excerpt":{"rendered":"<p>MASCARA CAPILAR RIZOS CONTROL Y DEFINICION &#8211; BELLISSIMA La Mascara Capilar Rizos ha sido dise\u00f1ado para mantener la estructura de los cabellos ondulados. Lograras control y definici\u00f3n en tus peinados. Aporta hidrataci\u00f3n,<a class=\"moretag\" href=\"https:\/\/renovepro.com.ar\/index.php\/product\/mascara-capilar-rizos-control-y-definicion-bellissima\/\">Read More&#8230;<\/a><\/p>\n","protected":false},"featured_media":2658,"comment_status":"open","ping_status":"closed","template":"","meta":[],"product_brand":[],"product_cat":[58],"product_tag":[],"class_list":{"0":"post-2657","1":"product","2":"type-product","3":"status-publish","4":"has-post-thumbnail","6":"product_cat-mascaras-capilares","8":"first","9":"instock","10":"sale","11":"shipping-taxable","12":"purchasable","13":"product-type-simple"},"jetpack_sharing_enabled":true,"_links":{"self":[{"href":"https:\/\/renovepro.com.ar\/index.php\/wp-json\/wp\/v2\/product\/2657","targetHints":{"allow":["GET"]}}],"collection":[{"href":"https:\/\/renovepro.com.ar\/index.php\/wp-json\/wp\/v2\/product"}],"about":[{"href":"https:\/\/renovepro.com.ar\/index.php\/wp-json\/wp\/v2\/types\/product"}],"replies":[{"embeddable":true,"href":"https:\/\/renovepro.com.ar\/index.php\/wp-json\/wp\/v2\/comments?post=2657"}],"wp:featuredmedia":[{"embeddable":true,"href":"https:\/\/renovepro.com.ar\/index.php\/wp-json\/wp\/v2\/media\/2658"}],"wp:attachment":[{"href":"https:\/\/renovepro.com.ar\/index.php\/wp-json\/wp\/v2\/media?parent=2657"}],"wp:term":[{"taxonomy":"product_brand","embeddable":true,"href":"https:\/\/renovepro.com.ar\/index.php\/wp-json\/wp\/v2\/product_brand?post=2657"},{"taxonomy":"product_cat","embeddable":true,"href":"https:\/\/renovepro.com.ar\/index.php\/wp-json\/wp\/v2\/product_cat?post=2657"},{"taxonomy":"product_tag","embeddable":true,"href":"https:\/\/renovepro.com.ar\/index.php\/wp-json\/wp\/v2\/product_tag?post=2657"}],"curies":[{"name":"wp","href":"https:\/\/api.w.org\/{rel}","templated":true}]}}