{"id":2641,"date":"2022-11-19T19:11:08","date_gmt":"2022-11-19T19:11:08","guid":{"rendered":"http:\/\/renovepro.com.ar\/?post_type=product&#038;p=2641"},"modified":"2025-12-12T18:26:27","modified_gmt":"2025-12-12T18:26:27","slug":"acondicionador-capilar-btx-bellissima","status":"publish","type":"product","link":"https:\/\/renovepro.com.ar\/index.php\/product\/acondicionador-capilar-btx-bellissima\/","title":{"rendered":"ACONDICIONADOR CAPILAR BTX &#8211; BELLISSIMA"},"content":{"rendered":"<p><strong>ACONDICIONADOR CAPILAR BTX &#8211; BELLISSIMA<\/strong><\/p>\n<p>El Acondicionador Capilar BTX es cuidada combinaci\u00f3n de Arginina. Keratina y \u00e1cido Hialur\u00f3nico, otorgan a este tratamiento caracter\u00edsticas \u00fanicas. Las principales propiedades de este tratamiento son la restructuraci\u00f3n capilar, la nutrici\u00f3n y el fortalecimiento del cabello. Fortaleciendo desde su interior, la cabellera se re densifica y activa el brillo de la fibra capilar, haciendo que el cabello se vea m\u00e1s joven.<\/p>\n<p><strong>MODO DE USO: <\/strong>Despu\u00e9s de lavar el cabello, aplicar sobre el cabello h\u00famedo y masajear desde el cuero cabelludo hacia las puntas. Enjuagar y repetir el proceso en caso de ser necesario.<\/p>\n<p><strong>CONT. NETO:<\/strong> 270ml.<\/p>\n<div class=\"modo_empleo\">\n<div><strong>MEDIOS DE PAGO:<\/strong>\u00a0Pago por transferencia (Alias RENOVEPRO) &#8211; Mercado Pago &#8211; Tarjetas de cr\u00e9dito (Visa &#8211; MasterCard &#8211; American Express &#8211; Naranja &#8211; Banco Rioja) &#8211; Tarjetas de Debito (Cabal &#8211; Maestro &#8211; Visa &#8211; Banco Rioja) &#8211; GO Cuotas<\/div>\n<div><\/div>\n<\/div>\n<p><span class=\"text-accent\"><span class=\"x19la9d6 x1fc57z9 x6ikm8r x10wlt62 x19co3pv x1g5zs5t xfibh0p xiy17q3 x1xsqp64 x1lkfr7t xexx8yu x4uap5 x18d9i69 xkhd6sd\"><span class=\"xrtxmta x1bhl96m\">\ud83d\ude9b\u00a0<\/span><\/span><strong>ENVIO GRATIS<\/strong><\/span>\u00a0en la provincia de La Rioja,\u00a0<span class=\"js-shipping-minimum-label\">superando\u00a0<\/span><span class=\"js-shipping-minimum-label\">los $150.000,00. El envi\u00f3 para otras provincias ser\u00e1 por correo argentino o por transporte a convenir, a cargo del comprador.\u00a0<\/span><\/p>\n<p>&nbsp;<\/p>\n","protected":false},"excerpt":{"rendered":"<p>ACONDICIONADOR CAPILAR BTX &#8211; BELLISSIMA El Acondicionador Capilar BTX es cuidada combinaci\u00f3n de Arginina. Keratina y \u00e1cido Hialur\u00f3nico, otorgan a este tratamiento caracter\u00edsticas \u00fanicas. Las principales propiedades de este tratamiento son la<a class=\"moretag\" href=\"https:\/\/renovepro.com.ar\/index.php\/product\/acondicionador-capilar-btx-bellissima\/\">Read More&#8230;<\/a><\/p>\n","protected":false},"featured_media":2642,"comment_status":"open","ping_status":"closed","template":"","meta":[],"product_brand":[],"product_cat":[60],"product_tag":[],"class_list":{"0":"post-2641","1":"product","2":"type-product","3":"status-publish","4":"has-post-thumbnail","6":"product_cat-shampoo-acondicionador","8":"first","9":"instock","10":"sale","11":"shipping-taxable","12":"purchasable","13":"product-type-simple"},"jetpack_sharing_enabled":true,"_links":{"self":[{"href":"https:\/\/renovepro.com.ar\/index.php\/wp-json\/wp\/v2\/product\/2641","targetHints":{"allow":["GET"]}}],"collection":[{"href":"https:\/\/renovepro.com.ar\/index.php\/wp-json\/wp\/v2\/product"}],"about":[{"href":"https:\/\/renovepro.com.ar\/index.php\/wp-json\/wp\/v2\/types\/product"}],"replies":[{"embeddable":true,"href":"https:\/\/renovepro.com.ar\/index.php\/wp-json\/wp\/v2\/comments?post=2641"}],"wp:featuredmedia":[{"embeddable":true,"href":"https:\/\/renovepro.com.ar\/index.php\/wp-json\/wp\/v2\/media\/2642"}],"wp:attachment":[{"href":"https:\/\/renovepro.com.ar\/index.php\/wp-json\/wp\/v2\/media?parent=2641"}],"wp:term":[{"taxonomy":"product_brand","embeddable":true,"href":"https:\/\/renovepro.com.ar\/index.php\/wp-json\/wp\/v2\/product_brand?post=2641"},{"taxonomy":"product_cat","embeddable":true,"href":"https:\/\/renovepro.com.ar\/index.php\/wp-json\/wp\/v2\/product_cat?post=2641"},{"taxonomy":"product_tag","embeddable":true,"href":"https:\/\/renovepro.com.ar\/index.php\/wp-json\/wp\/v2\/product_tag?post=2641"}],"curies":[{"name":"wp","href":"https:\/\/api.w.org\/{rel}","templated":true}]}}