{"id":2609,"date":"2022-11-19T00:21:52","date_gmt":"2022-11-19T00:21:52","guid":{"rendered":"http:\/\/renovepro.com.ar\/?post_type=product&#038;p=2609"},"modified":"2025-10-27T19:29:08","modified_gmt":"2025-10-27T19:29:08","slug":"protector-termico-capilar-bellissima","status":"publish","type":"product","link":"https:\/\/renovepro.com.ar\/index.php\/product\/protector-termico-capilar-bellissima\/","title":{"rendered":"PROTECTOR TERMICO CAPILAR &#8211; BELLISSIMA"},"content":{"rendered":"<p><strong>PROTECTOR TERMICO CAPILAR &#8211; BELLISSIMA<\/strong><\/p>\n<p>Las siliconas del fluido termoprotector bell\u00edsima forman un delgado film protector que rodea la fibra capilar y mejora la transferencia de calor hacia el cabello. Este efecto logra disminuir la perdida de humedad dentro de la estructura capilar evitando el ablandamiento de la keratina y que el cabello se da\u00f1e. La combinaci\u00f3n exacta de aceite de arg\u00e1n y macadamia aportan propiedades nutritivas abrillantadoras y de hidrataci\u00f3n \u00fanicas. El filtro solar y la vitamina e tienen efecto anti-age.<\/p>\n<p><strong>MODO DE USO: <\/strong>Lavar y acondicionar el cabello de forma habitual. Aplicar sobre el cabello seco vaporizando a 25 cm de distancia. Proceda a realizar el tratamiento utilizando planchita o buclera.<\/p>\n<p><strong>CONT. NETO:<\/strong> 125ml.<\/p>\n<div class=\"modo_empleo\">\n<div><strong>MEDIOS DE PAGO:<\/strong>\u00a0Pago por transferencia (Alias RENOVEPRO) &#8211; Mercado Pago &#8211; Tarjetas de cr\u00e9dito (Visa &#8211; MasterCard &#8211; American Express &#8211; Naranja &#8211; Banco Rioja) &#8211; Tarjetas de Debito (Cabal &#8211; Maestro &#8211; Visa &#8211; Banco Rioja) &#8211; GO Cuotas<\/div>\n<div><\/div>\n<\/div>\n<p><span class=\"text-accent\"><span class=\"x19la9d6 x1fc57z9 x6ikm8r x10wlt62 x19co3pv x1g5zs5t xfibh0p xiy17q3 x1xsqp64 x1lkfr7t xexx8yu x4uap5 x18d9i69 xkhd6sd\"><span class=\"xrtxmta x1bhl96m\">\ud83d\ude9b\u00a0<\/span><\/span><strong>ENVIO GRATIS<\/strong><\/span>\u00a0en la provincia de La Rioja,\u00a0<span class=\"js-shipping-minimum-label\">superando\u00a0<\/span><span class=\"js-shipping-minimum-label\">los $150.000,00. El envi\u00f3 para otras provincias ser\u00e1 por correo argentino o por transporte a convenir, a cargo del comprador.\u00a0<\/span><\/p>\n<p>&nbsp;<\/p>\n","protected":false},"excerpt":{"rendered":"<p>PROTECTOR TERMICO CAPILAR &#8211; BELLISSIMA Las siliconas del fluido termoprotector bell\u00edsima forman un delgado film protector que rodea la fibra capilar y mejora la transferencia de calor hacia el cabello. Este efecto<a class=\"moretag\" href=\"https:\/\/renovepro.com.ar\/index.php\/product\/protector-termico-capilar-bellissima\/\">Read More&#8230;<\/a><\/p>\n","protected":false},"featured_media":2610,"comment_status":"open","ping_status":"closed","template":"","meta":[],"product_brand":[],"product_cat":[63],"product_tag":[],"class_list":{"0":"post-2609","1":"product","2":"type-product","3":"status-publish","4":"has-post-thumbnail","6":"product_cat-protectores-capilares","8":"first","9":"instock","10":"sale","11":"shipping-taxable","12":"purchasable","13":"product-type-simple"},"jetpack_sharing_enabled":true,"_links":{"self":[{"href":"https:\/\/renovepro.com.ar\/index.php\/wp-json\/wp\/v2\/product\/2609","targetHints":{"allow":["GET"]}}],"collection":[{"href":"https:\/\/renovepro.com.ar\/index.php\/wp-json\/wp\/v2\/product"}],"about":[{"href":"https:\/\/renovepro.com.ar\/index.php\/wp-json\/wp\/v2\/types\/product"}],"replies":[{"embeddable":true,"href":"https:\/\/renovepro.com.ar\/index.php\/wp-json\/wp\/v2\/comments?post=2609"}],"wp:featuredmedia":[{"embeddable":true,"href":"https:\/\/renovepro.com.ar\/index.php\/wp-json\/wp\/v2\/media\/2610"}],"wp:attachment":[{"href":"https:\/\/renovepro.com.ar\/index.php\/wp-json\/wp\/v2\/media?parent=2609"}],"wp:term":[{"taxonomy":"product_brand","embeddable":true,"href":"https:\/\/renovepro.com.ar\/index.php\/wp-json\/wp\/v2\/product_brand?post=2609"},{"taxonomy":"product_cat","embeddable":true,"href":"https:\/\/renovepro.com.ar\/index.php\/wp-json\/wp\/v2\/product_cat?post=2609"},{"taxonomy":"product_tag","embeddable":true,"href":"https:\/\/renovepro.com.ar\/index.php\/wp-json\/wp\/v2\/product_tag?post=2609"}],"curies":[{"name":"wp","href":"https:\/\/api.w.org\/{rel}","templated":true}]}}